{"id":933,"date":"2015-12-09T12:34:46","date_gmt":"2015-12-09T16:34:46","guid":{"rendered":"http:\/\/panamericanlanguage.com\/es\/?page_id=933"},"modified":"2015-12-09T12:34:46","modified_gmt":"2015-12-09T16:34:46","slug":"blackfriday","status":"publish","type":"page","link":"https:\/\/panamericanlanguage.com\/es\/blackfriday\/","title":{"rendered":"**Black Friday 2017**"},"content":{"rendered":"<div dir=\"ltr\">\n<div id=\"divtagdefaultwrapper\">\n<div lang=\"EN-US\">\n<h1 style=\"text-align: center;\"><span style=\"color: #ff0000;\"><strong>\u00a1Aprovecha todos los ahorros que tenemos para ti en<\/strong><\/span><\/h1>\n<h1 style=\"text-align: center;\"><strong><span style=\"color: #ff0000;\"><span style=\"color: #000000;\">BLACK FRIDAY!!!<\/span><\/span><\/strong><\/h1>\n<p>Nuestros pr\u00f3ximos\u00a0cursos grupales para adultos (18+) est\u00e1n pautados para comenzar en\u00a0<strong>ENERO 2018.\u00a0<\/strong>\u00a0Se\u00a0ofrecer\u00e1n\u00a0en nuestras facilidades o mediante el Servicio Live Online (sujeto a disponibilidad).\u00a0\u00a0A continuaci\u00f3n encontrar\u00e1s el detalle de las fechas de comienzo, fechas de terminaci\u00f3n, d\u00edas y horarios:<\/p>\n<div>\n<div>\n<div>\n<h2 style=\"text-align: center;\"><strong>Lunes y Mi\u00e9rcoles<\/strong><\/h2>\n<p style=\"text-align: center;\"><strong><em><\/em><\/strong><strong><em><span style=\"text-decoration: underline;\">29 de enero al 16 de mayo<\/span><\/em><\/strong><\/p>\n<p style=\"text-align: center;\">9:30am \u2013 11:00am o 1:00pm \u2013 2:30pm<\/p>\n<p style=\"text-align: center;\">5:30pm \u2013 7:00pm o 7:00pm \u2013 8:30pm<\/p>\n<h2 style=\"text-align: center;\"><strong>Martes y Jueves<\/strong><\/h2>\n<p style=\"text-align: center;\"><strong><em><span style=\"text-decoration: underline;\">30 de enero al 15 de mayo<\/span><\/em><\/strong><\/p>\n<p style=\"text-align: center;\">9:30am \u2013 11:00am o 1:00pm \u2013 2:30pm<\/p>\n<p style=\"text-align: center;\">5:30pm \u2013 7:00pm o 7:00pm \u2013 8:30pm<strong><em><span style=\"text-decoration: underline;\">\u00a0<\/span><\/em><\/strong><\/p>\n<h2 style=\"text-align: center;\"><strong>S\u00e1bado<\/strong><\/h2>\n<p style=\"text-align: center;\"><strong><em><span style=\"text-decoration: underline;\">27 de enero al 12 de mayo<\/span><\/em><\/strong><\/p>\n<p style=\"text-align: center;\">9:00am \u2013 12:15pm o 2:00pm \u2013 5:15pm<\/p>\n<\/div>\n<div>\n<p style=\"text-align: justify;\">El pr\u00f3ximo paso es coordinar una cita para la evaluaci\u00f3n de colocaci\u00f3n. Si decides no matricularte ese d\u00eda entonces la evaluaci\u00f3n (v\u00e1lida por un a\u00f1o) tendr\u00eda un costo de $25.00 que se acredita al registro cuando te matricules.<\/p>\n<\/div>\n<\/div>\n<div>\n<div>\n<div>\n<p>Para el pago tienes varias opciones:<\/p>\n<\/div>\n<div>\n<p style=\"text-align: justify;\">1.\u00a0<strong>BLACK FRIDAY\u00a0<\/strong><span style=\"color: #ff0000;\"><strong>($680 libros incluidos!)<\/strong><\/span>: Si pagas la totalidad del curso en <strong>BLACK FRIDAY<\/strong>, recibes la Boleta de admisi\u00f3n (sin condici\u00f3n alguna), separas tu espacio y no tendr\u00edas que regresar hasta el primer d\u00eda de clases. As\u00ed ahorras $95 del precio regular, $50 del plan de pago, $85 si eres rematricula (costo total ser\u00eda: <span style=\"color: #000000;\"><strong>$595<\/strong><\/span>) y no tendr\u00edas que comprar los libros. \u00a0El valor de los libros es de un m\u00e1ximo de $70 dependiendo tu curso. \u00a0ESTA OPCI\u00d3N ES V\u00c1LIDA SOLO EL 24 DE NOVIEMBRE DE 2017 DESDE LAS 9am HASTA LAS 5:30pm.<\/p>\n<p style=\"text-align: justify;\">2.<strong> ESPECIAL DE NAVIDAD\u00a0<\/strong><span style=\"color: #ff0000;\"><strong>($680)<\/strong><\/span>: Si pagas la totalidad recibes la Boleta de admisi\u00f3n (sin condici\u00f3n alguna), separas tu espacio y no tendr\u00edas que regresar hasta el primer d\u00eda de clases. As\u00ed ahorras $95 del precio regular, $50 del plan de pago y $85 si eres rematricula (costo total ser\u00eda:\u00a0<strong>$595<\/strong>).\u00a0\u00a0<span style=\"text-decoration: underline;\">ESTA OPCI\u00d3N ES V\u00c1LIDA SOLO HASTA EL 15 DE\u00a0DICIEMBRE DE 2017.<\/span><\/p>\n<\/div>\n<\/div>\n<div>\n<div>\n<div>\n<p style=\"text-align: justify;\">3.\u00a0<strong>PRECIO REGULAR\u00a0<\/strong><span style=\"color: #ff0000;\"><strong>($775)<\/strong><\/span><strong>:<\/strong>\u00a0\u00a0Si pagas la totalidad recibes la Boleta de admisi\u00f3n (sin condici\u00f3n alguna), separas tu espacio y no tendr\u00edas que regresar hasta el primer d\u00eda de clases. As\u00ed ahorras $50 del plan de pago\u00a0y\u00a0$85 si eres rematricula (costo total ser\u00eda:\u00a0<strong>$690<\/strong>).\u00a0Tambi\u00e9n, podr\u00e1s separar el asiento con $307.50 y saldar balance de $467.50 ANTES del\u00a0<span style=\"text-decoration: underline;\">19 de enero de 2018<\/span>\u00a0(Despu\u00e9s\u00a0de esta fecha tu asiento estar\u00e1 disponible y podr\u00e1s perderlo).\u00a0<strong>Para levantar la condici\u00f3n tendr\u00e1s que traer<\/strong><strong>\u00a0\u00a0<\/strong><strong>la Boleta de Admisi\u00f3n al saldar el curso. No se puede hacer el pago por tel\u00e9fono.\u00a0<\/strong><\/p>\n<\/div>\n<\/div>\n<div>\n<div>\n<p style=\"text-align: justify;\">4.\u00a0<strong>PLAN DE PAGO\u00a0<\/strong><span style=\"color: #ff0000;\"><strong>($825)<\/strong><\/span><strong>:<\/strong>\u00a0Puedes separar asiento con $307.50 y luego hacer tres (3) pagos\u00a0mensuales de $172.50. Para el Plan de pago se requiere evidencia de\u00a0<strong>DOS<\/strong>\u00a0cuentas distintas como garant\u00eda.\u00a0Las mismas pueden ser: tarjeta de cr\u00e9dito (Visa, MC, AMEX) y\/o evidencia de cuenta de banco (estado de cuenta o cheque VOID).\u00a0Es importante que las garant\u00edas no sean de la misma cuenta. \u00a0Por ejemplo, no podr\u00edas traer una ATH con logo VISA + Estado de Cuenta de esa misma ATH. \u00a0Tendr\u00edan\u00a0que ser dos garant\u00edas de cuentas independientes y traer todo esto al momento\u00a0de llenar el\u00a0<strong>contrato de plan de pago<\/strong>. Este servicio del\u00a0Plan de Pago conlleva un cargo de $50 y ya est\u00e1 incluido en el desglose de los 4 plazos.<\/p>\n<\/div>\n<\/div>\n<\/div>\n<\/div>\n<\/div>\n<div>\n<p style=\"text-align: justify;\"><strong>Todo estudiante que haya tomado cursos con PanAmerican Language recibe un DESCUENTO ADICIONAL de\u00a0$85\u00a0por concepto de Registro.<\/strong><\/p>\n<\/div>\n<div>\n<div>\n<div>\n<p>Tenemos Centros en San Patricio y en Caguas. Adjunto el enlace con los mapas:\u00a0<a href=\"http:\/\/panamericanlanguage.com\/es\/localidades\" target=\"_blank\" rel=\"noopener\">http:\/\/panamericanlanguage.com\/es\/localidades<\/a><\/p>\n<\/div>\n<\/div>\n<div>\n<p>Adjunto el video explicativo del Servicio LiveOnline:\u00a0<a href=\"https:\/\/youtu.be\/LOSxRVyIOKY\">https:\/\/youtu.be\/LOSxRVyIOKY<\/a><\/p>\n<\/div>\n<div>\n<div>\n<p>Si tiene alguna duda, pregunta o comentario en confianza puede contactarnos.<\/p>\n<\/div>\n<\/div>\n<\/div>\n<\/div>\n<\/div>\n<div dir=\"ltr\">\n<p style=\"text-align: justify;\">El pr\u00f3ximo paso es coordinar una cita para la evaluaci\u00f3n. \u00a0Para coordinarla: <a style=\"text-align: justify;\" title=\"Cita para Evaluaci\u00f3n\" href=\"http:\/\/panamericanlanguage.com\/es\/coordinar-cita-para-evaluacion\">Haz click aqu\u00ed<\/a><\/p>\n<\/div>\n<\/div>\n","protected":false},"excerpt":{"rendered":"<p>\u00a1Aprovecha todos los ahorros que tenemos para ti en BLACK FRIDAY!!! Nuestros pr\u00f3ximos\u00a0cursos grupales para adultos (18+) est\u00e1n pautados para comenzar en\u00a0ENERO 2018.\u00a0\u00a0Se\u00a0ofrecer\u00e1n\u00a0en nuestras facilidades o mediante el Servicio Live Online (sujeto a disponibilidad).\u00a0\u00a0A continuaci\u00f3n encontrar\u00e1s el detalle de las fechas de comienzo, fechas de terminaci\u00f3n, d\u00edas y horarios: Lunes y Mi\u00e9rcoles 29 de enero<\/p>\n","protected":false},"author":3,"featured_media":0,"parent":0,"menu_order":0,"comment_status":"open","ping_status":"open","template":"","meta":{"footnotes":""},"class_list":["post-933","page","type-page","status-publish","hentry"],"aioseo_notices":[],"_links":{"self":[{"href":"https:\/\/panamericanlanguage.com\/es\/wp-json\/wp\/v2\/pages\/933","targetHints":{"allow":["GET"]}}],"collection":[{"href":"https:\/\/panamericanlanguage.com\/es\/wp-json\/wp\/v2\/pages"}],"about":[{"href":"https:\/\/panamericanlanguage.com\/es\/wp-json\/wp\/v2\/types\/page"}],"author":[{"embeddable":true,"href":"https:\/\/panamericanlanguage.com\/es\/wp-json\/wp\/v2\/users\/3"}],"replies":[{"embeddable":true,"href":"https:\/\/panamericanlanguage.com\/es\/wp-json\/wp\/v2\/comments?post=933"}],"version-history":[{"count":0,"href":"https:\/\/panamericanlanguage.com\/es\/wp-json\/wp\/v2\/pages\/933\/revisions"}],"wp:attachment":[{"href":"https:\/\/panamericanlanguage.com\/es\/wp-json\/wp\/v2\/media?parent=933"}],"curies":[{"name":"wp","href":"https:\/\/api.w.org\/{rel}","templated":true}]}}