{"id":9207,"date":"2025-02-27T17:25:27","date_gmt":"2025-02-27T21:25:27","guid":{"rendered":"https:\/\/panamericanlanguage.com\/?page_id=9207"},"modified":"2025-03-07T13:58:58","modified_gmt":"2025-03-07T17:58:58","slug":"checkin","status":"publish","type":"page","link":"https:\/\/panamericanlanguage.com\/es\/checkin\/","title":{"rendered":"Sorteo Check In"},"content":{"rendered":"<p>[vc_section full_width=&#8221;stretch_row&#8221; css=&#8221;.vc_custom_1701374033920{margin-top: 30px !important;padding-top: 50px !important;padding-bottom: 50px !important;background-color: #ffffff !important;}&#8221;][vc_row full_width=&#8221;stretch_row&#8221; equal_height=&#8221;yes&#8221; content_placement=&#8221;top&#8221; css_animation=&#8221;slideInRight&#8221; css=&#8221;.vc_custom_1668100371793{background-image: url(https:\/\/panamericanlanguage.com\/wp-content\/uploads\/2022\/11\/PANAMARILANGLOGOgris.png?id=7165) !important;}&#8221;][vc_column width=&#8221;1\/2&#8243;][vc_custom_heading stm_title_font_weight=&#8221;700&#8243; text=&#8221;\u00a1Haz Check In!&#8221; use_theme_fonts=&#8221;yes&#8221; subtitle=&#8221;Al matricularte podras ganar los libros de tu curso&#8221;][vc_column_text]<\/p>\n<p style=\"text-align: left;\">Solo tienes que tomarte una foto al matricularte, subirla a las redes sociales (Facebook, Instagram, X, Threads o TikTok), hacer &#8220;check in&#8221; o etiquetar (tag) a PanAmerican Language. Tu post deber\u00e1 ser motivacional para inspirar a tus seguidores con tu ejemplo. P\u00eddeles que le den like, share o comenten porque&#8230;<\/p>\n<p><strong>\u00a1El post que tenga mas tr\u00e1fico ser\u00e1 el ganador!<\/strong>[\/vc_column_text][vc_column_text]Reglas para el sorteo de Check In:<\/p>\n<p>1. Habr\u00e1 un ganador en cada horario de clases por cada comienzo de curso.<\/p>\n<p>2. El ganador ser\u00e1 anunciado el primer d\u00eda de clases, este no podr\u00e1 estar ausente y deber\u00e1 acceder a tomarse una foto para las redes sociales.<\/p>\n<p>3. El post tiene que tener el hashtag #aquisiseaprende<\/p>\n<p>4. Si el participante ganador ya tiene sus libros, entonces el pr\u00f3ximo con mas tr\u00e1fico ser\u00e1 el ganador.<\/p>\n<p>5. En caso que el participante ya tenga un libro y se le hayan asignado DOS (2) libros, recibir\u00e1 solamente el libro que NO tiene en su posesi\u00f3n.<\/p>\n<p>6. Si en alg\u00fan horario no hubo participantes, no habr\u00e1 ganador.<\/p>\n<p>7. Si el ganador se cambia de grupo y hay cambio de libro, este tendr\u00e1 que comprar el libro del nuevo grupo.<\/p>\n<p>8. Si el estudiante es 100% LiveOnline y no desea pasar a recoger su libro, deber\u00e1 pagar por el env\u00edo. Estos participantes tendr\u00e1n que tomarse una foto tomando su clase en vivo y enviarla a administracion@panamericanlanguage.com[\/vc_column_text][\/vc_column][vc_column width=&#8221;1\/2&#8243;][vc_single_image image=&#8221;9224&#8243; img_size=&#8221;full&#8221; onclick=&#8221;zoom&#8221;][\/vc_column][\/vc_row][\/vc_section][vc_section full_width=&#8221;stretch_row&#8221; css=&#8221;.vc_custom_1681760465816{margin-top: 0px !important;padding-top: 60px !important;padding-bottom: 50px !important;background-color: #ffffff !important;}&#8221;][vc_row css=&#8221;.vc_custom_1681760283879{background-color: #ffffff !important;}&#8221;][vc_column][vc_single_image image=&#8221;7085&#8243; img_size=&#8221;800&#215;192&#8243; alignment=&#8221;center&#8221;][\/vc_column][\/vc_row][\/vc_section]<\/p>\n","protected":false},"excerpt":{"rendered":"<p>[vc_section full_width=&#8221;stretch_row&#8221; css=&#8221;.vc_custom_1701374033920{margin-top: 30px !important;padding-top: 50px !important;padding-bottom: 50px !important;background-color: #ffffff !important;}&#8221;][vc_row full_width=&#8221;stretch_row&#8221; equal_height=&#8221;yes&#8221; content_placement=&#8221;top&#8221; css_animation=&#8221;slideInRight&#8221; css=&#8221;.vc_custom_1668100371793{background-image: url(https:\/\/panamericanlanguage.com\/wp-content\/uploads\/2022\/11\/PANAMARILANGLOGOgris.png?id=7165) !important;}&#8221;][vc_column width=&#8221;1\/2&#8243;][vc_custom_heading stm_title_font_weight=&#8221;700&#8243; text=&#8221;\u00a1Haz Check In!&#8221; use_theme_fonts=&#8221;yes&#8221; subtitle=&#8221;Al matricularte podras ganar los libros de tu curso&#8221;][vc_column_text] Solo tienes que tomarte una foto al matricularte, subirla a las redes sociales (Facebook, Instagram, X, Threads o TikTok), hacer &#8220;check in&#8221;<\/p>\n","protected":false},"author":2,"featured_media":0,"parent":0,"menu_order":0,"comment_status":"closed","ping_status":"closed","template":"","meta":{"footnotes":""},"class_list":["post-9207","page","type-page","status-publish","hentry"],"aioseo_notices":[],"_links":{"self":[{"href":"https:\/\/panamericanlanguage.com\/es\/wp-json\/wp\/v2\/pages\/9207","targetHints":{"allow":["GET"]}}],"collection":[{"href":"https:\/\/panamericanlanguage.com\/es\/wp-json\/wp\/v2\/pages"}],"about":[{"href":"https:\/\/panamericanlanguage.com\/es\/wp-json\/wp\/v2\/types\/page"}],"author":[{"embeddable":true,"href":"https:\/\/panamericanlanguage.com\/es\/wp-json\/wp\/v2\/users\/2"}],"replies":[{"embeddable":true,"href":"https:\/\/panamericanlanguage.com\/es\/wp-json\/wp\/v2\/comments?post=9207"}],"version-history":[{"count":9,"href":"https:\/\/panamericanlanguage.com\/es\/wp-json\/wp\/v2\/pages\/9207\/revisions"}],"predecessor-version":[{"id":9247,"href":"https:\/\/panamericanlanguage.com\/es\/wp-json\/wp\/v2\/pages\/9207\/revisions\/9247"}],"wp:attachment":[{"href":"https:\/\/panamericanlanguage.com\/es\/wp-json\/wp\/v2\/media?parent=9207"}],"curies":[{"name":"wp","href":"https:\/\/api.w.org\/{rel}","templated":true}]}}