{"id":8786,"date":"2026-01-12T15:54:59","date_gmt":"2026-01-12T19:54:59","guid":{"rendered":"https:\/\/panamericanlanguage.com\/?page_id=8786"},"modified":"2026-01-12T15:54:59","modified_gmt":"2026-01-12T19:54:59","slug":"palisummercamp","status":"publish","type":"page","link":"https:\/\/panamericanlanguage.com\/es\/palisummercamp\/","title":{"rendered":"PALI Kids &#038; Teens Summer Camp"},"content":{"rendered":"<p>[vc_row css_animation=&#8221;slideInRight&#8221; css=&#8221;.vc_custom_1668101031643{margin-top: 20px !important;margin-bottom: 20px !important;}&#8221;][vc_column][vc_custom_heading stripe_pos=&#8221;hide&#8221; stm_title_font_weight=&#8221;300&#8243; text=&#8221;Especial de Primavera | Verano 2024&#8243; font_container=&#8221;tag:h3|font_size:60px|text_align:center|line_height:64px&#8221; use_theme_fonts=&#8221;yes&#8221;][\/vc_column][\/vc_row][vc_row full_width=&#8221;stretch_row&#8221; equal_height=&#8221;yes&#8221; content_placement=&#8221;top&#8221; css_animation=&#8221;slideInRight&#8221; css=&#8221;.vc_custom_1668100371793{background-image: url(https:\/\/panamericanlanguage.com\/wp-content\/uploads\/2022\/11\/PANAMARILANGLOGOgris.png?id=7165) !important;}&#8221;][vc_column width=&#8221;1\/2&#8243;][vc_column_text]<\/p>\n<div class=\"form-header-group header-default\">\n<div class=\"header-text httal htvam\">\n<p style=\"font-weight: 400;\">\u00a1Gracias por tu inter\u00e9s en el\u00a0<strong>PALI KIDS &amp; TEENS SUMMER CAMP!<\/strong><\/p>\n<p style=\"font-weight: 400;\">Este Verano ofrecemos dos divertidas opciones:<\/p>\n<ul style=\"font-weight: 400;\">\n<li><strong>Campamento de INGL\u00c9S<\/strong><\/li>\n<li><strong>Campamento Multilingual: franc\u00e9s, italiano, portugu\u00e9s<\/strong><\/li>\n<\/ul>\n<p style=\"font-weight: 400;\">El campamento se estar\u00e1 ofreciendo en el mes de\u00a0<strong>JULIO 2024<\/strong>\u00a0en San Patricio y Caguas.<\/p>\n<p style=\"font-weight: 400;\">Adjunto el detalle de las fechas, dias y horas.<\/p>\n<p style=\"font-weight: 400;\"><strong><u>Lunes a Viernes<\/u><\/strong><\/p>\n<p style=\"font-weight: 400;\">1\u00a0de julio al 22\u00a0de julio<\/p>\n<p style=\"font-weight: 400;\">9:00am \u2013 12:00pm<\/p>\n<\/div>\n<\/div>\n<p>[\/vc_column_text][vc_single_image image=&#8221;8743&#8243; img_size=&#8221;full&#8221;][vc_column_text]Los campamentos tienen una duraci\u00f3n de sesenta (60) lecciones que equivalen a 45 horas contacto. \u00a0 En PanAmerican Language creemos en que la manera m\u00e1s eficaz de aprender un idioma es mediante la inmersi\u00f3n.\u00a0 Por lo tanto, s\u00f3lo se le habla a los estudiantes en el idioma que est\u00e1n aprendiendo.<\/p>\n<p><b>Para el Campamento de INGL\u00c9S<\/b>, se tiene que coordinar una cita para la evaluaci\u00f3n de colocaci\u00f3n a la mayor brevedad posible.\u00a0 La misma ser\u00e1 gratuita para aquellos que se matriculen el mismo dia de la evaluaci\u00f3n de lo contrario tendr\u00e1 un costo de $25. \u00a0De esa manera se podr\u00e1 ubicar por nivel de conocimiento y por edad a los participantes. \u00a0Para coordinar cita pueden llamar al 787.793.4995 ext 3250 o entrar a este enlace: <a title=\"https:\/\/panamericanlanguage.com\/es\/coordinar-una-cita-2\/\" href=\"https:\/\/panamericanlanguage.com\/es\/coordinar-una-cita-2\/\" data-outlook-id=\"9bc84fad-8509-4e83-96f5-432d830c3643\">https:\/\/panamericanlanguage.com\/es\/coordinar-una-cita-2\/<\/a><\/p>\n<p><strong>El campamento MULTILINGUAL le dar\u00e1 la oportunidad a los participantes de aprender destrezas b\u00e1sicas (saludos, n\u00fameros, oraciones simples, pronunciaci\u00f3n, d\u00edas, horas, etc) en cada idioma mediante actividades conversacionales. \u00a0<\/strong>Cada semana se enfocaran en un idioma (franc\u00e9s, italiano o portugu\u00e9s) para maximizar su aprovechamiento.[\/vc_column_text][\/vc_column][vc_column width=&#8221;1\/2&#8243;][vc_custom_heading stm_title_font_weight=&#8221;300&#8243; text=&#8221;Para el pago tienes dos opciones:&#8221; font_container=&#8221;tag:h2|font_size:36px|text_align:left|line_height:40px&#8221; use_theme_fonts=&#8221;yes&#8221;][vc_column_text]<\/p>\n<div>\n<p style=\"font-weight: 400;\">Para el pago tienes varias opciones:<\/p>\n<ol style=\"font-weight: 400;\">\n<li>\n<p style=\"font-weight: 400;\"><strong>ESPECIAL DE PRIMAVERA\u00a0<\/strong><strong>($445<\/strong><strong>):<\/strong>\u00a0<strong><u>V\u00e1lido s\u00f3lo hasta el 30 de abril de 2024.<\/u><\/strong><\/p>\n<\/li>\n<li>\n<p style=\"font-weight: 400;\"><u><\/u><strong>PRECIO REGULAR (<\/strong><strong>$495<\/strong><strong>):<\/strong> A partir del 1 de mayo de 2024.<\/p>\n<\/li>\n<li>\n<p style=\"font-weight: 400;\"><strong>CUIDO EXTENDIDO DISPONIBLE (<\/strong><strong>$200<\/strong><strong>):<\/strong>\u00a0El cuido extendido ser\u00e1 de 12pm a 3pm.\u00a0 Estar\u00e1n supervisados en un sal\u00f3n de clases hasta que lleguen a ser recogidos.<\/p>\n<\/li>\n<\/ol>\n<\/div>\n<div>\n<p>Tenemos centros en San Patricio y en Caguas. Adjunto el enlace con los Mapas: <a href=\"https:\/\/panamericanlanguage.com\/es\/localidades\">https:\/\/panamericanlanguage.com\/es\/localidades<\/a><\/p>\n<\/div>\n<h3>\u00a0\u00a1No esperes m\u00e1s!<\/h3>\n<p>[\/vc_column_text][vc_column_text]<\/p>\n<h3 class=\"has-shade\"><strong><a title=\"Ofertas\" href=\"https:\/\/panamericanlanguage.com\/es\/ofertas\">Si est\u00e1s listo para Matricularlo puedes entrar a nuestro<\/a><\/strong><\/h3>\n<h4 class=\"has-shade\"><a href=\"https:\/\/palishop.com\/\"><img loading=\"lazy\" decoding=\"async\" class=\"size-medium wp-image-7625 aligncenter\" src=\"https:\/\/panamericanlanguage.com\/wp-content\/uploads\/2023\/06\/PALISHOP-LOGO-300x300.jpg\" alt=\"\" width=\"300\" height=\"300\" srcset=\"https:\/\/panamericanlanguage.com\/wp-content\/uploads\/2023\/06\/PALISHOP-LOGO-300x300.jpg 300w, https:\/\/panamericanlanguage.com\/wp-content\/uploads\/2023\/06\/PALISHOP-LOGO-100x100.jpg 100w, https:\/\/panamericanlanguage.com\/wp-content\/uploads\/2023\/06\/PALISHOP-LOGO-600x600.jpg 600w, https:\/\/panamericanlanguage.com\/wp-content\/uploads\/2023\/06\/PALISHOP-LOGO-150x150.jpg 150w, https:\/\/panamericanlanguage.com\/wp-content\/uploads\/2023\/06\/PALISHOP-LOGO-768x768.jpg 768w, https:\/\/panamericanlanguage.com\/wp-content\/uploads\/2023\/06\/PALISHOP-LOGO-50x50.jpg 50w, https:\/\/panamericanlanguage.com\/wp-content\/uploads\/2023\/06\/PALISHOP-LOGO-320x320.jpg 320w, https:\/\/panamericanlanguage.com\/wp-content\/uploads\/2023\/06\/PALISHOP-LOGO-900x900.jpg 900w, https:\/\/panamericanlanguage.com\/wp-content\/uploads\/2023\/06\/PALISHOP-LOGO.jpg 1018w\" sizes=\"auto, (max-width: 300px) 100vw, 300px\" \/><\/a><\/h4>\n<h4 class=\"has-shade\">Todo estudiante que haya tomado cursos con PALI KIDS o PALI TEENS recibe un descuento adicional de $75 por concepto de Registro. (Campamento de Verano NO incluido) M\u00e1s info aqu\u00ed: <a href=\"https:\/\/panamericanlanguage.com\/es\/rematriculapaki\/\">REMATR\u00cdCULAS<\/a><\/h4>\n<p>[\/vc_column_text][\/vc_column][\/vc_row]<\/p>\n","protected":false},"excerpt":{"rendered":"<p>[vc_row css_animation=&#8221;slideInRight&#8221; css=&#8221;.vc_custom_1668101031643{margin-top: 20px !important;margin-bottom: 20px !important;}&#8221;][vc_column][vc_custom_heading stripe_pos=&#8221;hide&#8221; stm_title_font_weight=&#8221;300&#8243; text=&#8221;Especial de Primavera | Verano 2024&#8243; font_container=&#8221;tag:h3|font_size:60px|text_align:center|line_height:64px&#8221; use_theme_fonts=&#8221;yes&#8221;][\/vc_column][\/vc_row][vc_row full_width=&#8221;stretch_row&#8221; equal_height=&#8221;yes&#8221; content_placement=&#8221;top&#8221; css_animation=&#8221;slideInRight&#8221; css=&#8221;.vc_custom_1668100371793{background-image: url(https:\/\/panamericanlanguage.com\/wp-content\/uploads\/2022\/11\/PANAMARILANGLOGOgris.png?id=7165) !important;}&#8221;][vc_column width=&#8221;1\/2&#8243;][vc_column_text] \u00a1Gracias por tu inter\u00e9s en el\u00a0PALI KIDS &amp; TEENS SUMMER CAMP! Este Verano ofrecemos dos divertidas opciones: Campamento de INGL\u00c9S Campamento Multilingual: franc\u00e9s, italiano, portugu\u00e9s El campamento se estar\u00e1 ofreciendo<\/p>\n","protected":false},"author":2,"featured_media":0,"parent":0,"menu_order":0,"comment_status":"closed","ping_status":"closed","template":"","meta":{"footnotes":""},"class_list":["post-8786","page","type-page","status-publish","hentry"],"aioseo_notices":[],"_links":{"self":[{"href":"https:\/\/panamericanlanguage.com\/es\/wp-json\/wp\/v2\/pages\/8786","targetHints":{"allow":["GET"]}}],"collection":[{"href":"https:\/\/panamericanlanguage.com\/es\/wp-json\/wp\/v2\/pages"}],"about":[{"href":"https:\/\/panamericanlanguage.com\/es\/wp-json\/wp\/v2\/types\/page"}],"author":[{"embeddable":true,"href":"https:\/\/panamericanlanguage.com\/es\/wp-json\/wp\/v2\/users\/2"}],"replies":[{"embeddable":true,"href":"https:\/\/panamericanlanguage.com\/es\/wp-json\/wp\/v2\/comments?post=8786"}],"version-history":[{"count":1,"href":"https:\/\/panamericanlanguage.com\/es\/wp-json\/wp\/v2\/pages\/8786\/revisions"}],"predecessor-version":[{"id":9584,"href":"https:\/\/panamericanlanguage.com\/es\/wp-json\/wp\/v2\/pages\/8786\/revisions\/9584"}],"wp:attachment":[{"href":"https:\/\/panamericanlanguage.com\/es\/wp-json\/wp\/v2\/media?parent=8786"}],"curies":[{"name":"wp","href":"https:\/\/api.w.org\/{rel}","templated":true}]}}