{"id":867,"date":"2015-09-23T10:49:28","date_gmt":"2015-09-23T14:49:28","guid":{"rendered":"http:\/\/panamericanlanguage.com\/es\/?page_id=867"},"modified":"2026-02-07T11:41:24","modified_gmt":"2026-02-07T15:41:24","slug":"enero2026","status":"publish","type":"page","link":"https:\/\/panamericanlanguage.com\/es\/enero2026\/","title":{"rendered":"Enero 2026 Cursos de INGL\u00c9S"},"content":{"rendered":"<p>[vc_section full_width=&#8221;stretch_row&#8221; css=&#8221;.vc_custom_1701374033920{margin-top: 30px !important;padding-top: 50px !important;padding-bottom: 50px !important;background-color: #ffffff !important;}&#8221;][vc_row][vc_column][vc_custom_heading stripe_pos=&#8221;hide&#8221; stm_title_font_weight=&#8221;300&#8243; text=&#8221;Cursos de INGL\u00c9S para adultos (18+)&#8221; font_container=&#8221;tag:h2|font_size:54px|text_align:center|line_height:54px&#8221; use_theme_fonts=&#8221;yes&#8221;][vc_column_text]<\/p>\n<h3 style=\"text-align: center;\"><strong>\u00a1Gracias por tu inter\u00e9s en PanAmerican Language!<\/strong><\/h3>\n<p>[\/vc_column_text][\/vc_column][\/vc_row][vc_row full_width=&#8221;stretch_row&#8221; equal_height=&#8221;yes&#8221; content_placement=&#8221;top&#8221; css_animation=&#8221;slideInRight&#8221; css=&#8221;.vc_custom_1668100371793{background-image: url(https:\/\/panamericanlanguage.com\/wp-content\/uploads\/2022\/11\/PANAMARILANGLOGOgris.png?id=7165) !important;}&#8221;][vc_column width=&#8221;1\/2&#8243;][vc_column_text]Nuestros pr\u00f3ximos cursos grupales de INGL\u00c9S para adultos (18+) est\u00e1n pautados para comenzar en\u00a0<strong>ENERO 2026<\/strong><strong>.\u00a0<\/strong><strong>Los cursos s<\/strong><strong>e ofrecer\u00e1n de manera presencial\/h\u00edbrida o 100% virtual. \u00a1El estudiante escoge!<\/strong><strong><em>\u00a0<\/em><\/strong>A continuaci\u00f3n encontrar\u00e1s el detalle de las fechas de comienzo, fechas de terminaci\u00f3n, d\u00edas y horario.[\/vc_column_text][vc_single_image image=&#8221;9563&#8243; img_size=&#8221;full&#8221; onclick=&#8221;zoom&#8221; css_animation=&#8221;bounceIn&#8221;][vc_column_text]<\/p>\n<p style=\"font-weight: 400; text-align: center;\"><strong><em>ENERO 2026<\/em><\/strong><strong><br \/>\n<\/strong><\/p>\n<p style=\"font-weight: 400; text-align: center;\"><strong><em><u>Lunes\u00a0y\u00a0Mi\u00e9rcoles<\/u><\/em><\/strong><\/p>\n<p style=\"font-weight: 400; text-align: center;\"><strong><em>26 de\u00a0enero\u00a0al 18 de mayo<\/em><\/strong><\/p>\n<p style=\"font-weight: 400; text-align: center;\"><strong><em>9:30am &#8211;\u00a011:00am\u00a0o 1:00pm a 2:30pm<\/em><\/strong><\/p>\n<p style=\"font-weight: 400; text-align: center;\"><strong><em>5:30pm \u2013 7:00pm o 7:10pm \u2013 8:40pm<\/em><\/strong><\/p>\n<p style=\"text-align: center;\"><strong><u>Martes y\u00a0Jueves<\/u><\/strong><\/p>\n<p style=\"font-weight: 400; text-align: center;\"><strong><em>27 de\u00a0enero\u00a0al 14 de mayo<\/em><\/strong><\/p>\n<p style=\"font-weight: 400; text-align: center;\"><strong><em>9:30am &#8211;\u00a011:00am\u00a0o 1:00pm a 2:30pm<\/em><\/strong><\/p>\n<p style=\"font-weight: 400; text-align: center;\"><strong><em>5:30pm \u2013 7:00pm o 7:10pm \u2013 8:40pm<\/em><\/strong><\/p>\n<p style=\"font-weight: 400; text-align: center;\"><strong><em><u>S\u00e1bados<\/u><\/em><\/strong><\/p>\n<p style=\"font-weight: 400; text-align: center;\"><strong><em>31 de\u00a0enero\u00a0al 16 de mayo<\/em><\/strong><\/p>\n<p style=\"font-weight: 400; text-align: center;\"><strong><em>9:00am \u2013\u00a012:15pm o 2pm a 5:15pm<\/em><\/strong><\/p>\n<p>[\/vc_column_text][\/vc_column][vc_column width=&#8221;1\/2&#8243;][vc_column_text]Los cursos tienen una duraci\u00f3n de sesenta (60) lecciones que equivale a\u00a0<strong>45 horas contacto<\/strong>.\u00a0 Para medir su aprovechamiento, los estudiantes reciben una evaluaci\u00f3n de progreso y una evaluaci\u00f3n final .\u00a0 Cada estudiante tendr\u00e1 la oportunidad de hacer dos presentaciones orales durante el curso, participar de todas las actividades conversacionales y se le asignan tareas para el desarrollo de las estructuras gramaticales.\u00a0 En PanAmerican Language creemos en que la manera m\u00e1s efectiva de aprender un idioma es mediante la inmersi\u00f3n.\u00a0 Por lo tanto, s\u00f3lo se le habla a los estudiantes en el idioma que est\u00e1n aprendiendo.<\/p>\n<p>El pr\u00f3ximo paso es coordinar una cita para la evaluaci\u00f3n de colocaci\u00f3n. La evaluaci\u00f3n (v\u00e1lida por un a\u00f1o) tendr\u00eda un costo de <strong><span style=\"color: #993300;\">$35<\/span><\/strong>. <strong>Ser\u00e1 gratuita si el estudiante se matricula el mismo d\u00eda que se eval\u00faa.<\/strong>[\/vc_column_text][\/vc_column][\/vc_row][vc_row css=&#8221;.vc_custom_1668103242945{margin-bottom: 25px !important;}&#8221;][vc_column][vc_custom_heading stripe_pos=&#8221;hide&#8221; stm_title_font_weight=&#8221;300&#8243; text=&#8221;Para el pago tienes varias opciones:&#8221; font_container=&#8221;tag:h2|font_size:36px|text_align:left|line_height:40px&#8221; use_theme_fonts=&#8221;yes&#8221;][\/vc_column][\/vc_row][vc_row equal_height=&#8221;yes&#8221; content_placement=&#8221;top&#8221;][vc_column width=&#8221;1\/2&#8243;][vc_column_text]<\/p>\n<ol style=\"font-weight: 400;\">\n<li><strong>*NUEVO INGRESO\u200b* 100% LIVE ONLINE \u00a0<\/strong><span style=\"color: #993300;\"><strong>($695)<\/strong><\/span><strong>: <\/strong><u>Esta opci\u00f3n es v\u00e1lida \u00fanicamente para estudiantes 100%\u00a0virtuales <\/u>(LiveOnline). El estudiante no podr\u00e1 tomar ninguna clase de manera presencial. No aplica plan de pago.<\/li>\n<li><strong>*NUEVO INGRESO\u200b* PRESENCIAL\/H\u00cdBRIDO<\/strong><strong>\u00a0<\/strong><span style=\"color: #993300;\"><strong>($795)<\/strong><\/span>: Para estudiantes en modalidad presencial y\/o h\u00edbrida. Si pagas la totalidad del curso recibes la Boleta de admisi\u00f3n y aseguras tu asiento.<\/li>\n<li><strong>PLAN DE PAGO <\/strong><span style=\"color: #993300;\"><strong>($870)<\/strong><\/span>:\u00a0Puedes separar asiento con $288.75 y\u00a0luego hacer tres (3) pagos\u00a0mensuales\u00a0de\u00a0$193.75. Para el Plan\u00a0de\u00a0pago se requiere evidencia\u00a0de\u00a0DOS\u00a0cuentas distintas como garant\u00eda.\u00a0Las mismas pueden ser: tarjeta\u00a0de\u00a0cr\u00e9dito (Visa, MC, AMEX) y\/o evidencia\u00a0de\u00a0cuenta\u00a0de\u00a0banco (estado\u00a0de\u00a0cuenta o cheque VOID).\u00a0Es importante que las garant\u00edas no sean\u00a0de\u00a0la misma cuenta. \u00a0Por ejemplo, no podr\u00edas traer una ATH con logo VISA + Estado\u00a0de\u00a0Cuenta\u00a0de\u00a0esa misma ATH. \u00a0Tendr\u00edan\u00a0que ser dos garant\u00edas\u00a0de\u00a0cuentas independientes y tener todo disponible al momento\u00a0de\u00a0la matr\u00edcula para llenar el\u00a0contrato\u00a0de\u00a0plan\u00a0de\u00a0pago. Este servicio\u00a0del\u00a0Plan\u00a0de\u00a0Pago conlleva un cargo\u00a0de\u00a0$75 y ya est\u00e1 incluido en el\u00a0desglose\u00a0de\u00a0los 4 plazos.<\/li>\n<\/ol>\n<p>[\/vc_column_text][\/vc_column][vc_column width=&#8221;1\/2&#8243;][vc_column_text]<\/p>\n<h3 class=\"has-shade\"><strong><a title=\"Ofertas\" href=\"https:\/\/panamericanlanguage.com\/es\/ofertas\">Si est\u00e1s listo para Matricularte puedes entrar a nuestro<\/a><\/strong><\/h3>\n<h4 class=\"has-shade\"><a href=\"https:\/\/palishop.com\/\"><img loading=\"lazy\" decoding=\"async\" class=\"size-medium wp-image-7625 aligncenter\" src=\"https:\/\/panamericanlanguage.com\/wp-content\/uploads\/2023\/06\/PALISHOP-LOGO-300x300.jpg\" alt=\"\" width=\"300\" height=\"300\" srcset=\"https:\/\/panamericanlanguage.com\/wp-content\/uploads\/2023\/06\/PALISHOP-LOGO-300x300.jpg 300w, https:\/\/panamericanlanguage.com\/wp-content\/uploads\/2023\/06\/PALISHOP-LOGO-100x100.jpg 100w, https:\/\/panamericanlanguage.com\/wp-content\/uploads\/2023\/06\/PALISHOP-LOGO-600x600.jpg 600w, https:\/\/panamericanlanguage.com\/wp-content\/uploads\/2023\/06\/PALISHOP-LOGO-150x150.jpg 150w, https:\/\/panamericanlanguage.com\/wp-content\/uploads\/2023\/06\/PALISHOP-LOGO-768x768.jpg 768w, https:\/\/panamericanlanguage.com\/wp-content\/uploads\/2023\/06\/PALISHOP-LOGO-50x50.jpg 50w, https:\/\/panamericanlanguage.com\/wp-content\/uploads\/2023\/06\/PALISHOP-LOGO-320x320.jpg 320w, https:\/\/panamericanlanguage.com\/wp-content\/uploads\/2023\/06\/PALISHOP-LOGO-900x900.jpg 900w, https:\/\/panamericanlanguage.com\/wp-content\/uploads\/2023\/06\/PALISHOP-LOGO.jpg 1018w\" sizes=\"auto, (max-width: 300px) 100vw, 300px\" \/><\/a><\/h4>\n<h4 class=\"has-shade\">Todo estudiante que haya tomado cursos con PanAmerican Language recibe un descuento adicional de $95 por concepto de Registro. M\u00e1s info aqu\u00ed: <a href=\"https:\/\/panamericanlanguage.com\/es\/rematriculas\/\">REMATR\u00cdCULAS<\/a><\/h4>\n<p>[\/vc_column_text][\/vc_column][\/vc_row][\/vc_section][vc_section full_width=&#8221;stretch_row&#8221; css=&#8221;.vc_custom_1681760465816{margin-top: 0px !important;padding-top: 60px !important;padding-bottom: 50px !important;background-color: #ffffff !important;}&#8221;][vc_row css=&#8221;.vc_custom_1681760283879{background-color: #ffffff !important;}&#8221;][vc_column][vc_column_text]Tenemos centros en el 4to Nivel del Santa Rosa Mall en Bayam\u00f3n.<\/p>\n<p>Aqu\u00ed un enlace con videos explicativos de como estamos manejando las clases y evaluaciones online:<\/p>\n<ul>\n<li>Evaluaciones y Matr\u00edcula:\u00a0<a href=\"https:\/\/youtu.be\/9oPyd1DH6ik\">https:\/\/youtu.be\/9oPyd1DH6ik<\/a><\/li>\n<\/ul>\n<ul>\n<li>Cursos LiveOnline:\u00a0<a href=\"https:\/\/youtu.be\/3T24KcPc4kg\">https:\/\/youtu.be\/3T24KcPc4kg<\/a><\/li>\n<\/ul>\n<p>Si tiene alguna duda, pregunta o comentario en confianza puede contactarnos.<\/p>\n<h3><strong>\u00a1Esperamos escuchar de usted pronto!<\/strong><\/h3>\n<p>[\/vc_column_text][vc_single_image image=&#8221;7085&#8243; img_size=&#8221;800&#215;192&#8243; alignment=&#8221;center&#8221;][\/vc_column][\/vc_row][\/vc_section]<\/p>\n","protected":false},"excerpt":{"rendered":"<p>[vc_section full_width=&#8221;stretch_row&#8221; css=&#8221;.vc_custom_1701374033920{margin-top: 30px !important;padding-top: 50px !important;padding-bottom: 50px !important;background-color: #ffffff !important;}&#8221;][vc_row][vc_column][vc_custom_heading stripe_pos=&#8221;hide&#8221; stm_title_font_weight=&#8221;300&#8243; text=&#8221;Cursos de INGL\u00c9S para adultos (18+)&#8221; font_container=&#8221;tag:h2|font_size:54px|text_align:center|line_height:54px&#8221; use_theme_fonts=&#8221;yes&#8221;][vc_column_text] \u00a1Gracias por tu inter\u00e9s en PanAmerican Language! [\/vc_column_text][\/vc_column][\/vc_row][vc_row full_width=&#8221;stretch_row&#8221; equal_height=&#8221;yes&#8221; content_placement=&#8221;top&#8221; css_animation=&#8221;slideInRight&#8221; css=&#8221;.vc_custom_1668100371793{background-image: url(https:\/\/panamericanlanguage.com\/wp-content\/uploads\/2022\/11\/PANAMARILANGLOGOgris.png?id=7165) !important;}&#8221;][vc_column width=&#8221;1\/2&#8243;][vc_column_text]Nuestros pr\u00f3ximos cursos grupales de INGL\u00c9S para adultos (18+) est\u00e1n pautados para comenzar en\u00a0ENERO 2026.\u00a0Los cursos se ofrecer\u00e1n de<\/p>\n","protected":false},"author":3,"featured_media":0,"parent":0,"menu_order":0,"comment_status":"closed","ping_status":"closed","template":"","meta":{"footnotes":""},"class_list":["post-867","page","type-page","status-publish","hentry"],"aioseo_notices":[],"_links":{"self":[{"href":"https:\/\/panamericanlanguage.com\/es\/wp-json\/wp\/v2\/pages\/867","targetHints":{"allow":["GET"]}}],"collection":[{"href":"https:\/\/panamericanlanguage.com\/es\/wp-json\/wp\/v2\/pages"}],"about":[{"href":"https:\/\/panamericanlanguage.com\/es\/wp-json\/wp\/v2\/types\/page"}],"author":[{"embeddable":true,"href":"https:\/\/panamericanlanguage.com\/es\/wp-json\/wp\/v2\/users\/3"}],"replies":[{"embeddable":true,"href":"https:\/\/panamericanlanguage.com\/es\/wp-json\/wp\/v2\/comments?post=867"}],"version-history":[{"count":56,"href":"https:\/\/panamericanlanguage.com\/es\/wp-json\/wp\/v2\/pages\/867\/revisions"}],"predecessor-version":[{"id":9592,"href":"https:\/\/panamericanlanguage.com\/es\/wp-json\/wp\/v2\/pages\/867\/revisions\/9592"}],"wp:attachment":[{"href":"https:\/\/panamericanlanguage.com\/es\/wp-json\/wp\/v2\/media?parent=867"}],"curies":[{"name":"wp","href":"https:\/\/api.w.org\/{rel}","templated":true}]}}