{"id":8664,"date":"2024-03-06T13:11:07","date_gmt":"2024-03-06T17:11:07","guid":{"rendered":"https:\/\/panamericanlanguage.com\/?page_id=8664"},"modified":"2024-03-08T08:04:30","modified_gmt":"2024-03-08T12:04:30","slug":"resultados","status":"publish","type":"page","link":"https:\/\/panamericanlanguage.com\/es\/resultados\/","title":{"rendered":"Resultad"},"content":{"rendered":"<h3>Este formulario se le entrega a los estudiantes durante el curso para que nos den su retroalimentaci\u00f3n. Estos son los resultados de los \u00faltimos a\u00f1os:<\/h3>\n<div class=\"jotform-embed\" style=\"min-height: 1px;\" data-id=\"24067310690505008\" data-type=\"interactive\" data-iframesource=\"www.jotform.com\"><\/div>\n<p><script>(function(doc, id){var scripts=doc.getElementsByTagName(\"script\")[0]; if (!doc.getElementById(id)){var script=doc.createElement(\"script\"); script.async=1; script.id=id; script.src=\"https:\/\/cdn.jotfor.ms\/s\/umd\/latest\/for-report-embed.js\"; scripts.parentNode.insertBefore(script, scripts);}})(document, \"jotform-async\");<\/script><\/p>\n","protected":false},"excerpt":{"rendered":"<p>Este formulario se le entrega a los estudiantes durante el curso para que nos den su retroalimentaci\u00f3n. Estos son los resultados de los \u00faltimos a\u00f1os:<\/p>\n","protected":false},"author":2,"featured_media":0,"parent":0,"menu_order":0,"comment_status":"closed","ping_status":"closed","template":"","meta":{"footnotes":""},"class_list":["post-8664","page","type-page","status-publish","hentry"],"aioseo_notices":[],"_links":{"self":[{"href":"https:\/\/panamericanlanguage.com\/es\/wp-json\/wp\/v2\/pages\/8664","targetHints":{"allow":["GET"]}}],"collection":[{"href":"https:\/\/panamericanlanguage.com\/es\/wp-json\/wp\/v2\/pages"}],"about":[{"href":"https:\/\/panamericanlanguage.com\/es\/wp-json\/wp\/v2\/types\/page"}],"author":[{"embeddable":true,"href":"https:\/\/panamericanlanguage.com\/es\/wp-json\/wp\/v2\/users\/2"}],"replies":[{"embeddable":true,"href":"https:\/\/panamericanlanguage.com\/es\/wp-json\/wp\/v2\/comments?post=8664"}],"version-history":[{"count":4,"href":"https:\/\/panamericanlanguage.com\/es\/wp-json\/wp\/v2\/pages\/8664\/revisions"}],"predecessor-version":[{"id":8670,"href":"https:\/\/panamericanlanguage.com\/es\/wp-json\/wp\/v2\/pages\/8664\/revisions\/8670"}],"wp:attachment":[{"href":"https:\/\/panamericanlanguage.com\/es\/wp-json\/wp\/v2\/media?parent=8664"}],"curies":[{"name":"wp","href":"https:\/\/api.w.org\/{rel}","templated":true}]}}