{"id":7995,"date":"2023-07-05T21:54:25","date_gmt":"2023-07-05T21:54:25","guid":{"rendered":"https:\/\/panamericanlanguage.com\/?page_id=7995"},"modified":"2023-12-06T16:58:19","modified_gmt":"2023-12-06T20:58:19","slug":"clientescorporativos","status":"publish","type":"page","link":"https:\/\/panamericanlanguage.com\/es\/clientescorporativos\/","title":{"rendered":"Clientes Corporativos"},"content":{"rendered":"<p>[vc_row full_width=&#8221;stretch_row&#8221; equal_height=&#8221;yes&#8221; content_placement=&#8221;top&#8221; css_animation=&#8221;slideInRight&#8221; css=&#8221;.vc_custom_1668100371793{background-image: url(https:\/\/panamericanlanguage.com\/wp-content\/uploads\/2022\/11\/PANAMARILANGLOGOgris.png?id=7165) !important;}&#8221;][vc_column width=&#8221;1\/2&#8243;][vc_column_text]<\/p>\n<div class=\"form-header-group header-default\">\n<div class=\"header-text httal htvam\">\n<h2 id=\"header_1\" class=\"form-header\" data-component=\"header\">\u00a1Queremos Servirle!<\/h2>\n<div id=\"subHeader_1\" class=\"form-subHeader\">PanAmerican Language le ha servido a miles de profesionales en cientos de compa\u00f1\u00edas de todas las industrias durante m\u00e1s de tres d\u00e9cadas. Somos una instituci\u00f3n familiar netamente Puertorrique\u00f1a que conoce sus necesidades. Ofrecemos adiestramiento en idiomas en nuestros centros o enviamos al instructor a su empresa. Adem\u00e1s, contamos con el Servicio LiveOnline donde el estudiante participa de su curso desde una localidad remota. \u00a0Somos innovadores en el campo de la ense\u00f1anza, y podemos adaptar nuestro curr\u00edculo a sus necesidades, requisitos y proyectos especiales. Si usted desea una propuesta, favor de llenar la solicitud para que nuestro Departamento de Cuentas Corporativas se la env\u00ede a la mayor brevedad posible.<\/div>\n<\/div>\n<\/div>\n<p>[\/vc_column_text][vc_single_image image=&#8221;7108&#8243; img_size=&#8221;full&#8221;][\/vc_column][vc_column width=&#8221;1\/2&#8243;][vc_raw_html]JTNDc2NyaXB0JTIwdHlwZSUzRCUyMnRleHQlMkZqYXZhc2NyaXB0JTIyJTIwc3JjJTNEJTIyaHR0cHMlM0ElMkYlMkZmb3JtLmpvdGZvcm0uY29tJTJGanNmb3JtJTJGMjAxNTM2OTg2MjM0ODY0JTIyJTNFJTNDJTJGc2NyaXB0JTNF[\/vc_raw_html][\/vc_column][\/vc_row]<\/p>\n","protected":false},"excerpt":{"rendered":"<p>[vc_row full_width=&#8221;stretch_row&#8221; equal_height=&#8221;yes&#8221; content_placement=&#8221;top&#8221; css_animation=&#8221;slideInRight&#8221; css=&#8221;.vc_custom_1668100371793{background-image: url(https:\/\/panamericanlanguage.com\/wp-content\/uploads\/2022\/11\/PANAMARILANGLOGOgris.png?id=7165) !important;}&#8221;][vc_column width=&#8221;1\/2&#8243;][vc_column_text] \u00a1Queremos Servirle! PanAmerican Language le ha servido a miles de profesionales en cientos de compa\u00f1\u00edas de todas las industrias durante m\u00e1s de tres d\u00e9cadas. Somos una instituci\u00f3n familiar netamente Puertorrique\u00f1a que conoce sus necesidades. Ofrecemos adiestramiento en idiomas en nuestros centros o enviamos al instructor a<\/p>\n","protected":false},"author":2,"featured_media":0,"parent":0,"menu_order":0,"comment_status":"closed","ping_status":"closed","template":"","meta":{"footnotes":""},"class_list":["post-7995","page","type-page","status-publish","hentry"],"aioseo_notices":[],"_links":{"self":[{"href":"https:\/\/panamericanlanguage.com\/es\/wp-json\/wp\/v2\/pages\/7995","targetHints":{"allow":["GET"]}}],"collection":[{"href":"https:\/\/panamericanlanguage.com\/es\/wp-json\/wp\/v2\/pages"}],"about":[{"href":"https:\/\/panamericanlanguage.com\/es\/wp-json\/wp\/v2\/types\/page"}],"author":[{"embeddable":true,"href":"https:\/\/panamericanlanguage.com\/es\/wp-json\/wp\/v2\/users\/2"}],"replies":[{"embeddable":true,"href":"https:\/\/panamericanlanguage.com\/es\/wp-json\/wp\/v2\/comments?post=7995"}],"version-history":[{"count":4,"href":"https:\/\/panamericanlanguage.com\/es\/wp-json\/wp\/v2\/pages\/7995\/revisions"}],"predecessor-version":[{"id":8048,"href":"https:\/\/panamericanlanguage.com\/es\/wp-json\/wp\/v2\/pages\/7995\/revisions\/8048"}],"wp:attachment":[{"href":"https:\/\/panamericanlanguage.com\/es\/wp-json\/wp\/v2\/media?parent=7995"}],"curies":[{"name":"wp","href":"https:\/\/api.w.org\/{rel}","templated":true}]}}