{"id":7605,"date":"2023-06-29T02:35:26","date_gmt":"2023-06-29T02:35:26","guid":{"rendered":"https:\/\/panamericanlanguage.com\/?page_id=7605"},"modified":"2026-04-22T16:37:32","modified_gmt":"2026-04-22T20:37:32","slug":"lenguasforaneas","status":"publish","type":"page","link":"https:\/\/panamericanlanguage.com\/es\/lenguasforaneas\/","title":{"rendered":"Lenguas For\u00e1neas &#8211; Verano 2026"},"content":{"rendered":"<p>[vc_row full_width=&#8221;stretch_row&#8221; equal_height=&#8221;yes&#8221; content_placement=&#8221;top&#8221; css_animation=&#8221;slideInRight&#8221; css=&#8221;.vc_custom_1668100371793{background-image: url(https:\/\/panamericanlanguage.com\/wp-content\/uploads\/2022\/11\/PANAMARILANGLOGOgris.png?id=7165) !important;}&#8221;][vc_column width=&#8221;1\/2&#8243;][vc_column_text]<\/p>\n<div class=\"form-header-group header-default\">\n<div class=\"header-text httal htvam\">\n<h2>\u00a1Gracias por tu inter\u00e9s en PanAmerican Language!<\/h2>\n<div data-block=\"true\" data-editor=\"9a857\" data-offset-key=\"ccndm-0-0\">\n<div data-offset-key=\"ccndm-0-0\">\n<p style=\"text-align: left;\">Nuestros pr\u00f3ximos cursos grupales de Lenguas For\u00e1neas (<b><i>FRANC\u00c9S, ITALIANO, PORTUGU\u00c9S y\/o JAPON\u00c9S) <\/i><\/b>est\u00e1n pautados para comenzar en <b>VERANO 2026<\/b><b>\u00a0<\/b>de modo presencial\/h\u00edbrido<b>\u00a0<\/b>en nuestro centro de <strong>Santa Rosa Mall en Bayam\u00f3n<\/strong> o en modalidad <strong>100% virtual<\/strong>. \u00a1El estudiante escoge!<b> <\/b>\u00a0A continuaci\u00f3n encontrar\u00e1 las fechas, d\u00edas y horas que ofreceremos los cursos:<\/p>\n<h4 style=\"text-align: center;\">\u00a0italiano \/ franc\u00e9s \/ portugu\u00e9s \/ japon\u00e9s<\/h4>\n<h4 style=\"text-align: center;\"><span style=\"text-decoration: underline;\">Cursos Intensivos<\/span><\/h4>\n<p style=\"font-weight: 400; text-align: center;\"><strong><em>Lunes a Jueves<\/em><\/strong><\/p>\n<p style=\"font-weight: 400; text-align: center;\"><strong><em>1 de junio al 21 de julio<\/em><\/strong><\/p>\n<p style=\"font-weight: 400; text-align: center;\"><strong><b>5:30pm \u2013 7:00pm o 7:<\/b><b><span lang=\"EN-US\">1<\/span><\/b><b>0pm \u2013 8:<\/b><b><span lang=\"EN-US\">4<\/span><\/b><b>0pm<\/b><\/strong><\/p>\n<\/div>\n<\/div>\n<\/div>\n<\/div>\n<p>[\/vc_column_text][vc_single_image image=&#8221;9653&#8243; img_size=&#8221;FULL&#8221; onclick=&#8221;zoom&#8221;][vc_column_text]Los cursos tienen una duraci\u00f3n de sesenta (60) lecciones que equivale a\u00a0<strong>45 horas contacto<\/strong>.\u00a0 Para medir su aprovechamiento, los estudiantes reciben una evaluaci\u00f3n de progreso, una evaluaci\u00f3n final. Cada estudiante tendr\u00e1 la oportunidad de hacer dos presentaciones orales durante el curso, participar de todas las actividades conversacionales y se le asignan tareas para el desarrollo de las estructuras gramaticales.\u00a0 En PanAmerican Language creemos en que la manera m\u00e1s efectiva de aprender un idioma es mediante la inmersi\u00f3n.\u00a0 Por lo tanto, s\u00f3lo se le habla a los estudiantes en el idioma que est\u00e1n aprendiendo.<\/p>\n<p>El pr\u00f3ximo paso es coordinar una cita para la evaluaci\u00f3n de colocaci\u00f3n [de ser necesario]. La evaluaci\u00f3n (v\u00e1lida por un a\u00f1o) tendr\u00eda un costo de $35.00. Ser\u00e1 gratuita si el estudiante se matricula el mismo d\u00eda que se eval\u00faa.[\/vc_column_text][\/vc_column][vc_column width=&#8221;1\/2&#8243;][vc_custom_heading stm_title_font_weight=&#8221;300&#8243; text=&#8221;Para el pago tienes varias opciones:&#8221; font_container=&#8221;tag:h2|font_size:36px|text_align:left|line_height:40px&#8221; use_theme_fonts=&#8221;yes&#8221;][vc_column_text]<\/p>\n<div data-block=\"true\" data-editor=\"9a857\" data-offset-key=\"ccndm-0-0\">\n<div data-offset-key=\"ccndm-0-0\">\n<ol style=\"font-weight: 400;\">\n<li style=\"list-style-type: none;\">\n<ol style=\"font-weight: 400;\">\n<li><span role=\"presentation\"><b>100% LIVEONLINE\u00a0ESPECIAL DE\u00a0PRIMAVERA <\/b><\/span><span style=\"color: #d13030;\" role=\"presentation\"><b>($595)<\/b><\/span><span role=\"presentation\">: <u>Esta opci\u00f3n es v\u00e1lida \u00fanicamente para estudiantes 100%<\/u><b><u>\u00a0<\/u><\/b><u>virtuales<\/u>(LiveOnline). El estudiante no podr\u00e1 tomar ninguna clase de manera presencial. No aplica plan de pago. <\/span><span role=\"presentation\"><u>V\u00e1lido s\u00f3lo hasta el 30\u00a0de\u00a0abril\u00a0de\u00a02026.<\/u><\/span><span role=\"presentation\"><b>\u00a0 <\/b>A partir del 1 de mayo de 2025: <\/span><span style=\"color: #d13030;\"><strong><span role=\"presentation\">($695)<\/span><\/strong><\/span><\/li>\n<li><span role=\"presentation\"><b>PRESENCIAL\/H\u00cdBRIDO\u00a0ESPECIAL\u00a0DE\u00a0PRIMAVERA <\/b><\/span><span style=\"color: #d13030;\" role=\"presentation\"><b>($695)<\/b><\/span><span role=\"presentation\"><b>: <\/b>Para estudiantes <\/span><span role=\"presentation\">en modalidad presencial y\/o h\u00edbrida.<\/span><span role=\"presentation\"><b>\u00a0<\/b><\/span><span role=\"presentation\">Si pagas la totalidad\u00a0del curso recibes la Boleta\u00a0de\u00a0admisi\u00f3n, aseguras tu asiento y ahorras $<\/span><span role=\"presentation\">100<\/span><span role=\"presentation\">\u00a0del precio regular. <\/span><span role=\"presentation\"><u>V\u00e1lido s\u00f3lo hasta el 30\u00a0de\u00a0abril\u00a0de\u00a02026<\/u><b><u>. <\/u><\/b><\/span><span role=\"presentation\">A partir del 1 de mayo de 2025: <\/span><span style=\"color: #d13030;\" role=\"presentation\"><b>($795)<\/b><\/span><\/li>\n<li><strong>PLAN\u00a0DE\u00a0PAGO\u00a0<\/strong><span style=\"color: #d13030;\"><strong>($870)<\/strong><\/span><strong>:<\/strong>\u00a0Puedes separar asiento con $288.75 y\u00a0luego hacer tres (3) pagos\u00a0<strong>bisemanales<\/strong>\u00a0de\u00a0$193.75. Para el Plan\u00a0de\u00a0pago se requiere evidencia\u00a0de\u00a0<strong>DOS<\/strong>\u00a0cuentas distintas como garant\u00eda.\u00a0Las mismas pueden ser: tarjeta\u00a0de\u00a0cr\u00e9dito (Visa, MC, AMEX) y\/o evidencia\u00a0de\u00a0cuenta\u00a0de\u00a0banco (estado\u00a0de\u00a0cuenta o cheque VOID).\u00a0Es importante que las garant\u00edas no sean\u00a0de\u00a0la misma cuenta. \u00a0Por ejemplo, no podr\u00edas traer una ATH con logo VISA + Estado\u00a0de\u00a0Cuenta\u00a0de\u00a0esa misma ATH. \u00a0Tendr\u00edan\u00a0que ser dos garant\u00edas\u00a0de\u00a0cuentas independientes y tener todo disponible al momento\u00a0de\u00a0la matr\u00edcula para llenar el\u00a0<strong>contrato\u00a0de\u00a0plan\u00a0de\u00a0pago<\/strong>. Este servicio\u00a0del\u00a0Plan\u00a0de\u00a0Pago conlleva un cargo\u00a0de\u00a0$75 y ya est\u00e1 incluido en el\u00a0desglose\u00a0de\u00a0los 4 plazos.\n<p style=\"font-weight: 400;\">Para el pago tienes varias opciones:<\/p>\n<\/li>\n<\/ol>\n<\/li>\n<\/ol>\n<div>\n<h3>Todo estudiante que haya tomado cursos con PanAmerican Language recibe un descuento adicional de $95 por concepto de Registro.<\/h3>\n<\/div>\n<div>\n<div>\n<p>Aqu\u00ed un enlace con videos explicativos de como estamos manejando las clases y evaluaciones online:<\/p>\n<ul>\n<li>Evaluaciones y Matr\u00edcula:\u00a0<a href=\"https:\/\/youtu.be\/9oPyd1DH6ik\">https:\/\/youtu.be\/9oPyd1DH6ik<\/a><\/li>\n<\/ul>\n<ul>\n<li>Cursos LiveOnline:\u00a0<a href=\"https:\/\/youtu.be\/3T24KcPc4kg\">https:\/\/youtu.be\/3T24KcPc4kg<\/a><\/li>\n<\/ul>\n<\/div>\n<div>\n<p>Si tiene alguna duda, pregunta o comentario en confianza puede contactarnos.<\/p>\n<\/div>\n<\/div>\n<\/div>\n<\/div>\n<h3>\u00a1Esperamos escuchar de ti pronto!<\/h3>\n<p>[\/vc_column_text][\/vc_column][\/vc_row]<\/p>\n","protected":false},"excerpt":{"rendered":"<p>[vc_row full_width=&#8221;stretch_row&#8221; equal_height=&#8221;yes&#8221; content_placement=&#8221;top&#8221; css_animation=&#8221;slideInRight&#8221; css=&#8221;.vc_custom_1668100371793{background-image: url(https:\/\/panamericanlanguage.com\/wp-content\/uploads\/2022\/11\/PANAMARILANGLOGOgris.png?id=7165) !important;}&#8221;][vc_column width=&#8221;1\/2&#8243;][vc_column_text] \u00a1Gracias por tu inter\u00e9s en PanAmerican Language! Nuestros pr\u00f3ximos cursos grupales de Lenguas For\u00e1neas (FRANC\u00c9S, ITALIANO, PORTUGU\u00c9S y\/o JAPON\u00c9S) est\u00e1n pautados para comenzar en VERANO 2026\u00a0de modo presencial\/h\u00edbrido\u00a0en nuestro centro de Santa Rosa Mall en Bayam\u00f3n o en modalidad 100% virtual. \u00a1El estudiante escoge! \u00a0A continuaci\u00f3n<\/p>\n","protected":false},"author":2,"featured_media":0,"parent":0,"menu_order":0,"comment_status":"closed","ping_status":"closed","template":"","meta":{"footnotes":""},"class_list":["post-7605","page","type-page","status-publish","hentry"],"aioseo_notices":[],"_links":{"self":[{"href":"https:\/\/panamericanlanguage.com\/es\/wp-json\/wp\/v2\/pages\/7605","targetHints":{"allow":["GET"]}}],"collection":[{"href":"https:\/\/panamericanlanguage.com\/es\/wp-json\/wp\/v2\/pages"}],"about":[{"href":"https:\/\/panamericanlanguage.com\/es\/wp-json\/wp\/v2\/types\/page"}],"author":[{"embeddable":true,"href":"https:\/\/panamericanlanguage.com\/es\/wp-json\/wp\/v2\/users\/2"}],"replies":[{"embeddable":true,"href":"https:\/\/panamericanlanguage.com\/es\/wp-json\/wp\/v2\/comments?post=7605"}],"version-history":[{"count":25,"href":"https:\/\/panamericanlanguage.com\/es\/wp-json\/wp\/v2\/pages\/7605\/revisions"}],"predecessor-version":[{"id":9657,"href":"https:\/\/panamericanlanguage.com\/es\/wp-json\/wp\/v2\/pages\/7605\/revisions\/9657"}],"wp:attachment":[{"href":"https:\/\/panamericanlanguage.com\/es\/wp-json\/wp\/v2\/media?parent=7605"}],"curies":[{"name":"wp","href":"https:\/\/api.w.org\/{rel}","templated":true}]}}