{"id":7321,"date":"2022-11-23T12:32:31","date_gmt":"2022-11-23T12:32:31","guid":{"rendered":"https:\/\/panamericanlanguage.com\/?page_id=7321"},"modified":"2026-04-03T13:42:38","modified_gmt":"2026-04-03T17:42:38","slug":"rematriculas","status":"publish","type":"page","link":"https:\/\/panamericanlanguage.com\/es\/rematriculas\/","title":{"rendered":"Rematr\u00edculas Adultos (18+) | Especial de Primavera 2026"},"content":{"rendered":"<p>[vc_row full_width=&#8221;stretch_row&#8221; equal_height=&#8221;yes&#8221; content_placement=&#8221;top&#8221; css_animation=&#8221;slideInRight&#8221; css=&#8221;.vc_custom_1668100371793{background-image: url(https:\/\/panamericanlanguage.com\/wp-content\/uploads\/2022\/11\/PANAMARILANGLOGOgris.png?id=7165) !important;}&#8221;][vc_column][vc_column_text]<\/p>\n<div class=\"form-header-group header-default\" style=\"text-align: center;\">\n<div class=\"header-text httal htvam\">\n<h3 lang=\"EN-US\"><strong>\u00a1Gracias nuevamente por tu inter\u00e9s en <\/strong><strong>PanAmerican Language!<\/strong><\/h3>\n<\/div>\n<\/div>\n<p>[\/vc_column_text][\/vc_column][\/vc_row][vc_row full_width=&#8221;stretch_row&#8221; equal_height=&#8221;yes&#8221; content_placement=&#8221;top&#8221; css_animation=&#8221;slideInRight&#8221; css=&#8221;.vc_custom_1668100371793{background-image: url(https:\/\/panamericanlanguage.com\/wp-content\/uploads\/2022\/11\/PANAMARILANGLOGOgris.png?id=7165) !important;}&#8221;][vc_column width=&#8221;1\/2&#8243;][vc_column_text]Las\u00a0<strong>REMATR\u00cdCULAS<\/strong> son aquellos estudiantes que ya tomaron cursos con PanAmerican Language, PALI Teens o PALI Kids y desean continuar mejorando en el idioma.\u00a0 Todo estudiante que haya tomado cursos con nosotros (evidencia necesaria) recibe un descuento adicional de $95 del costo regular por concepto de Registro.<\/p>\n<p>Nuestros pr\u00f3ximos cursos grupales de INGL\u00c9S para adultos (18+) est\u00e1n pautados para comenzar en <strong>VERANO 2026<\/strong><strong>.\u00a0<\/strong><strong>Los cursos s<\/strong><strong>e ofrecer\u00e1n de manera presencial\/h\u00edbrido en el 4to Nivel del Santa Rosa Mall en Bayam\u00f3n o 100% virtual. \u00a1El estudiante escoge como tomar su curso!<\/strong><strong><em>\u00a0<\/em><\/strong>A continuaci\u00f3n encontrar\u00e1s el detalle de las fechas de comienzo, fechas de terminaci\u00f3n, d\u00edas y horario.[\/vc_column_text][vc_single_image image=&#8221;9629&#8243; img_size=&#8221;full&#8221; onclick=&#8221;zoom&#8221; css_animation=&#8221;bounceIn&#8221;][vc_column_text]<\/p>\n<p style=\"text-align: center;\"><span style=\"text-decoration: underline;\"><strong>CURSOS INTENSIVOS DE VERANO<\/strong><\/span><strong><em>\u00a0\u00a0<\/em><\/strong><\/p>\n<p style=\"font-weight: 400; text-align: center;\"><span style=\"text-decoration: underline;\"><strong><em>Lunes a<\/em><\/strong><strong><em> Jueves\u00a0<\/em><\/strong><\/span><\/p>\n<p style=\"font-weight: 400; text-align: center;\"><strong><em>1 de junio al 21 de julio<\/em><\/strong><\/p>\n<p style=\"font-weight: 400; text-align: center;\">9:30am &#8211;\u00a011:00am\u00a0o 1:00pm a 2:30pm<\/p>\n<p style=\"font-weight: 400; text-align: center;\">5:30pm \u2013 7:00pm o 7:10pm \u2013 8:40pm<\/p>\n<p style=\"font-weight: 400; text-align: center;\"><strong><em>S\u00e1bados<\/em><\/strong><\/p>\n<p style=\"font-weight: 400; text-align: center;\"><strong><em>6 de junio al 15 de agosto<\/em><\/strong><\/p>\n<p style=\"font-weight: 400; text-align: center;\">9:00am \u2013 1:30pm<\/p>\n<p>[\/vc_column_text][\/vc_column][vc_column width=&#8221;1\/2&#8243;][vc_column_text]Los cursos tienen una duraci\u00f3n de sesenta (60) lecciones que equivale a\u00a0<strong>45 horas contacto<\/strong>.\u00a0 Para medir su aprovechamiento, los estudiantes reciben una evaluaci\u00f3n de progreso, una evaluaci\u00f3n final. Cada estudiante tendr\u00e1 la oportunidad de hacer dos presentaciones orales durante el curso, participar de todas las actividades conversacionales y se le asignan tareas para el desarrollo de las estructuras gramaticales.\u00a0 En PanAmerican Language creemos en que la manera m\u00e1s eficaz de aprender un idioma es mediante la inmersi\u00f3n.\u00a0 Por lo tanto, s\u00f3lo se le habla a los estudiantes en el idioma que est\u00e1n aprendiendo.<\/p>\n<p>Si tu \u00faltimo curso concluy\u00f3 hace un a\u00f1o o menos entonces NO NECESITAS LA EVALUACI\u00d3N DE COLOCACI\u00d3N. \u00a0Usar\u00edamos el nivel asignado por tu instructor en tu evaluaci\u00f3n final. \u00a0Sin embargo si tu \u00faltimo curso termin\u00f3 hace m\u00e1s de un a\u00f1o entonces tienes que pasar por el proceso de evaluaci\u00f3n nuevamente. \u00a0En ese caso, debes llamar para coordinar una cita. Si decides no matricularte ese d\u00eda entonces la evaluaci\u00f3n (v\u00e1lida por un a\u00f1o) tendr\u00eda un costo de $35.00. Ser\u00e1 gratuita si el estudiante se matricula el mismo d\u00eda que se eval\u00faa.[\/vc_column_text][\/vc_column][\/vc_row][vc_section full_width=&#8221;stretch_row&#8221; css=&#8221;.vc_custom_1668103056342{margin-top: 30px !important;padding-top: 50px !important;padding-bottom: 50px !important;background-color: rgba(30,115,190,0.06) !important;*background-color: rgb(30,115,190) !important;}&#8221;][vc_row css=&#8221;.vc_custom_1668103242945{margin-bottom: 25px !important;}&#8221;][vc_column][\/vc_column][\/vc_row][vc_row equal_height=&#8221;yes&#8221; content_placement=&#8221;top&#8221;][vc_column width=&#8221;1\/2&#8243;][vc_custom_heading stripe_pos=&#8221;hide&#8221; stm_title_font_weight=&#8221;300&#8243; text=&#8221;Para el pago tienes varias opciones:&#8221; font_container=&#8221;tag:h2|font_size:36px|text_align:left|line_height:40px&#8221; use_theme_fonts=&#8221;yes&#8221;][vc_column_text]<\/p>\n<ol>\n<li style=\"list-style-type: none;\">\n<ol style=\"font-weight: 400;\">\n<li><strong>*RE-MATR\u00cdCULA\u200b* 100% LIVE ONLINE ESPECIAL DE PRIMAVERA <\/strong><span style=\"color: #993300;\"><strong>($500)<\/strong><\/span><strong>: <\/strong><u>Esta opci\u00f3n es v\u00e1lida \u00fanicamente para estudiantes que\u00a0hayan tomado cursos con PanAmerican Language anteriormente y\u00a0sean 100%\u00a0virtuales <\/u>(LiveOnline). El estudiante no podr\u00e1 tomar ninguna clase de manera presencial. No aplica plan de pago. <u>V\u00e1lido s\u00f3lo hasta el 30\u00a0de\u00a0abril\u00a0de\u00a02026<\/u><u>.<\/u> <strong>Ahorras $295 del precio regular. <\/strong>A partir del 1 de mayo de 2026: <b>($600)\u00a0<\/b><\/li>\n<li><strong>*RE-MATR\u00cdCULA\u200b* PRESENCIAL\/H\u00cdBRIDO ESPECIAL DE PRIMAVERA<\/strong><strong>\u00a0<\/strong><span style=\"color: #993300;\"><strong>($600)<\/strong><\/span>:\u00a0Para estudiantes\u00a0en modalidad presencial y\/o h\u00edbrida que<u>\u00a0hayan tomado cursos con PanAmerican Language anteriormente<\/u>. No aplica plan de pago. <u>V\u00e1lido s\u00f3lo hasta el 30\u00a0de\u00a0abril\u00a0de\u00a02026<\/u><u>.<\/u> <strong>Ahorras $195 del precio regular. <\/strong>A partir del 1 de mayo de 2026: <b>($700)\u00a0<\/b><\/li>\n<li><strong>PLAN DE PAGO\u00a0<span style=\"color: #ad0303;\">($700 + $75 cuota plan de pago)<\/span>:<\/strong> Aplica para cualquier \u00a0modalidad de estudio. Puedes separar asiento con $193.75 y luego hacer tres (3) pagos bisemanales de $193.75. Para el Plan de pago se requiere evidencia de DOS cuentas distintas como garant\u00eda. Las mismas pueden ser: tarjeta de cr\u00e9dito (Visa, MC, AMEX) y\/o evidencia de cuenta de banco (estado de cuenta o cheque VOID). Es importante que las garant\u00edas no sean de la misma cuenta. \u00a0Por ejemplo, no podr\u00edas traer una ATH con logo VISA + Estado de Cuenta de esa misma ATH. \u00a0Tendr\u00edan que ser dos garant\u00edas de cuentas independientes y tener todo disponible al momento de la matr\u00edcula para llenar el contrato de plan de pago. Este servicio del Plan de Pago conlleva un cargo de $75 y ya est\u00e1 incluido en el desglose de los 4 plazos.<\/li>\n<\/ol>\n<\/li>\n<\/ol>\n<p>[\/vc_column_text][\/vc_column][vc_column width=&#8221;1\/2&#8243;][vc_column_text]<strong>Aquellos que interesen tomar clases LiveOnline (virtual), aqu\u00ed tienen la informaci\u00f3n:<\/strong>[\/vc_column_text][vc_single_image image=&#8221;9378&#8243; img_size=&#8221;full&#8221; onclick=&#8221;link_image&#8221;][\/vc_column][\/vc_row][\/vc_section][vc_section full_width=&#8221;stretch_row&#8221; css=&#8221;.vc_custom_1668103485706{margin-top: 30px !important;padding-top: 30px !important;padding-bottom: 50px !important;background-color: rgba(255,255,255,0.06) !important;*background-color: rgb(255,255,255) !important;}&#8221;][vc_row][vc_column][vc_column_text]Estamos ubicados en el Santa Rosa Mall en Bayam\u00f3n.<\/p>\n<p>Aqu\u00ed un enlace con videos explicativos de c\u00f3mo estamos manejando las clases y evaluaciones online:<\/p>\n<ul>\n<li>Evaluaciones y Matr\u00edcula:\u00a0<a href=\"https:\/\/youtu.be\/9oPyd1DH6ik\">https:\/\/youtu.be\/9oPyd1DH6ik<\/a><\/li>\n<\/ul>\n<ul>\n<li>Cursos LiveOnline:\u00a0<a href=\"https:\/\/youtu.be\/3T24KcPc4kg\">https:\/\/youtu.be\/3T24KcPc4kg<\/a><\/li>\n<\/ul>\n<p>Si tiene alguna duda, pregunta o comentario en confianza puede contactarnos.<\/p>\n<h3><strong>\u00a1Esperamos escuchar de usted pronto!<\/strong><\/h3>\n<p>[\/vc_column_text][vc_single_image image=&#8221;7085&#8243; img_size=&#8221;800&#215;192&#8243; alignment=&#8221;center&#8221;][\/vc_column][\/vc_row][\/vc_section]<\/p>\n","protected":false},"excerpt":{"rendered":"<p>[vc_row full_width=&#8221;stretch_row&#8221; equal_height=&#8221;yes&#8221; content_placement=&#8221;top&#8221; css_animation=&#8221;slideInRight&#8221; css=&#8221;.vc_custom_1668100371793{background-image: url(https:\/\/panamericanlanguage.com\/wp-content\/uploads\/2022\/11\/PANAMARILANGLOGOgris.png?id=7165) !important;}&#8221;][vc_column][vc_column_text] \u00a1Gracias nuevamente por tu inter\u00e9s en PanAmerican Language! [\/vc_column_text][\/vc_column][\/vc_row][vc_row full_width=&#8221;stretch_row&#8221; equal_height=&#8221;yes&#8221; content_placement=&#8221;top&#8221; css_animation=&#8221;slideInRight&#8221; css=&#8221;.vc_custom_1668100371793{background-image: url(https:\/\/panamericanlanguage.com\/wp-content\/uploads\/2022\/11\/PANAMARILANGLOGOgris.png?id=7165) !important;}&#8221;][vc_column width=&#8221;1\/2&#8243;][vc_column_text]Las\u00a0REMATR\u00cdCULAS son aquellos estudiantes que ya tomaron cursos con PanAmerican Language, PALI Teens o PALI Kids y desean continuar mejorando en el idioma.\u00a0 Todo estudiante que haya tomado cursos con nosotros<\/p>\n","protected":false},"author":2,"featured_media":0,"parent":0,"menu_order":0,"comment_status":"closed","ping_status":"closed","template":"","meta":{"footnotes":""},"class_list":["post-7321","page","type-page","status-publish","hentry"],"aioseo_notices":[],"_links":{"self":[{"href":"https:\/\/panamericanlanguage.com\/es\/wp-json\/wp\/v2\/pages\/7321","targetHints":{"allow":["GET"]}}],"collection":[{"href":"https:\/\/panamericanlanguage.com\/es\/wp-json\/wp\/v2\/pages"}],"about":[{"href":"https:\/\/panamericanlanguage.com\/es\/wp-json\/wp\/v2\/types\/page"}],"author":[{"embeddable":true,"href":"https:\/\/panamericanlanguage.com\/es\/wp-json\/wp\/v2\/users\/2"}],"replies":[{"embeddable":true,"href":"https:\/\/panamericanlanguage.com\/es\/wp-json\/wp\/v2\/comments?post=7321"}],"version-history":[{"count":82,"href":"https:\/\/panamericanlanguage.com\/es\/wp-json\/wp\/v2\/pages\/7321\/revisions"}],"predecessor-version":[{"id":9632,"href":"https:\/\/panamericanlanguage.com\/es\/wp-json\/wp\/v2\/pages\/7321\/revisions\/9632"}],"wp:attachment":[{"href":"https:\/\/panamericanlanguage.com\/es\/wp-json\/wp\/v2\/media?parent=7321"}],"curies":[{"name":"wp","href":"https:\/\/api.w.org\/{rel}","templated":true}]}}