{"id":7312,"date":"2022-11-23T12:22:22","date_gmt":"2022-11-23T12:22:22","guid":{"rendered":"https:\/\/panamericanlanguage.com\/?page_id=7312"},"modified":"2026-04-03T14:23:23","modified_gmt":"2026-04-03T18:23:23","slug":"palikids","status":"publish","type":"page","link":"https:\/\/panamericanlanguage.com\/es\/palikids\/","title":{"rendered":"PALI Kids &#038; PALI Teens"},"content":{"rendered":"<p>[vc_row css_animation=&#8221;slideInRight&#8221; css=&#8221;.vc_custom_1668101031643{margin-top: 20px !important;margin-bottom: 20px !important;}&#8221;][vc_column][vc_custom_heading stm_title_font_weight=&#8221;700&#8243; text=&#8221;\u00a1Gracias por tu inter\u00e9s en PALI Kids (6-12) y PALI Teens (13-17)!&#8221; font_container=&#8221;tag:h2|text_align:center&#8221; use_theme_fonts=&#8221;yes&#8221;][\/vc_column][\/vc_row][vc_row full_width=&#8221;stretch_row&#8221; equal_height=&#8221;yes&#8221; content_placement=&#8221;top&#8221; css_animation=&#8221;slideInRight&#8221; css=&#8221;.vc_custom_1668100371793{background-image: url(https:\/\/panamericanlanguage.com\/wp-content\/uploads\/2022\/11\/PANAMARILANGLOGOgris.png?id=7165) !important;}&#8221;][vc_column width=&#8221;1\/2&#8243;][vc_column_text]<\/p>\n<div class=\"form-header-group header-default\">\n<div class=\"header-text httal htvam\">\n<p><span lang=\"ES\"><span lang=\"ES-PR\">Nuestros pr\u00f3ximos cursos grupales intensivos para PALI Kids (6-12<\/span><span class=\"apple-converted-space\"><span lang=\"ES-PR\">\u00a0<\/span><\/span><span lang=\"ES-PR\">a\u00f1os<\/span><span lang=\"ES-PR\">) y PALI Teens (13-17<\/span><span lang=\"ES-PR\">a\u00f1os<\/span><span lang=\"ES-PR\">) est\u00e1n pautados para comenzar en<strong><span class=\"apple-converted-space\"> VERANO<\/span><\/strong><b>\u00a020<\/b><\/span><b><span lang=\"ES-PR\">26<\/span><\/b><span class=\"apple-converted-space\"><b><span lang=\"EN-US\">\u00a0<\/span><\/b><\/span><span lang=\"EN-US\">Presencial\/H\u00edbrido en el 4to Nivel del Santa Rosa Mall en Bayam\u00f3n o 100% Virtual<\/span><span lang=\"EN-US\">. <b><span class=\"apple-converted-space\">\u00a1El estudiante escoge como tomar cada clase!<\/span><\/b><\/span><span lang=\"ES-PR\"><span class=\"apple-converted-space\">\u00a0<\/span><\/span>Los cursos tienen una duraci\u00f3n de\u00a0<span lang=\"EN-US\">treinta y dos<\/span>\u00a0(<span lang=\"EN-US\">32<\/span>) lecciones que equivale<span lang=\"EN-US\">n<\/span>\u00a0a\u00a0<span lang=\"EN-US\">24<\/span>\u00a0horas contacto.\u00a0 Para medir\u00a0<span lang=\"EN-US\">el<\/span>\u00a0aprovechamient<span lang=\"EN-US\">o del estudiante al terminar el curso\u00a0recibir\u00e1\u00a0<\/span>una evaluaci\u00f3n final<span lang=\"EN-US\">.<span class=\"apple-converted-space\">\u00a0<\/span><\/span>En PanAmerican Language creemos en que la manera m\u00e1s efectiva de aprender un idioma es mediante la inmersi\u00f3n.\u00a0 Por lo tanto, s\u00f3lo se le habla a los estudiantes en el idioma que est\u00e1n aprendiendo.<span class=\"apple-converted-space\"><b><i><span lang=\"EN-US\">\u00a0<\/span><\/i><\/b><\/span>A continuaci\u00f3n encontrar\u00e1s el detalle de las fechas de comienzo, fechas de terminaci\u00f3n, d\u00edas y horarios:<\/span><\/p>\n<\/div>\n<\/div>\n<p>[\/vc_column_text][vc_single_image image=&#8221;9642&#8243; img_size=&#8221;full&#8221; onclick=&#8221;img_link_large&#8221;][vc_column_text]<\/p>\n<p style=\"font-weight: 400; text-align: center;\"><span style=\"text-decoration: underline;\"><strong>S\u00e1bados<\/strong> <\/span><\/p>\n<p style=\"font-weight: 400; text-align: center;\"><strong>6<\/strong><strong>\u00a0de junio al 1 de agosto<\/strong><\/p>\n<p style=\"font-weight: 400; text-align: center;\"><strong>9:<\/strong><strong>30am a 12:30pm<\/strong><\/p>\n<p style=\"font-weight: 400; text-align: center;\"><span style=\"text-decoration: underline;\"><strong>Lunes a Jueves<\/strong><\/span><\/p>\n<p style=\"font-weight: 400; text-align: center;\"><strong>8 de junio al 16 de julio<\/strong><\/p>\n<p style=\"font-weight: 400; text-align: center;\"><strong>3:00pm-4:00pm o <\/strong><strong>4:00pm-5:00pm<\/strong><\/p>\n<p>Los cursos intensivos de <strong>Verano 2026 <\/strong>tienen una duraci\u00f3n de treinta y dos (32) lecciones que equivalen a 24 horas contacto.\u00a0 Para medir el aprovechamiento del estudiante al terminar el curso recibir\u00e1 una evaluaci\u00f3n final. En PanAmerican Language creemos en que la manera m\u00e1s eficaz de aprender un idioma es mediante la inmersi\u00f3n.\u00a0 Por lo tanto, s\u00f3lo se le habla a los estudiantes en el idioma que est\u00e1n aprendiendo.<\/p>\n<p>El pr\u00f3ximo paso es coordinar una cita para la evaluaci\u00f3n de colocaci\u00f3n. La evaluaci\u00f3n (v\u00e1lida por un a\u00f1o) tendr\u00eda un costo de $35.00. Ser\u00e1 gratuita si el estudiante se matricula el mismo d\u00eda que se eval\u00faa.[\/vc_column_text][\/vc_column][vc_column width=&#8221;1\/2&#8243;][vc_custom_heading stm_title_font_weight=&#8221;300&#8243; text=&#8221;Para el pago tienes varias opciones:&#8221; font_container=&#8221;tag:h2|font_size:36px|text_align:left|line_height:40px&#8221; use_theme_fonts=&#8221;yes&#8221;][vc_column_text]<\/p>\n<div><\/div>\n<div>\n<ol style=\"font-weight: 400;\">\n<li><strong>*NUEVO INGRESO* <\/strong><strong>ESPECIAL DE\u00a0PRIMAVERA PARA VERANO 2026 <\/strong><span style=\"color: #ff0000;\"><strong>($475<\/strong><\/span><strong><span style=\"color: #ff0000;\">)<\/span>:<\/strong>\u00a0Si pagas la totalidad del curso recibes la Boleta de admisi\u00f3n, aseguras tu asiento y ahorras $50\u00a0del precio regular. <strong><u>V\u00e1lido s\u00f3lo hasta el 30 de abril de 2026.<\/u><\/strong>\u00a0A partir del 1 de mayo de 2026: <strong>($525)<\/strong><\/li>\n<li><strong>PLAN DE PAGO <span style=\"color: #c22f2f;\">(<\/span><\/strong><span style=\"color: #c22f2f;\"><strong>$600<\/strong><\/span><strong><span style=\"color: #c22f2f;\">)<\/span>:<\/strong> Puede separar asiento con $250.00 y luego hacer dos (2) pagos bisemanales de $175.00. Para el Plan de pago se requiere evidencia de <strong>DOS<\/strong>\u00a0cuentas distintas como garant\u00eda.\u00a0Las mismas pueden ser: tarjeta de cr\u00e9dito (Visa, MC, AMEX) y\/o evidencia de cuenta de banco (estado de cuenta o cheque VOID).\u00a0Es importante que las garant\u00edas no sean de la misma cuenta. \u00a0Por ejemplo, no podr\u00edas traer una ATH con logo VISA + Estado de Cuenta de esa misma ATH. \u00a0Tendr\u00edan\u00a0que ser dos garant\u00edas de cuentas independientes y tener todo disponible al momento\u00a0de la matr\u00edcula para llenar el\u00a0<strong>contrato de plan de pago<\/strong>. Este servicio del\u00a0Plan de Pago conlleva un cargo de $75 y ya est\u00e1 incluido en el desglose de los 3 plazos.<\/li>\n<\/ol>\n<p style=\"font-weight: 400;\"><strong>Todo estudiante que haya tomado cursos en PALI Kids o PALI Teens recibe un descuento adicional de $75 por concepto de registro. (Campamento de Verano NO incluido)<\/strong><\/p>\n<\/div>\n<h3 style=\"text-align: center;\">\u00a0\u00a1No esperes m\u00e1s!<\/h3>\n<p>[\/vc_column_text][vc_column_text]<\/p>\n<h3 class=\"has-shade\"><strong><a title=\"Ofertas\" href=\"https:\/\/palishop.com\/collections\/cursos-grupales\">Si est\u00e1s listo para Matricularlo puedes entrar a nuestro<\/a><\/strong><\/h3>\n<h4 class=\"has-shade\"><a href=\"https:\/\/palishop.com\/collections\/cursos-grupales\"><img loading=\"lazy\" decoding=\"async\" class=\"size-medium wp-image-7625 aligncenter\" src=\"https:\/\/panamericanlanguage.com\/wp-content\/uploads\/2023\/06\/PALISHOP-LOGO-300x300.jpg\" alt=\"\" width=\"300\" height=\"300\" srcset=\"https:\/\/panamericanlanguage.com\/wp-content\/uploads\/2023\/06\/PALISHOP-LOGO-300x300.jpg 300w, https:\/\/panamericanlanguage.com\/wp-content\/uploads\/2023\/06\/PALISHOP-LOGO-100x100.jpg 100w, https:\/\/panamericanlanguage.com\/wp-content\/uploads\/2023\/06\/PALISHOP-LOGO-600x600.jpg 600w, https:\/\/panamericanlanguage.com\/wp-content\/uploads\/2023\/06\/PALISHOP-LOGO-150x150.jpg 150w, https:\/\/panamericanlanguage.com\/wp-content\/uploads\/2023\/06\/PALISHOP-LOGO-768x768.jpg 768w, https:\/\/panamericanlanguage.com\/wp-content\/uploads\/2023\/06\/PALISHOP-LOGO-50x50.jpg 50w, https:\/\/panamericanlanguage.com\/wp-content\/uploads\/2023\/06\/PALISHOP-LOGO-320x320.jpg 320w, https:\/\/panamericanlanguage.com\/wp-content\/uploads\/2023\/06\/PALISHOP-LOGO-900x900.jpg 900w, https:\/\/panamericanlanguage.com\/wp-content\/uploads\/2023\/06\/PALISHOP-LOGO.jpg 1018w\" sizes=\"auto, (max-width: 300px) 100vw, 300px\" \/><\/a><\/h4>\n<h4 class=\"has-shade\">Todo estudiante que haya tomado cursos con PALI KIDS o PALI TEENS recibe un descuento adicional de $75 por concepto de Registro. (Campamento de Verano NO incluido) M\u00e1s info aqu\u00ed: <a href=\"https:\/\/panamericanlanguage.com\/es\/rematriculapaki\/\">REMATR\u00cdCULAS<\/a><\/h4>\n<p>[\/vc_column_text][\/vc_column][\/vc_row]<\/p>\n","protected":false},"excerpt":{"rendered":"<p>[vc_row css_animation=&#8221;slideInRight&#8221; css=&#8221;.vc_custom_1668101031643{margin-top: 20px !important;margin-bottom: 20px !important;}&#8221;][vc_column][vc_custom_heading stm_title_font_weight=&#8221;700&#8243; text=&#8221;\u00a1Gracias por tu inter\u00e9s en PALI Kids (6-12) y PALI Teens (13-17)!&#8221; font_container=&#8221;tag:h2|text_align:center&#8221; use_theme_fonts=&#8221;yes&#8221;][\/vc_column][\/vc_row][vc_row full_width=&#8221;stretch_row&#8221; equal_height=&#8221;yes&#8221; content_placement=&#8221;top&#8221; css_animation=&#8221;slideInRight&#8221; css=&#8221;.vc_custom_1668100371793{background-image: url(https:\/\/panamericanlanguage.com\/wp-content\/uploads\/2022\/11\/PANAMARILANGLOGOgris.png?id=7165) !important;}&#8221;][vc_column width=&#8221;1\/2&#8243;][vc_column_text] Nuestros pr\u00f3ximos cursos grupales intensivos para PALI Kids (6-12\u00a0a\u00f1os) y PALI Teens (13-17a\u00f1os) est\u00e1n pautados para comenzar en VERANO\u00a02026\u00a0Presencial\/H\u00edbrido en el 4to Nivel del Santa<\/p>\n","protected":false},"author":2,"featured_media":0,"parent":0,"menu_order":0,"comment_status":"closed","ping_status":"closed","template":"","meta":{"footnotes":""},"class_list":["post-7312","page","type-page","status-publish","hentry"],"aioseo_notices":[],"_links":{"self":[{"href":"https:\/\/panamericanlanguage.com\/es\/wp-json\/wp\/v2\/pages\/7312","targetHints":{"allow":["GET"]}}],"collection":[{"href":"https:\/\/panamericanlanguage.com\/es\/wp-json\/wp\/v2\/pages"}],"about":[{"href":"https:\/\/panamericanlanguage.com\/es\/wp-json\/wp\/v2\/types\/page"}],"author":[{"embeddable":true,"href":"https:\/\/panamericanlanguage.com\/es\/wp-json\/wp\/v2\/users\/2"}],"replies":[{"embeddable":true,"href":"https:\/\/panamericanlanguage.com\/es\/wp-json\/wp\/v2\/comments?post=7312"}],"version-history":[{"count":112,"href":"https:\/\/panamericanlanguage.com\/es\/wp-json\/wp\/v2\/pages\/7312\/revisions"}],"predecessor-version":[{"id":9646,"href":"https:\/\/panamericanlanguage.com\/es\/wp-json\/wp\/v2\/pages\/7312\/revisions\/9646"}],"wp:attachment":[{"href":"https:\/\/panamericanlanguage.com\/es\/wp-json\/wp\/v2\/media?parent=7312"}],"curies":[{"name":"wp","href":"https:\/\/api.w.org\/{rel}","templated":true}]}}