{"id":7252,"date":"2022-11-10T17:03:39","date_gmt":"2022-11-10T17:03:39","guid":{"rendered":"https:\/\/panamericanlanguage.com\/?page_id=7252"},"modified":"2024-03-14T13:09:38","modified_gmt":"2024-03-14T17:09:38","slug":"coordinar-una-cita-2","status":"publish","type":"page","link":"https:\/\/panamericanlanguage.com\/es\/coordinar-una-cita-2\/","title":{"rendered":"Coordinar Cita para Evaluaci\u00f3n y Matr\u00edcula"},"content":{"rendered":"<p>[vc_row full_width=&#8221;stretch_row&#8221; equal_height=&#8221;yes&#8221; content_placement=&#8221;top&#8221; css_animation=&#8221;slideInRight&#8221; css=&#8221;.vc_custom_1668100371793{background-image: url(https:\/\/panamericanlanguage.com\/wp-content\/uploads\/2022\/11\/PANAMARILANGLOGOgris.png?id=7165) !important;}&#8221;][vc_column width=&#8221;1\/2&#8243;][vc_column_text]<\/p>\n<div class=\"form-header-group header-default\">\n<div class=\"header-text httal htvam\">\n<h2 id=\"header_1\" class=\"form-header\" data-component=\"header\">\u00a1Bienvenido!<\/h2>\n<div id=\"subHeader_1\" class=\"form-subHeader\">En Pan American Language estamos para servirle, por favor complete el formulario electr\u00f3nico para coordinar su cita de evaluaci\u00f3n y matr\u00edcula. \u00a0Un representante se comunicar\u00e1 con usted brevemente. \u00a1Gracias por su visita!<\/div>\n<\/div>\n<\/div>\n<p>[\/vc_column_text][vc_raw_html]JTNDc2NyaXB0JTIwdHlwZSUzRCUyMnRleHQlMkZqYXZhc2NyaXB0JTIyJTIwc3JjJTNEJTIyaHR0cHMlM0ElMkYlMkZmb3JtLmpvdGZvcm0uY28lMkZqc2Zvcm0lMkYyMDE1MzY1OTI0NjU4NjMlMjIlM0UlM0MlMkZzY3JpcHQlM0U=[\/vc_raw_html][\/vc_column][vc_column width=&#8221;1\/2&#8243;][vc_single_image image=&#8221;7167&#8243; img_size=&#8221;full&#8221;][\/vc_column][\/vc_row]<\/p>\n","protected":false},"excerpt":{"rendered":"<p>[vc_row full_width=&#8221;stretch_row&#8221; equal_height=&#8221;yes&#8221; content_placement=&#8221;top&#8221; css_animation=&#8221;slideInRight&#8221; css=&#8221;.vc_custom_1668100371793{background-image: url(https:\/\/panamericanlanguage.com\/wp-content\/uploads\/2022\/11\/PANAMARILANGLOGOgris.png?id=7165) !important;}&#8221;][vc_column width=&#8221;1\/2&#8243;][vc_column_text] \u00a1Bienvenido! En Pan American Language estamos para servirle, por favor complete el formulario electr\u00f3nico para coordinar su cita de evaluaci\u00f3n y matr\u00edcula. \u00a0Un representante se comunicar\u00e1 con usted brevemente. \u00a1Gracias por su visita! [\/vc_column_text][vc_raw_html]JTNDc2NyaXB0JTIwdHlwZSUzRCUyMnRleHQlMkZqYXZhc2NyaXB0JTIyJTIwc3JjJTNEJTIyaHR0cHMlM0ElMkYlMkZmb3JtLmpvdGZvcm0uY28lMkZqc2Zvcm0lMkYyMDE1MzY1OTI0NjU4NjMlMjIlM0UlM0MlMkZzY3JpcHQlM0U=[\/vc_raw_html][\/vc_column][vc_column width=&#8221;1\/2&#8243;][vc_single_image image=&#8221;7167&#8243; img_size=&#8221;full&#8221;][\/vc_column][\/vc_row]<\/p>\n","protected":false},"author":2,"featured_media":0,"parent":0,"menu_order":0,"comment_status":"closed","ping_status":"closed","template":"","meta":{"footnotes":""},"class_list":["post-7252","page","type-page","status-publish","hentry"],"aioseo_notices":[],"_links":{"self":[{"href":"https:\/\/panamericanlanguage.com\/es\/wp-json\/wp\/v2\/pages\/7252","targetHints":{"allow":["GET"]}}],"collection":[{"href":"https:\/\/panamericanlanguage.com\/es\/wp-json\/wp\/v2\/pages"}],"about":[{"href":"https:\/\/panamericanlanguage.com\/es\/wp-json\/wp\/v2\/types\/page"}],"author":[{"embeddable":true,"href":"https:\/\/panamericanlanguage.com\/es\/wp-json\/wp\/v2\/users\/2"}],"replies":[{"embeddable":true,"href":"https:\/\/panamericanlanguage.com\/es\/wp-json\/wp\/v2\/comments?post=7252"}],"version-history":[{"count":9,"href":"https:\/\/panamericanlanguage.com\/es\/wp-json\/wp\/v2\/pages\/7252\/revisions"}],"predecessor-version":[{"id":8678,"href":"https:\/\/panamericanlanguage.com\/es\/wp-json\/wp\/v2\/pages\/7252\/revisions\/8678"}],"wp:attachment":[{"href":"https:\/\/panamericanlanguage.com\/es\/wp-json\/wp\/v2\/media?parent=7252"}],"curies":[{"name":"wp","href":"https:\/\/api.w.org\/{rel}","templated":true}]}}