{"id":7210,"date":"2022-11-10T14:35:37","date_gmt":"2022-11-10T14:35:37","guid":{"rendered":"https:\/\/panamericanlanguage.com\/?page_id=7210"},"modified":"2023-07-03T12:57:51","modified_gmt":"2023-07-03T12:57:51","slug":"nuestros-servicios","status":"publish","type":"page","link":"https:\/\/panamericanlanguage.com\/es\/nuestros-servicios\/","title":{"rendered":"Servicios"},"content":{"rendered":"<p>[vc_section full_width=&#8221;stretch_row&#8221; css_animation=&#8221;slideInLeft&#8221; css=&#8221;.vc_custom_1681758614590{margin-top: 40px !important;margin-bottom: 0px !important;padding-top: 30px !important;padding-bottom: 30px !important;background: #ffffff url(https:\/\/panamericanlanguage.com\/wp-content\/uploads\/2022\/11\/PANAMARILANGLOGOgris.png?id=7165) !important;}&#8221;][vc_row][vc_column width=&#8221;1\/12&#8243;][\/vc_column][vc_column width=&#8221;5\/6&#8243;][vc_tta_tour style=&#8221;flat&#8221; color=&#8221;white&#8221; spacing=&#8221;10&#8243; active_section=&#8221;1&#8243;][vc_tta_section title=&#8221;Ense\u00f1anza de Idiomas&#8221; tab_id=&#8221;1668099449402-dd37b172-47a0&#8243;][vc_single_image image=&#8221;7250&#8243; img_size=&#8221;full&#8221;][vc_column_text]<strong>\u00bfQU\u00c9 OFRECEMOS?<\/strong><\/p>\n<p>Adiestramiento en los siguientes idiomas: ingl\u00e9s, espa\u00f1ol, franc\u00e9s, portugu\u00e9s, alem\u00e1n, italiano, japon\u00e9s, chino mandar\u00edn y otros. Clases individuales, en pareja, y en grupos, diurnas, nocturnas y\/o sabatinas. Los grupos son peque\u00f1os (3 -10 estudiantes) para que todos tengan la oportunidad de participar y obtener un mejor aprovechamiento. Podemos enviar al instructor a su compa\u00f1\u00eda o el estudiante puede tomar los cursos en nuestras localidades.<\/p>\n<p><strong>\u00bfC\u00d3MO LO HACEMOS?<\/strong><\/p>\n<p>Utilizamos diversos m\u00e9todos y t\u00e9cnicas que responden a las necesidades de nuestros estudiantes. (Favor de visitar la secci\u00f3n de\u00a0<a title=\"Metodolog\u00eda\" href=\"https:\/\/panamericanlanguage.com\/es\/?page_id=10\">Metodolog\u00eda<\/a>)<\/p>\n<p><strong>\u00bfPOR QU\u00c9 ESCOGERNOS?<\/strong><\/p>\n<p>Integridad Acad\u00e9mica, Flexibilidad, Costo-Beneficio y Experiencia<\/p>\n<p><strong>OBJETIVOS GENERALES<\/strong><\/p>\n<ul>\n<li>Desarrollar destrezas de comunicaci\u00f3n oral.<\/li>\n<li>Aumentar vocabulario y practicar su uso en un contexto profesional.<\/li>\n<li>Mejorar destrezas de compresi\u00f3n auditiva.<\/li>\n<li>Desarrollar auto-confianza en el estudiante al expresar sus ideas en el idioma.<\/li>\n<li>Identificar y corregir problemas estructurales y de conjugaci\u00f3n verbal al formar oraciones.<\/li>\n<\/ul>\n<p>[\/vc_column_text][\/vc_tta_section][vc_tta_section title=&#8221;Live Online&#8221; tab_id=&#8221;1668095770384-c1125598-f869&#8243;][vc_single_image image=&#8221;7233&#8243; img_size=&#8221;full&#8221;][vc_column_text]<\/p>\n<h4 style=\"text-align: center;\">Video Explicativo de nuestro servicio LiveOnline<\/h4>\n<p>[\/vc_column_text][vc_raw_html]JTNDaWZyYW1lJTIwd2lkdGglM0QlMjIxMDAlMjUlMjIlMjBoZWlnaHQlM0QlMjIzMTUlMjIlMjBzcmMlM0QlMjJodHRwcyUzQSUyRiUyRnd3dy55b3V0dWJlLmNvbSUyRmVtYmVkJTJGM1QyNEtjUGM0a2clMjIlMjB0aXRsZSUzRCUyMllvdVR1YmUlMjB2aWRlbyUyMHBsYXllciUyMiUyMGZyYW1lYm9yZGVyJTNEJTIyMCUyMiUyMGFsbG93JTNEJTIyYWNjZWxlcm9tZXRlciUzQiUyMGF1dG9wbGF5JTNCJTIwY2xpcGJvYXJkLXdyaXRlJTNCJTIwZW5jcnlwdGVkLW1lZGlhJTNCJTIwZ3lyb3Njb3BlJTNCJTIwcGljdHVyZS1pbi1waWN0dXJlJTIyJTIwYWxsb3dmdWxsc2NyZWVuJTNFJTNDJTJGaWZyYW1lJTNF[\/vc_raw_html][vc_column_text]<\/p>\n<h4 style=\"text-align: center;\">Aqu\u00ed un ejemplo de una clase de japon\u00e9s usando nuestro servicio LiveOnline:<\/h4>\n<p>[\/vc_column_text][vc_raw_html]JTNDaWZyYW1lJTIwc3JjJTNEJTIyaHR0cHMlM0ElMkYlMkZ3d3cuZmFjZWJvb2suY29tJTJGcGx1Z2lucyUyRnZpZGVvLnBocCUzRmhyZWYlM0RodHRwcyUyNTNBJTI1MkYlMjUyRnd3dy5mYWNlYm9vay5jb20lMjUyRlBhbkFtZXJpY2FuTGFuZ3VhZ2UlMjUyRnZpZGVvcyUyNTJGMTAxNTM0MTcxNDM0NDgzMzMlMjUyRiUyNnNob3dfdGV4dCUzRDAlMjZ3aWR0aCUzRDQ3NiUyMiUyMHdpZHRoJTNEJTIyMTAwJTI1JTIyJTIwaGVpZ2h0JTNEJTIyNDc2JTIyJTIwc3R5bGUlM0QlMjJib3JkZXIlM0Fub25lJTNCb3ZlcmZsb3clM0FoaWRkZW4lMjIlMjBzY3JvbGxpbmclM0QlMjJubyUyMiUyMGZyYW1lYm9yZGVyJTNEJTIyMCUyMiUyMGFsbG93ZnVsbHNjcmVlbiUzRCUyMnRydWUlMjIlMjBhbGxvdyUzRCUyMmF1dG9wbGF5JTNCJTIwY2xpcGJvYXJkLXdyaXRlJTNCJTIwZW5jcnlwdGVkLW1lZGlhJTNCJTIwcGljdHVyZS1pbi1waWN0dXJlJTNCJTIwd2ViLXNoYXJlJTIyJTIwYWxsb3dGdWxsU2NyZWVuJTNEJTIydHJ1ZSUyMiUzRSUzQyUyRmlmcmFtZSUzRQ==[\/vc_raw_html][\/vc_tta_section][vc_tta_section title=&#8221;Clientes Corporativos&#8221; tab_id=&#8221;1668094724813-c61687da-a68b&#8221;][vc_single_image image=&#8221;7217&#8243; img_size=&#8221;full&#8221;][vc_column_text]PanAmerican Language le ha servido a miles de profesionales en cientos de compa\u00f1\u00edas de todas las industrias durante m\u00e1s de tres d\u00e9cadas. Somos una instituci\u00f3n familiar netamente puertorrique\u00f1a que conoce sus necesidades. \u00a0Ofrecemos adiestramiento en idiomas en nuestros centros o enviamos al instructor a su empresa. Adem\u00e1s, contamos con el Servicio LiveOnline donde el estudiante participa de su curso desde una localidad remota. \u00a0Somos innovadores en el campo de la ense\u00f1anza, y podemos adaptar nuestro curr\u00edculo a sus necesidades, requisitos y proyectos especiales. Si usted desea una propuesta, favor de llenar la solicitud para que nuestro Departamento de Cuentas Corporativas se la env\u00ede a la mayor brevedad posible.[\/vc_column_text][vc_raw_html]JTNDc2NyaXB0JTIwdHlwZSUzRCUyMnRleHQlMkZqYXZhc2NyaXB0JTIyJTIwc3JjJTNEJTIyaHR0cHMlM0ElMkYlMkZmb3JtLmpvdGZvcm0uY28lMkZqc2Zvcm0lMkYyMDE1MzY5ODYyMzQ4NjQlMjIlM0UlM0MlMkZzY3JpcHQlM0U=[\/vc_raw_html][\/vc_tta_section][vc_tta_section title=&#8221;Traducciones&#8221; tab_id=&#8221;1668098201039-5cf59fd8-c85b&#8221;][vc_single_image image=&#8221;7243&#8243; img_size=&#8221;full&#8221;][vc_column_text]Pan American Language Institute es la mejor soluci\u00f3n para su servicio de traducci\u00f3n. Nuestros traductores est\u00e1n altamente cualificados en diferentes ramas profesionales tales como: Ciencia, Leyes, Medicina, Farmacia, Turismo, Negocios y otros. Nos aseguramos que el traductor asignado tenga completo dominio del idioma, experiencia previa y conocimiento de la rama profesional con la cual trabajar\u00e1. Colaboramos muy de cerca con el cliente para garantizar el significado deseado al traducir los t\u00e9rminos de uso y costumbre en las distintas industrias. Adem\u00e1s, las traducciones pasan por un proceso final de revisi\u00f3n y compilaci\u00f3n para asegurar el m\u00e1s alto nivel de calidad. Trabajamos r\u00e1pida y efectivamente por correo electr\u00f3nico, fax y \/ o Internet, y entregamos la traducci\u00f3n en papel original y \/ o archivo electr\u00f3nico. Estamos confiados que, al igual que todos nuestros clientes dom\u00e9sticos e internacionales, usted quedar\u00e1 muy satisfecho con nuestro servicio. Los costos var\u00edan dependiendo de la cantidad de p\u00e1ginas o palabras a ser traducidas, tema del documento, urgencia de entrega, idiomas envueltos, disponibilidad de traductores, editorial y formato del documento. Para poder cotizar adecuadamente, solicitamos el documento o una muestra del mismo (con un aproximado de p\u00e1ginas). En Pan American Language Institute ofrecemos mayormente servicios de TRADUCCI\u00d3N DE DOCUMENTOS en los siguientes idiomas:<\/p>\n<ul>\n<li>ESPA\u00d1OL \u2013 INGL\u00c9S<\/li>\n<li>INGL\u00c9S \u2013 ESPA\u00d1OL<\/li>\n<li>FRANC\u00c9S \u2013 ESPA\u00d1OL<\/li>\n<li>ESPA\u00d1OL \u2013 FRANC\u00c9S<\/li>\n<\/ul>\n<p>Adem\u00e1s, podemos brindar este servicio en otros idiomas dependiendo de la disponibilidad de traductores.[\/vc_column_text][\/vc_tta_section][vc_tta_section title=&#8221;Interpretaciones&#8221; tab_id=&#8221;1668099410729-76cda342-b12b&#8221;][\/vc_tta_section][\/vc_tta_tour][\/vc_column][vc_column width=&#8221;1\/12&#8243;][\/vc_column][\/vc_row][vc_row][vc_column][vc_single_image image=&#8221;7085&#8243; img_size=&#8221;full&#8221;][\/vc_column][\/vc_row][\/vc_section]<\/p>\n","protected":false},"excerpt":{"rendered":"<p>[vc_section full_width=&#8221;stretch_row&#8221; css_animation=&#8221;slideInLeft&#8221; css=&#8221;.vc_custom_1681758614590{margin-top: 40px !important;margin-bottom: 0px !important;padding-top: 30px !important;padding-bottom: 30px !important;background: #ffffff url(https:\/\/panamericanlanguage.com\/wp-content\/uploads\/2022\/11\/PANAMARILANGLOGOgris.png?id=7165) !important;}&#8221;][vc_row][vc_column width=&#8221;1\/12&#8243;][\/vc_column][vc_column width=&#8221;5\/6&#8243;][vc_tta_tour style=&#8221;flat&#8221; color=&#8221;white&#8221; spacing=&#8221;10&#8243; active_section=&#8221;1&#8243;][vc_tta_section title=&#8221;Ense\u00f1anza de Idiomas&#8221; tab_id=&#8221;1668099449402-dd37b172-47a0&#8243;][vc_single_image image=&#8221;7250&#8243; img_size=&#8221;full&#8221;][vc_column_text]\u00bfQU\u00c9 OFRECEMOS? Adiestramiento en los siguientes idiomas: ingl\u00e9s, espa\u00f1ol, franc\u00e9s, portugu\u00e9s, alem\u00e1n, italiano, japon\u00e9s, chino mandar\u00edn y otros. Clases individuales, en pareja, y en grupos, diurnas, nocturnas y\/o sabatinas.<\/p>\n","protected":false},"author":2,"featured_media":0,"parent":0,"menu_order":0,"comment_status":"closed","ping_status":"closed","template":"","meta":{"footnotes":""},"class_list":["post-7210","page","type-page","status-publish","hentry"],"aioseo_notices":[],"_links":{"self":[{"href":"https:\/\/panamericanlanguage.com\/es\/wp-json\/wp\/v2\/pages\/7210","targetHints":{"allow":["GET"]}}],"collection":[{"href":"https:\/\/panamericanlanguage.com\/es\/wp-json\/wp\/v2\/pages"}],"about":[{"href":"https:\/\/panamericanlanguage.com\/es\/wp-json\/wp\/v2\/types\/page"}],"author":[{"embeddable":true,"href":"https:\/\/panamericanlanguage.com\/es\/wp-json\/wp\/v2\/users\/2"}],"replies":[{"embeddable":true,"href":"https:\/\/panamericanlanguage.com\/es\/wp-json\/wp\/v2\/comments?post=7210"}],"version-history":[{"count":1,"href":"https:\/\/panamericanlanguage.com\/es\/wp-json\/wp\/v2\/pages\/7210\/revisions"}],"predecessor-version":[{"id":8024,"href":"https:\/\/panamericanlanguage.com\/es\/wp-json\/wp\/v2\/pages\/7210\/revisions\/8024"}],"wp:attachment":[{"href":"https:\/\/panamericanlanguage.com\/es\/wp-json\/wp\/v2\/media?parent=7210"}],"curies":[{"name":"wp","href":"https:\/\/api.w.org\/{rel}","templated":true}]}}