{"id":33,"date":"2012-10-17T15:11:47","date_gmt":"2012-10-17T15:11:47","guid":{"rendered":"http:\/\/panamericanlanguage.com\/es\/?page_id=33"},"modified":"2012-10-17T15:11:47","modified_gmt":"2012-10-17T15:11:47","slug":"inicio","status":"publish","type":"page","link":"https:\/\/panamericanlanguage.com\/es\/inicio\/","title":{"rendered":"Bienvenidos"},"content":{"rendered":"<p><iframe loading=\"lazy\" src=\"http:\/\/panamericanlanguage.com\/es\/wp-content\/themes\/panamerican\/map02.html\" scrolling=\"no\" width=\"567\" height=\"190\"><\/iframe><\/p>\n<h1>Bienvenidos<\/h1>\n<p>Desde 1986 nos hemos dedicado al crecimiento y desarrollo de miles de profesionales mediante la ense\u00f1anza de idiomas. Hemos adiestrado el personal de cientos de corporaciones multinacionales, profesionales, celebridades, atletas y reinas de belleza pero tambi\u00e9n ayudamos a cualquier adulto, joven o ni\u00f1o que esta buscando desarrollar sus destrezas de comunicaci\u00f3n.<br \/>\nEstamos comprometidos con su mejoramiento profesional y nuestro servicio personalizado ser\u00e1 clave para ayudarle a alcanzar sus objetivos en el idioma. Adem\u00e1s, mantenemos un riguroso proceso de reclutamiento, adiestramiento y supervisi\u00f3n para garantizar el mejor aprovechamiento posible. Por eso orgullosamente decimos:<\/p>\n<p style=\"font-size: 120%; text-align: center;\"><span style=\"color: #ff0000;\"><strong><a href=\"http:\/\/panamericanlanguage.com\/es\/wp-content\/uploads\/2012\/10\/SLOGAN-PALI.jpg\"><img loading=\"lazy\" decoding=\"async\" class=\"aligncenter size-medium wp-image-380\" title=\"SLOGAN PALI\" src=\"http:\/\/panamericanlanguage.com\/es\/wp-content\/uploads\/2012\/10\/SLOGAN-PALI-300x72.jpg\" alt=\"\" width=\"300\" height=\"72\" \/><\/a><\/strong><\/span><\/p>\n<p>&nbsp;<\/p>\n<h4 style=\"text-align: center;\"><strong style=\"font-size: 1.5em;\">San Patricio \u00a0\u2022 Caguas \u2022 LiveOnline\u00a0<\/strong><\/h4>\n<h4 style=\"text-align: center;\"><strong style=\"font-size: 1.5em;\"><\/strong><strong style=\"font-size: 1.5em;\">787.793.4995<\/strong><\/h4>\n<h3 style=\"text-align: center;\"><strong><a href=\"http:\/\/panamericanlanguage.com\/es\/coordinar-cita-para-evaluacion\">\u00a1Coordina tu Cita para Evaluaci\u00f3n hoy!<\/a><\/strong><\/h3>\n","protected":false},"excerpt":{"rendered":"<p>Bienvenidos Desde 1986 nos hemos dedicado al crecimiento y desarrollo de miles de profesionales mediante la ense\u00f1anza de idiomas. Hemos adiestrado el personal de cientos de corporaciones multinacionales, profesionales, celebridades, atletas y reinas de belleza pero tambi\u00e9n ayudamos a cualquier adulto, joven o ni\u00f1o que esta buscando desarrollar sus destrezas de comunicaci\u00f3n. Estamos comprometidos con<\/p>\n","protected":false},"author":3,"featured_media":0,"parent":0,"menu_order":0,"comment_status":"open","ping_status":"open","template":"template_builder.php","meta":{"footnotes":""},"class_list":["post-33","page","type-page","status-publish","hentry"],"aioseo_notices":[],"_links":{"self":[{"href":"https:\/\/panamericanlanguage.com\/es\/wp-json\/wp\/v2\/pages\/33","targetHints":{"allow":["GET"]}}],"collection":[{"href":"https:\/\/panamericanlanguage.com\/es\/wp-json\/wp\/v2\/pages"}],"about":[{"href":"https:\/\/panamericanlanguage.com\/es\/wp-json\/wp\/v2\/types\/page"}],"author":[{"embeddable":true,"href":"https:\/\/panamericanlanguage.com\/es\/wp-json\/wp\/v2\/users\/3"}],"replies":[{"embeddable":true,"href":"https:\/\/panamericanlanguage.com\/es\/wp-json\/wp\/v2\/comments?post=33"}],"version-history":[{"count":0,"href":"https:\/\/panamericanlanguage.com\/es\/wp-json\/wp\/v2\/pages\/33\/revisions"}],"wp:attachment":[{"href":"https:\/\/panamericanlanguage.com\/es\/wp-json\/wp\/v2\/media?parent=33"}],"curies":[{"name":"wp","href":"https:\/\/api.w.org\/{rel}","templated":true}]}}