{"id":2645,"date":"2020-06-23T12:23:09","date_gmt":"2020-06-23T16:23:09","guid":{"rendered":"https:\/\/panamericanlanguage.com\/es\/?page_id=2645"},"modified":"2020-06-23T12:23:09","modified_gmt":"2020-06-23T16:23:09","slug":"enpareja","status":"publish","type":"page","link":"https:\/\/panamericanlanguage.com\/es\/enpareja\/","title":{"rendered":"Cursos En Pareja (D\u00fao)"},"content":{"rendered":"<div>\n<h3 style=\"text-align: center;\">\u00a1Gracias por tu inter\u00e9s en PanAmerican Language!<\/h3>\n<div>\n<p style=\"text-align: justify;\">Nuestros <strong>Cursos En Pareja\u00a0(D\u00fao)\u00a0<\/strong>tienen una duraci\u00f3n de sesenta (60) lecciones que equivalen\u00a0a\u00a0<strong>45 horas contacto<\/strong>.\u00a0<em>El curr\u00edculo se adapta a las necesidades de los estudiantes\u00a0y para esta modalidad es requisito que ambos candidatos tengan el mismo nivel de conocimiento.<\/em>\u00a0En PanAmerican Language creemos en que la manera m\u00e1s efectiva de aprender un idioma es mediante la inmersi\u00f3n.\u00a0 Por lo tanto, s\u00f3lo se le habla a los estudiantes en el idioma que est\u00e1n aprendiendo.\u00a0Para medir su aprovechamiento,\u00a0cada estudiante\u00a0recibe una evaluaci\u00f3n de progreso, una evaluaci\u00f3n final y, de cumplir los requisitos m\u00ednimos, el certificado del curso.\u00a0\u00a0Se ofrecen en nuestras facilidades o mediante el Servicio Live Online (video conferencia).<\/p>\n<p style=\"text-align: justify;\">Para la forma de pago tendr\u00e1n\u00a0varias opciones:<\/p>\n<p style=\"text-align: justify;\">1.\u00a0<strong>Evalu<\/strong><strong>aci\u00f3n\u00a0y Matr\u00edcula<\/strong>: Si paga la totalidad del curso\u00a0<strong>($1,680 cada uno<\/strong>) reciben\u00a0la Boleta de Admisi\u00f3n (sin condici\u00f3n alguna), separan\u00a0su espacio y no tendr\u00edan\u00a0que regresar hasta el primer d\u00eda de clases. Deber\u00e1n\u00a0esperar la llamada del Departamento de Coordinaciones para recibir la CONFIRMACI\u00d3N oficial de la fecha de comienzo de su curso. El comienzo del mismo puede demorar de 10 a 15 d\u00edas laborables una vez matriculado. No se coordinan cursos para viernes despu\u00e9s de las 5pm, ni s\u00e1bados ni domingos.<\/p>\n<p style=\"text-align: justify;\">2.\u00a0<strong>Evalua<\/strong><strong>ci\u00f3n y\u00a0Plan de Pago<\/strong>: Pueden\u00a0separar asiento con\u00a0<strong>$558.75 cada uno<\/strong>\u00a0y luego hacer tres (3) pagos\u00a0de $398.75 cada uno. Para el Plan de pago se requieren dos cuentas distintas como garant\u00eda. (Visa, MC, AMEX o Cuentas Bancarias). El plan de pago conlleva un cargo de $75 y ya est\u00e1 incluido en el desglose de los 4 pagos. La frecuencia de los pagos depender\u00e1 de la frecuencia de su curso, en el proceso de matricula le indicar\u00e1n las fechas.<\/p>\n<p style=\"text-align: justify;\">El pr\u00f3ximo paso es coordinar una cita para la evaluaci\u00f3n de colocaci\u00f3n (de ser necesario- depender\u00e1 del idioma de inter\u00e9s). Si decides no matricularte ese d\u00eda entonces la evaluaci\u00f3n (v\u00e1lida por un a\u00f1o) tendr\u00eda un costo de $25.00.<\/p>\n<\/div>\n<div style=\"text-align: justify;\">\n<p>Si ya has sido estudiante de nosotros, obtienes un descuento adicional de $85 por concepto de registro.<\/p>\n<\/div>\n<\/div>\n<div>\n<p style=\"text-align: justify;\">Tenemos Centros en San Patricio y en Caguas. Adjunto el enlace con los mapas:\u00a0<a href=\"http:\/\/panamericanlanguage.com\/es\/localidades\" target=\"_blank\" rel=\"noopener\">http:\/\/panamericanlanguage.com\/es\/localidades<\/a><\/p>\n<p style=\"text-align: justify;\">Si tiene alguna duda, pregunta o comentario en confianza puede contactarme.<\/p>\n<h3 style=\"text-align: center;\">\u00a1Esperamos escuchar de ti pronto!<\/h3>\n<\/div>\n","protected":false},"excerpt":{"rendered":"<p>\u00a1Gracias por tu inter\u00e9s en PanAmerican Language! Nuestros Cursos En Pareja\u00a0(D\u00fao)\u00a0tienen una duraci\u00f3n de sesenta (60) lecciones que equivalen\u00a0a\u00a045 horas contacto.\u00a0El curr\u00edculo se adapta a las necesidades de los estudiantes\u00a0y para esta modalidad es requisito que ambos candidatos tengan el mismo nivel de conocimiento.\u00a0En PanAmerican Language creemos en que la manera m\u00e1s efectiva de aprender<\/p>\n","protected":false},"author":3,"featured_media":0,"parent":0,"menu_order":0,"comment_status":"open","ping_status":"open","template":"","meta":{"footnotes":""},"class_list":["post-2645","page","type-page","status-publish","hentry"],"aioseo_notices":[],"_links":{"self":[{"href":"https:\/\/panamericanlanguage.com\/es\/wp-json\/wp\/v2\/pages\/2645","targetHints":{"allow":["GET"]}}],"collection":[{"href":"https:\/\/panamericanlanguage.com\/es\/wp-json\/wp\/v2\/pages"}],"about":[{"href":"https:\/\/panamericanlanguage.com\/es\/wp-json\/wp\/v2\/types\/page"}],"author":[{"embeddable":true,"href":"https:\/\/panamericanlanguage.com\/es\/wp-json\/wp\/v2\/users\/3"}],"replies":[{"embeddable":true,"href":"https:\/\/panamericanlanguage.com\/es\/wp-json\/wp\/v2\/comments?post=2645"}],"version-history":[{"count":0,"href":"https:\/\/panamericanlanguage.com\/es\/wp-json\/wp\/v2\/pages\/2645\/revisions"}],"wp:attachment":[{"href":"https:\/\/panamericanlanguage.com\/es\/wp-json\/wp\/v2\/media?parent=2645"}],"curies":[{"name":"wp","href":"https:\/\/api.w.org\/{rel}","templated":true}]}}