{"id":2639,"date":"2020-06-23T12:12:15","date_gmt":"2020-06-23T16:12:15","guid":{"rendered":"https:\/\/panamericanlanguage.com\/es\/?page_id=2639"},"modified":"2026-04-03T14:26:23","modified_gmt":"2026-04-03T18:26:23","slug":"rematriculapaki","status":"publish","type":"page","link":"https:\/\/panamericanlanguage.com\/es\/rematriculapaki\/","title":{"rendered":"Rematr\u00edculas PALI Kids &#038; PALI Teens"},"content":{"rendered":"<p>[vc_row full_width=&#8221;stretch_row&#8221; equal_height=&#8221;yes&#8221; content_placement=&#8221;top&#8221; css_animation=&#8221;slideInRight&#8221; css=&#8221;.vc_custom_1668100371793{background-image: url(https:\/\/panamericanlanguage.com\/wp-content\/uploads\/2022\/11\/PANAMARILANGLOGOgris.png?id=7165) !important;}&#8221;][vc_column width=&#8221;1\/2&#8243;][vc_column_text]<\/p>\n<h3><span lang=\"ES-PR\"><strong>\u00a1Gracias nuevamente por su inter\u00e9s en PALI Kids (6-12) &amp; PALI Teens (13-17)!<\/strong><\/span><\/h3>\n<p>[\/vc_column_text][vc_column_text]<\/p>\n<div class=\"form-header-group header-default\">\n<div class=\"header-text httal htvam\">\n<p>Las\u00a0<b><span class=\"outlook-search-highlight\" data-markjs=\"true\">REMATRICULA<\/span>S<\/b>\u00a0son aquellos estudiantes que hayan tomado cursos con PanAmerican Language, <span class=\"outlook-search-highlight\" data-markjs=\"true\">PALI<\/span> Teens o <span class=\"outlook-search-highlight\" data-markjs=\"true\">PALI<\/span><span class=\"outlook-search-highlight\" data-markjs=\"true\">Kids<\/span> y se pueda evidenciar estos estudios en nuestro sistema o que el estudiante traiga evidencia.\u00a0<b>Todo estudiante que haya tomado cursos en <span class=\"outlook-search-highlight\" data-markjs=\"true\">PALI<\/span> <span class=\"outlook-search-highlight\" data-markjs=\"true\">Kids<\/span> o <span class=\"outlook-search-highlight\" data-markjs=\"true\">PALI<\/span> Teens recibe un descuento de $<\/b><b>75 por concepto de registro.\u00a0<\/b>(Campamento de Verano NO incluido).<\/p>\n<p><span lang=\"ES\"><span lang=\"ES-PR\">Nuestros pr\u00f3ximos cursos grupales para PALI Kids (6-12<\/span><span class=\"apple-converted-space\"><span lang=\"ES-PR\">\u00a0<\/span><\/span><span lang=\"ES-PR\">a\u00f1os<\/span><span lang=\"ES-PR\">) y PALI Teens (13-17<\/span><span lang=\"ES-PR\">a\u00f1os<\/span><span lang=\"ES-PR\">) est\u00e1n pautados para comenzar en<strong><span class=\"apple-converted-space\"> VERANO<\/span><\/strong><b>\u00a020<\/b><\/span><b><span lang=\"ES-PR\">26<\/span><\/b><span class=\"apple-converted-space\"><b><span lang=\"EN-US\">\u00a0<\/span><\/b><\/span><span lang=\"EN-US\">presencial\/h\u00edbrido en el 4to nivel del Santa Rosa Mall en Bayam\u00f3n o 100% Virtual <\/span><span lang=\"EN-US\">. <b><span class=\"apple-converted-space\">\u00a1El estudiante escoge como tomar cada clase!<\/span><\/b><\/span><span lang=\"ES-PR\"><span class=\"apple-converted-space\">\u00a0<\/span><\/span>Los cursos tienen una duraci\u00f3n de\u00a0<span lang=\"EN-US\">treinta y dos<\/span>\u00a0(<span lang=\"EN-US\">32<\/span>) lecciones que equivale<span lang=\"EN-US\">n<\/span>\u00a0a\u00a0<span lang=\"EN-US\">24<\/span>\u00a0horas contacto.\u00a0 Para medir\u00a0<span lang=\"EN-US\">el<\/span>\u00a0aprovechamient<span lang=\"EN-US\">o del estudiante al terminar el curso\u00a0recibir\u00e1\u00a0<\/span>una evaluaci\u00f3n final<span lang=\"EN-US\">.<span class=\"apple-converted-space\">\u00a0<\/span><\/span>En PanAmerican Language creemos en que la manera m\u00e1s efectiva de aprender un idioma es mediante la inmersi\u00f3n.\u00a0 Por lo tanto, s\u00f3lo se le habla a los estudiantes en el idioma que est\u00e1n aprendiendo.<span class=\"apple-converted-space\"><b><i><span lang=\"EN-US\">\u00a0<\/span><\/i><\/b><\/span>A continuaci\u00f3n encontrar\u00e1s el detalle de las fechas de comienzo, fechas de terminaci\u00f3n, d\u00edas y horarios:<\/span><\/p>\n<\/div>\n<\/div>\n<p>[\/vc_column_text][vc_single_image image=&#8221;9642&#8243; img_size=&#8221;full&#8221;][vc_column_text]<\/p>\n<p style=\"font-weight: 400; text-align: center;\"><span style=\"text-decoration: underline;\"><strong>S\u00e1bados<\/strong> <\/span><\/p>\n<p style=\"font-weight: 400; text-align: center;\"><strong>6<\/strong><strong>\u00a0de junio al 1 de agosto<\/strong><\/p>\n<p style=\"font-weight: 400; text-align: center;\"><strong>9:<\/strong><strong>30am a 12:30pm<\/strong><\/p>\n<p style=\"font-weight: 400; text-align: center;\"><span style=\"text-decoration: underline;\"><strong>Lunes a Jueves<\/strong><\/span><\/p>\n<p style=\"font-weight: 400; text-align: center;\"><strong>8 de junio al 16 de julio<\/strong><\/p>\n<p style=\"font-weight: 400; text-align: center;\"><strong>3:00pm-4:00pm o <\/strong><strong>4:00pm-5:00pm<\/strong><\/p>\n<p>Los cursos intensivos de <strong>Verano 2026<\/strong> tienen una duraci\u00f3n de treinta y dos (32) lecciones que equivalen a 24 horas contacto.\u00a0 Para medir el aprovechamiento del estudiante al terminar el curso recibir\u00e1 una evaluaci\u00f3n final. En PanAmerican Language creemos en que la manera m\u00e1s eficaz de aprender un idioma es mediante la inmersi\u00f3n.\u00a0 Por lo tanto, s\u00f3lo se le habla a los estudiantes en el idioma que est\u00e1n aprendiendo.<\/p>\n<p>El pr\u00f3ximo paso es coordinar una cita para la evaluaci\u00f3n de colocaci\u00f3n (de ser necesario). La evaluaci\u00f3n (v\u00e1lida por un a\u00f1o) tendr\u00eda un costo de $35.00. Ser\u00e1 gratuita si el estudiante se matricula el mismo d\u00eda que se eval\u00faa.[\/vc_column_text][\/vc_column][vc_column width=&#8221;1\/2&#8243;][vc_column_text]<\/p>\n<div>\n<div>\n<div><\/div>\n<div>\n<ol style=\"font-weight: 400;\">\n<li><strong>PRECIO REMATR\u00cdCULA <span style=\"color: #c22f2f;\">(<\/span><\/strong><span style=\"color: #c22f2f;\"><strong>$400<\/strong><\/span><strong><span style=\"color: #c22f2f;\">)<\/span>:<\/strong>Si pagas la totalidad del curso recibes la Boleta de admisi\u00f3n, aseguras tu asiento y ahorras <span style=\"text-decoration: underline;\"><strong>$12<\/strong><\/span><strong>5<\/strong> del precio regular. <strong><u>V\u00e1lido s\u00f3lo hasta el 30 de abril de 2026.<\/u><\/strong>\u00a0A partir del 1 de mayo de 2026: <strong>($475)<\/strong><\/li>\n<li><strong>PLAN DE PAGO (REMATR\u00cdCULA) <span style=\"color: #c22f2f;\">(<\/span><\/strong><span style=\"color: #c22f2f;\"><strong>$525<\/strong><\/span><strong><span style=\"color: #c22f2f;\">)<\/span>:<\/strong> Puede separar asiento con $175 y luego hacer dos (2) pagos bisemanales de $175.00. Para el Plan de pago se requiere evidencia de <strong>DOS<\/strong>\u00a0cuentas distintas como garant\u00eda.\u00a0Las mismas pueden ser: tarjeta de cr\u00e9dito (Visa, MC, AMEX) y\/o evidencia de cuenta de banco (estado de cuenta o cheque VOID).\u00a0Es importante que las garant\u00edas no sean de la misma cuenta. \u00a0Por ejemplo, no podr\u00edas traer una ATH con logo VISA + Estado de Cuenta de esa misma ATH. \u00a0Tendr\u00edan\u00a0que ser dos garant\u00edas de cuentas independientes y tener todo disponible al momento\u00a0de la matr\u00edcula para llenar el\u00a0<strong>contrato de plan de pago<\/strong>. Este servicio del\u00a0Plan de Pago conlleva un cargo de $75 y ya est\u00e1 incluido en el desglose de los 3 plazos.<\/li>\n<\/ol>\n<\/div>\n<\/div>\n<div>\n<p>Tenemos centro en Santa Rosa Mall en Bayam\u00f3n.<\/p>\n<\/div>\n<\/div>\n<h3 style=\"text-align: center;\">\u00a0\u00a1No esperes m\u00e1s!<\/h3>\n<p>[\/vc_column_text][\/vc_column][\/vc_row]<\/p>\n","protected":false},"excerpt":{"rendered":"<p>[vc_row full_width=&#8221;stretch_row&#8221; equal_height=&#8221;yes&#8221; content_placement=&#8221;top&#8221; css_animation=&#8221;slideInRight&#8221; css=&#8221;.vc_custom_1668100371793{background-image: url(https:\/\/panamericanlanguage.com\/wp-content\/uploads\/2022\/11\/PANAMARILANGLOGOgris.png?id=7165) !important;}&#8221;][vc_column width=&#8221;1\/2&#8243;][vc_column_text] \u00a1Gracias nuevamente por su inter\u00e9s en PALI Kids (6-12) &amp; PALI Teens (13-17)! [\/vc_column_text][vc_column_text] Las\u00a0REMATRICULAS\u00a0son aquellos estudiantes que hayan tomado cursos con PanAmerican Language, PALI Teens o PALIKids y se pueda evidenciar estos estudios en nuestro sistema o que el estudiante traiga evidencia.\u00a0Todo estudiante que haya<\/p>\n","protected":false},"author":3,"featured_media":0,"parent":0,"menu_order":0,"comment_status":"closed","ping_status":"closed","template":"","meta":{"footnotes":""},"class_list":["post-2639","page","type-page","status-publish","hentry"],"aioseo_notices":[],"_links":{"self":[{"href":"https:\/\/panamericanlanguage.com\/es\/wp-json\/wp\/v2\/pages\/2639","targetHints":{"allow":["GET"]}}],"collection":[{"href":"https:\/\/panamericanlanguage.com\/es\/wp-json\/wp\/v2\/pages"}],"about":[{"href":"https:\/\/panamericanlanguage.com\/es\/wp-json\/wp\/v2\/types\/page"}],"author":[{"embeddable":true,"href":"https:\/\/panamericanlanguage.com\/es\/wp-json\/wp\/v2\/users\/3"}],"replies":[{"embeddable":true,"href":"https:\/\/panamericanlanguage.com\/es\/wp-json\/wp\/v2\/comments?post=2639"}],"version-history":[{"count":80,"href":"https:\/\/panamericanlanguage.com\/es\/wp-json\/wp\/v2\/pages\/2639\/revisions"}],"predecessor-version":[{"id":9647,"href":"https:\/\/panamericanlanguage.com\/es\/wp-json\/wp\/v2\/pages\/2639\/revisions\/9647"}],"wp:attachment":[{"href":"https:\/\/panamericanlanguage.com\/es\/wp-json\/wp\/v2\/media?parent=2639"}],"curies":[{"name":"wp","href":"https:\/\/api.w.org\/{rel}","templated":true}]}}