{"id":2543,"date":"2020-06-23T07:48:14","date_gmt":"2020-06-23T11:48:14","guid":{"rendered":"https:\/\/panamericanlanguage.com\/es\/?page_id=2543"},"modified":"2023-07-20T13:21:41","modified_gmt":"2023-07-20T13:21:41","slug":"enlaces","status":"publish","type":"page","link":"https:\/\/panamericanlanguage.com\/es\/enlaces\/","title":{"rendered":"Enlaces Administraci\u00f3n"},"content":{"rendered":"<h2 style=\"text-align: left;\">Enlaces Informativos (VENTAS)<\/h2>\n<p style=\"text-align: left;\">Nuevo Ingreso Adultos (18+) proximo curso: <span style=\"text-decoration: underline;\"><strong>se encuentra en el men\u00fa principal bajo Agosto, Octubre, Enero, Marzo o Verano.<\/strong><\/span><\/p>\n<p style=\"text-align: left;\">Rematr\u00edcula Adultos (18+): <a href=\"https:\/\/panamericanlanguage.com\/es\/rematriculas\">https:\/\/panamericanlanguage.com\/es\/rematriculas<\/a><\/p>\n<p style=\"text-align: left;\">Nuevo Ingreso PAKI (Septiembre):&nbsp;<a href=\"https:\/\/panamericanlanguage.com\/es\/palikids\">https:\/\/panamericanlanguage.com\/es\/palikids<\/a><\/p>\n<p style=\"text-align: left;\">Rematr\u00edcula&nbsp;PAKI (Septiembre):&nbsp;<a href=\"https:\/\/panamericanlanguage.com\/es\/rematriculapaki\">https:\/\/panamericanlanguage.com\/es\/rematriculapaki<\/a><\/p>\n<p style=\"text-align: left;\">Cursos Individuales:&nbsp;<a href=\"https:\/\/panamericanlanguage.com\/es\/cursoindividual\">https:\/\/panamericanlanguage.com\/es\/cursoindividual<\/a><\/p>\n<p style=\"text-align: left;\">Cursos En Pareja (D\u00fao):&nbsp;<a href=\"https:\/\/panamericanlanguage.com\/es\/enpareja\">https:\/\/panamericanlanguage.com\/es\/enpareja<\/a><\/p>\n<p>Cursos Lenguas For\u00e1neas: <a href=\"https:\/\/panamericanlanguage.com\/es\/lenguasforaneas\/\">https:\/\/panamericanlanguage.com\/es\/lenguasforaneas\/<\/a><\/p>\n<p>Cursos Grupales Espa\u00f1ol: <a href=\"https:\/\/panamericanlanguage.com\/en\/spanish-group\/\">https:\/\/panamericanlanguage.com\/en\/spanish-group\/<\/a><\/p>\n<p>Cursos Individuales Espa\u00f1ol: <a href=\"https:\/\/panamericanlanguage.com\/en\/spanish-individual\/\">https:\/\/panamericanlanguage.com\/en\/spanish-individual\/<\/a><\/p>\n<p>Cursos Inmersi\u00f3n Espa\u00f1ol: <a href=\"https:\/\/panamericanlanguage.com\/en\/spanish-inmersion-program\/\">https:\/\/panamericanlanguage.com\/en\/spanish-inmersion-program\/<\/a><\/p>\n<h2 style=\"text-align: left;\"><span style=\"text-decoration: underline;\">Enlaces Ex\u00e1menes Evaluaci\u00f3n de Colocaci\u00f3n<\/span><\/h2>\n<p style=\"text-align: left;\">Para enviar enlace examen B1:&nbsp;<a href=\"https:\/\/panamericanlanguage.com\/es\/placement-b1\">https:\/\/panamericanlanguage.com\/es\/placement-b1<\/a><\/p>\n<p style=\"text-align: left;\">Para enviar enlace examen B2:&nbsp;<a href=\"https:\/\/panamericanlanguage.com\/es\/placement-b2\">https:\/\/panamericanlanguage.com\/es\/placement-b2<\/a><\/p>\n<p style=\"text-align: left;\">Para enviar enlace examen B3:&nbsp;<a href=\"https:\/\/panamericanlanguage.com\/es\/placement-b3\">https:\/\/panamericanlanguage.com\/es\/placement-b3<\/a><\/p>\n<p style=\"text-align: left;\">Para enviar enlace examen T1:&nbsp;<a href=\"https:\/\/panamericanlanguage.com\/es\/placement-t1\">https:\/\/panamericanlanguage.com\/es\/placement-t1<\/a><\/p>\n<p style=\"text-align: left;\">Para enviar enlace examen INT1:&nbsp;<a href=\"https:\/\/panamericanlanguage.com\/es\/placement-int1\">https:\/\/panamericanlanguage.com\/es\/placement-int1<\/a><\/p>\n<p style=\"text-align: left;\">Para enviar enlace examen INT2:&nbsp;<a href=\"https:\/\/panamericanlanguage.com\/es\/placement-int2\">https:\/\/panamericanlanguage.com\/es\/placement-int2<\/a><\/p>\n<p style=\"text-align: left;\">Para enviar enlace examen INT3:&nbsp;<a href=\"https:\/\/panamericanlanguage.com\/es\/placement-int3\">https:\/\/panamericanlanguage.com\/es\/placement-int3<\/a><\/p>\n<p style=\"text-align: left;\">Para enviar enlace examen ADV:&nbsp;<a href=\"https:\/\/panamericanlanguage.com\/es\/placement-adv\">https:\/\/panamericanlanguage.com\/es\/placement-adv<\/a><\/p>\n<h2 style=\"text-align: left;\"><span style=\"text-decoration: underline;\">Enlaces Administrativos<\/span><\/h2>\n<p style=\"text-align: left;\">Para entrar a la Tarjeta Informativa &amp; Autoevaluaci\u00f3n:&nbsp;&nbsp;<a title=\"https:\/\/panamericanlanguage.com\/es\/tarjetainformativaautoevaluacion%20\" href=\"https:\/\/panamericanlanguage.com\/es\/tarjetainformativaautoevaluacion%20\" target=\"_blank\" rel=\"noopener\">https:\/\/panamericanlanguage.com\/es\/tarjetainformativaautoevaluacio<\/a>n<\/p>\n<p style=\"text-align: left;\">Para entrar a la Tarjeta Informativa &amp; Autoevaluaci\u00f3n PAKI:&nbsp;<a href=\"https:\/\/panamericanlanguage.com\/es\/tarjeta-informativa-autoevaluacion-paki\">https:\/\/panamericanlanguage.com\/es\/tarjeta-informativa-autoevaluacion-paki<\/a><\/p>\n<p style=\"text-align: left;\">Para preparar a la Boleta de Admisi\u00f3n ADULTO:&nbsp;<a href=\"https:\/\/panamericanlanguage.com\/es\/boletadeadmision\">https:\/\/panamericanlanguage.com\/es\/boletadeadmision<\/a><\/p>\n<p style=\"text-align: left;\">Para preparar a la Boleta de Admisi\u00f3n PAKI:&nbsp;<a href=\"https:\/\/panamericanlanguage.com\/es\/boletadeadmisionpaki\">https:\/\/panamericanlanguage.com\/es\/boletadeadmisionpaki<\/a><\/p>\n<p style=\"text-align: left;\">Para preparar el Plan de Pago:&nbsp;<a href=\"https:\/\/panamericanlanguage.com\/es\/contratodeplandepago\">https:\/\/panamericanlanguage.com\/es\/contratodeplandepago<\/a><\/p>\n<p style=\"text-align: left;\">Par enviar solicitud de baja:&nbsp;<a href=\"https:\/\/panamericanlanguage.com\/es\/solicituddebaja\">https:\/\/panamericanlanguage.com\/es\/solicituddebaja<\/a><\/p>\n<p style=\"text-align: left;\">Para entrar al \u00bfC\u00f3mo lo estamos haciendo?:&nbsp;<a href=\"https:\/\/panamericanlanguage.com\/es\/comoloestamoshaciendo\">https:\/\/panamericanlanguage.com\/es\/comoloestamoshaciendo<\/a><\/p>\n<p style=\"text-align: left;\">Para el Reglamento del Estudiante:&nbsp;<a href=\"https:\/\/panamericanlanguage.com\/es\/reglamentodelestudiante\">https:\/\/panamericanlanguage.com\/es\/reglamentodelestudiante<\/a><\/p>\n<p style=\"text-align: left;\">Para el Program Evaluation \/ I WANT TO CONTINUE:&nbsp;<a href=\"https:\/\/panamericanlanguage.com\/es\/programevaluation\">https:\/\/panamericanlanguage.com\/es\/programevaluation<\/a><\/p>\n<h2 style=\"text-align: left;\"><span style=\"text-decoration: underline;\">Relevos COVID-19<\/span><\/h2>\n<p style=\"text-align: left;\">Relevo Estudiantes Presenciales:&nbsp;<a href=\"https:\/\/panamericanlanguage.com\/es\/relevocursospresenciales\">https:\/\/panamericanlanguage.com\/es\/relevocursospresenciales<\/a><\/p>\n<p style=\"text-align: left;\">Relevo PAKI Presenciales:&nbsp;<a href=\"https:\/\/panamericanlanguage.com\/es\/relevopakicursospresenciales\">https:\/\/panamericanlanguage.com\/es\/relevopakicursospresenciales<\/a><\/p>\n<p style=\"text-align: left;\">Relevo FACULTAD:&nbsp;<a href=\"https:\/\/panamericanlanguage.com\/es\/relevofacultadcovid-19\">https:\/\/panamericanlanguage.com\/es\/relevofacultadcovid-19<\/a><\/p>\n<p style=\"text-align: left;\">Relevo EMPLEADOS:&nbsp;<a href=\"https:\/\/panamericanlanguage.com\/es\/relevoempleadoscovid-19\">https:\/\/panamericanlanguage.com\/es\/relevoempleadoscovid-19<\/a><\/p>\n<h2 style=\"text-align: left;\"><a href=\"https:\/\/panamericanlanguage.com\/es\/enlacesfacultad\"><span style=\"text-decoration: underline;\">Enlaces Facultad<\/span><\/a><\/h2>\n","protected":false},"excerpt":{"rendered":"<p>Enlaces Informativos (VENTAS) Nuevo Ingreso Adultos (18+) proximo curso: se encuentra en el men\u00fa principal bajo Agosto, Octubre, Enero, Marzo o Verano. Rematr\u00edcula Adultos (18+): https:\/\/panamericanlanguage.com\/es\/rematriculas Nuevo Ingreso PAKI (Septiembre):&nbsp;https:\/\/panamericanlanguage.com\/es\/palikids Rematr\u00edcula&nbsp;PAKI (Septiembre):&nbsp;https:\/\/panamericanlanguage.com\/es\/rematriculapaki Cursos Individuales:&nbsp;https:\/\/panamericanlanguage.com\/es\/cursoindividual Cursos En Pareja (D\u00fao):&nbsp;https:\/\/panamericanlanguage.com\/es\/enpareja Cursos Lenguas For\u00e1neas: https:\/\/panamericanlanguage.com\/es\/lenguasforaneas\/ Cursos Grupales Espa\u00f1ol: https:\/\/panamericanlanguage.com\/en\/spanish-group\/ Cursos Individuales Espa\u00f1ol: https:\/\/panamericanlanguage.com\/en\/spanish-individual\/ Cursos Inmersi\u00f3n Espa\u00f1ol: https:\/\/panamericanlanguage.com\/en\/spanish-inmersion-program\/ Enlaces<\/p>\n","protected":false},"author":3,"featured_media":0,"parent":0,"menu_order":0,"comment_status":"closed","ping_status":"closed","template":"","meta":{"footnotes":""},"class_list":["post-2543","page","type-page","status-publish","hentry"],"aioseo_notices":[],"_links":{"self":[{"href":"https:\/\/panamericanlanguage.com\/es\/wp-json\/wp\/v2\/pages\/2543","targetHints":{"allow":["GET"]}}],"collection":[{"href":"https:\/\/panamericanlanguage.com\/es\/wp-json\/wp\/v2\/pages"}],"about":[{"href":"https:\/\/panamericanlanguage.com\/es\/wp-json\/wp\/v2\/types\/page"}],"author":[{"embeddable":true,"href":"https:\/\/panamericanlanguage.com\/es\/wp-json\/wp\/v2\/users\/3"}],"replies":[{"embeddable":true,"href":"https:\/\/panamericanlanguage.com\/es\/wp-json\/wp\/v2\/comments?post=2543"}],"version-history":[{"count":5,"href":"https:\/\/panamericanlanguage.com\/es\/wp-json\/wp\/v2\/pages\/2543\/revisions"}],"predecessor-version":[{"id":8069,"href":"https:\/\/panamericanlanguage.com\/es\/wp-json\/wp\/v2\/pages\/2543\/revisions\/8069"}],"wp:attachment":[{"href":"https:\/\/panamericanlanguage.com\/es\/wp-json\/wp\/v2\/media?parent=2543"}],"curies":[{"name":"wp","href":"https:\/\/api.w.org\/{rel}","templated":true}]}}