{"id":2211,"date":"2020-04-12T21:20:13","date_gmt":"2020-04-13T01:20:13","guid":{"rendered":"http:\/\/panamericanlanguage.com\/es\/?page_id=2211"},"modified":"2020-04-12T21:20:13","modified_gmt":"2020-04-13T01:20:13","slug":"reanudamosclases","status":"publish","type":"page","link":"https:\/\/panamericanlanguage.com\/es\/reanudamosclases\/","title":{"rendered":"\u00a1Reanudamos las Clases el 13 de abril de 2020!"},"content":{"rendered":"<p>Estimados Estudiantes,<\/p>\n<p>Esperamos que est\u00e9n bien de salud al igual que sus seres queridos.<\/p>\n<p>Seg\u00fan la nueva la Orden Ejecutiva 2023-033 nuestros Centros de Adiestramiento permanecer\u00e1n cerrados hasta el lunes 4 de mayo de 2020.\u00a0 Las clases del semestre Enero\u2013Mayo 2020 est\u00e1n pautadas para reanudar el lunes 13 de abril de manera virtual mediante nuestro servicio LiveOnline. De igual manera, los Cursos Intensivos que estaban pautados a comenzar en Marzo tambi\u00e9n comenzaran este lunes 13 de abril de manera virtual.\u00a0 Nuestro servicio LiveOnline les permitir\u00e1 tomar las clases\u00a0<strong>100% en vivo<\/strong>\u00a0con su instructor y sus compa\u00f1eros los mismos d\u00edas y en el mismo horario para el que est\u00e1n matriculados.\u00a0 En la clase, podr\u00e1n participar de las actividades conversacionales y gramaticales, recibir documentos, hacer asignaturas y utilizar las mismas herramientas de estudio que t\u00edpicamente se utilizan en nuestros salones de clase. Su desarrollo no se ver\u00e1 afectado y la calidad de nuestro servicio permanecer\u00e1 intacto.\u00a0 Hemos invertido en una nueva plataforma y equipos para los instructores.\u00a0 Ellos est\u00e1n bien ansiosos de compartir nuevamente con ustedes y muy entusiasmados para continuar ayud\u00e1ndolos con su desarrollo.<\/p>\n<p>Hoy d\u00eda todos tenemos al menos un Tel\u00e9fono Inteligente que nos permitir\u00e1 participar de las clases virtuales.\u00a0Debemos aprovechar este tiempo para continuar nuestro crecimiento profesional y mejorar nuestras destrezas de comunicaci\u00f3n. Aquellos que no tengan tel\u00e9fono inteligente o ning\u00fan otro equipo disponible les recomendamos que hagan los arreglos para que no pierdan clases.\u00a0 En estos momentos no tenemos otra opci\u00f3n que continuar con las clases virtuales.\u00a0 Una vez se levante la Orden Ejecutiva, podr\u00e1n llegar a tomar sus clases presencialmente.\u00a0 Mientras, estaremos enviando el material cubierto por correo electr\u00f3nico. Acu\u00e9rdense que este arreglo ser\u00e1 solamente mientras estemos obligados por ley a mantener nuestros de centros cerrados.\u00a0 Luego de esto, aquellos que as\u00ed lo deseen podr\u00e1n tomar las clases presencialmente.<\/p>\n<p>Todas las instituciones educativas estamos haciendo ajustes para adaptarnos a esta nueva realidad para acatar la ley y as\u00ed salvaguardar la salud de todos.\u00a0 Hemos estado laborando fuertemente para prepararnos para ustedes.\u00a0 \u00a1Confiamos que todos podremos salir adelante y vencer este mal que acosa nuestra existencia!<\/p>\n<p>Estar\u00e1n recibiendo una invitaci\u00f3n por correo electr\u00f3nico para que puedan participar de sus clases.<\/p>\n<p>Aqu\u00ed varios puntos importantes sobre el Servicio LiveOnline:<\/p>\n<ol start=\"1\">\n<li><em>Para utilizar el enlace adjunto, necesitas haber instalado la aplicaci\u00f3n ZOOM y creado una cuenta. Es completamente gratis.<\/em><\/li>\n<\/ol>\n<ol start=\"2\">\n<li><em>Puedes comunicarte usando una computadora, laptop, tableta o tel\u00e9fono inteligente.<\/em><\/li>\n<\/ol>\n<ol start=\"3\">\n<li><em>Tienes que entrar con tu nombre y apellido completo para poder aceptarte en la clase.\u00a0 Se llevar\u00e1 asistencia y solo podr\u00e1n participar estudiantes matriculados.<\/em><\/li>\n<\/ol>\n<ol start=\"4\">\n<li><em>No se aceptar\u00e1n estudiantes con la c\u00e1mara apagada.\u00a0 Si instalaste la aplicaci\u00f3n en tu equipo tienes que darle autorizaci\u00f3n (acceso) a la c\u00e1mara en los ajustes (settings).<\/em><\/li>\n<\/ol>\n<ol start=\"5\">\n<li><em>Tus clases se ofrecer\u00e1n los mismo d\u00edas y horas para la cual te matriculaste.<\/em><strong><em>\u00a0<\/em><\/strong><\/li>\n<\/ol>\n<p><strong><em>**Todas las pol\u00edticas, reglas y directrices del servicio LiveOnline establecidas en la p\u00e1gina #13 de tu Reglamento del Estudiante mantienen su validez, especialmente las pol\u00edticas sobre vestimenta y conducta. Las \u00fanicas excepciones son: La cantidad de estudiantes permitidos simult\u00e1neamente, los equipos que se pueden utilizar para conectarse a clase y ya no tienen que solicitar el servicio LiveOnline si no que estar\u00e1 disponible para ustedes siempre.\u00a0Acu\u00e9rdate que tienes los primeros quince (15) minutos para conectarte a tu clase.**<\/em><\/strong><\/p>\n<h2 style=\"text-align: center;\"><strong><em>\u00a1Contamos con tu apoyo!<\/em><\/strong><\/h2>\n","protected":false},"excerpt":{"rendered":"<p>Estimados Estudiantes, Esperamos que est\u00e9n bien de salud al igual que sus seres queridos. Seg\u00fan la nueva la Orden Ejecutiva 2023-033 nuestros Centros de Adiestramiento permanecer\u00e1n cerrados hasta el lunes 4 de mayo de 2020.\u00a0 Las clases del semestre Enero\u2013Mayo 2020 est\u00e1n pautadas para reanudar el lunes 13 de abril de manera virtual mediante nuestro<\/p>\n","protected":false},"author":3,"featured_media":0,"parent":0,"menu_order":0,"comment_status":"open","ping_status":"open","template":"","meta":{"footnotes":""},"class_list":["post-2211","page","type-page","status-publish","hentry"],"aioseo_notices":[],"_links":{"self":[{"href":"https:\/\/panamericanlanguage.com\/es\/wp-json\/wp\/v2\/pages\/2211","targetHints":{"allow":["GET"]}}],"collection":[{"href":"https:\/\/panamericanlanguage.com\/es\/wp-json\/wp\/v2\/pages"}],"about":[{"href":"https:\/\/panamericanlanguage.com\/es\/wp-json\/wp\/v2\/types\/page"}],"author":[{"embeddable":true,"href":"https:\/\/panamericanlanguage.com\/es\/wp-json\/wp\/v2\/users\/3"}],"replies":[{"embeddable":true,"href":"https:\/\/panamericanlanguage.com\/es\/wp-json\/wp\/v2\/comments?post=2211"}],"version-history":[{"count":0,"href":"https:\/\/panamericanlanguage.com\/es\/wp-json\/wp\/v2\/pages\/2211\/revisions"}],"wp:attachment":[{"href":"https:\/\/panamericanlanguage.com\/es\/wp-json\/wp\/v2\/media?parent=2211"}],"curies":[{"name":"wp","href":"https:\/\/api.w.org\/{rel}","templated":true}]}}