{"id":1788,"date":"2019-03-26T08:48:12","date_gmt":"2019-03-26T12:48:12","guid":{"rendered":"http:\/\/panamericanlanguage.com\/es\/?page_id=1788"},"modified":"2019-03-26T08:48:12","modified_gmt":"2019-03-26T12:48:12","slug":"verano2023","status":"publish","type":"page","link":"https:\/\/panamericanlanguage.com\/es\/verano2023\/","title":{"rendered":"Cursos de INGL\u00c9S &#8211; Verano 2023"},"content":{"rendered":"<h2 lang=\"EN-US\" style=\"text-align: center;\"><strong>\u00a1Gracias por tu inter\u00e9s en PanAmerican Language!<\/strong><\/h2>\n<div>\n<div dir=\"ltr\">\n<div id=\"divtagdefaultwrapper\">\n<div lang=\"EN-US\">\n<div style=\"text-align: justify;\">\n<p>Nuestros pr\u00f3ximos cursos grupales para adultos (18+) est\u00e1n pautados para comenzar en\u00a0<strong>VERANO 2023<\/strong><strong>.\u00a0<\/strong><strong>Los cursos s<\/strong><strong>e ofrecer\u00e1n de manera presencial y\/o mediante el Servicio Live<\/strong><strong>. <\/strong>A continuaci\u00f3n encontrar\u00e1s el detalle de las fechas de comienzo, fechas de terminaci\u00f3n, d\u00edas y horarios.<\/p>\n<p style=\"text-align: center;\"><strong>CURSOS INTENSIVOS <\/strong><\/p>\n<p style=\"text-align: center;\"><span style=\"text-decoration: underline;\"><strong><em>S\u00e1bado<\/em><\/strong><\/span><\/p>\n<p style=\"text-align: center;\"><strong><em>3 de junio al 5 de agosto<\/em><\/strong><\/p>\n<p style=\"text-align: center;\">9:00am \u2013\u00a01:30pm<\/p>\n<p><strong><em>\u00a0\u00a0<\/em><\/strong><\/p>\n<p style=\"text-align: center;\"><span style=\"text-decoration: underline;\"><strong><em>Lunes\u00a0<\/em><\/strong><strong><em>a Jueves <\/em><\/strong><\/span><\/p>\n<p style=\"text-align: center;\"><strong><em>5 de <\/em><\/strong><strong><em>junio al 27 de julio<\/em><\/strong><\/p>\n<p style=\"text-align: center;\">9:30am &#8211;\u00a011:00am\u00a0o 1:00pm a 2:30pm<\/p>\n<p style=\"text-align: center;\">5:30pm \u2013 7:00pm o 7:10pm \u2013 8:40pm\u00a0<strong><em>\u00a0\u00a0<\/em><\/strong><\/p>\n<p>Los cursos tienen una duraci\u00f3n de sesenta (60) lecciones que equivale a\u00a0<strong>45 horas contacto<\/strong>.\u00a0 Para medir su aprovechamiento, los estudiantes reciben una evaluaci\u00f3n de progreso y una evaluaci\u00f3n final. Cada estudiante tendr\u00e1 la oportunidad de hacer dos presentaciones orales durante el curso, participar de todas las actividades conversacionales y se le asignan tareas para el desarrollo de las estructuras gramaticales.\u00a0 En PanAmerican Language creemos en que la manera m\u00e1s efectiva de aprender un idioma es mediante la inmersi\u00f3n.\u00a0 Por lo tanto, s\u00f3lo se le habla a los estudiantes en el idioma que est\u00e1n aprendiendo.<\/p>\n<p>El pr\u00f3ximo paso es coordinar una cita para la evaluaci\u00f3n de colocaci\u00f3n. La evaluaci\u00f3n (v\u00e1lida por un a\u00f1o) tendr\u00eda un costo de $25.00. Ser\u00e1 gratuita si el estudiante se matricula el mismo d\u00eda que se eval\u00faa.<\/p>\n<p>Para el pago tienes varias opciones:<\/p>\n<ol>\n<li><strong>PRECIO VERANO 2023\u00a0<\/strong><strong>($680)<\/strong><strong>:<\/strong>\u00a0\u00a0Si pagas la totalidad del curso recibes la Boleta de admisi\u00f3n (sin condici\u00f3n alguna), aseguras tu asiento y no tendr\u00edas que regresar hasta el primer d\u00eda de clases. As\u00ed ahorras $75 del plan de pago.<\/li>\n<p><\/br><\/p>\n<li><strong>PLAN DE PAGO\u00a0<\/strong><strong>($755)<\/strong><strong>:<\/strong>\u00a0Puedes separar asiento con $252.50\u00a0y luego hacer tres (3) pagos\u00a0<em>bisemanales<\/em>\u00a0de $167.50. Para el Plan de pago se requiere evidencia de\u00a0<strong>DOS<\/strong>\u00a0cuentas distintas como garant\u00eda.\u00a0Las mismas pueden ser: tarjeta de cr\u00e9dito (Visa, MC, AMEX) y\/o evidencia de cuenta de banco (estado de cuenta o cheque VOID).\u00a0Es importante que las garant\u00edas no sean de la misma cuenta. Por ejemplo, no podr\u00edas traer una ATH con logo VISA + Estado de Cuenta de esa misma ATH. Tendr\u00edan\u00a0que ser dos garant\u00edas de cuentas independientes y traer todo esto al momento\u00a0de llenar el\u00a0<strong>contrato de plan de pago<\/strong>. Este servicio del\u00a0Plan de Pago conlleva un cargo de $75\u00a0y ya est\u00e1 incluido en el desglose de los 4 plazos.<\/li>\n<\/ol>\n<\/div>\n<div style=\"text-align: justify;\">\n<p><strong>Todo estudiante que haya tomado cursos con PanAmerican Language recibe un descuento adicional de\u00a0$85\u00a0por concepto de Registro. Aqu\u00ed el enlace para m\u00e1s informaci\u00f3n:<a href=\"http:\/\/www.panamericanlanguage.com\/es\/rematriculas\">\u00a0Rematriculas<\/a><\/strong><\/p>\n<p>El pr\u00f3ximo paso es coordinar una cita para la evaluaci\u00f3n. \u00a0Para coordinarla:\u00a0<a title=\"Cita para Evaluaci\u00f3n\" href=\"http:\/\/panamericanlanguage.com\/es\/coordinar-cita-para-evaluacion\">Haz click aqu\u00ed<\/a><\/p>\n<\/div>\n<div>\n<div style=\"text-align: justify;\">\n<p>Tenemos Centros en San Patricio y en Caguas. Adjunto el enlace con los mapas:\u00a0<a href=\"https:\/\/panamericanlanguage.com\/es\/localidades\" target=\"_blank\" rel=\"noopener\">https:\/\/panamericanlanguage.com\/es\/localidades<\/a><\/p>\n<p>Aqu\u00ed un enlace con videos explicativos de como estamos manejando las clases y evaluaciones online:<\/p>\n<ul>\n<li>Evaluaciones y Matr\u00edcula:\u00a0<a href=\"https:\/\/youtu.be\/9oPyd1DH6ik\">https:\/\/youtu.be\/9oPyd1DH6ik<\/a><\/li>\n<\/ul>\n<ul>\n<li>Cursos LiveOnline:\u00a0<a href=\"https:\/\/youtu.be\/3T24KcPc4kg\">https:\/\/youtu.be\/3T24KcPc4kg<\/a><\/li>\n<\/ul>\n<div>\n<div>\n<p>Si tiene alguna duda, pregunta o comentario en confianza puede contactarnos.<\/p>\n<\/div>\n<\/div>\n<\/div>\n<div>\n<div>\n<h2 style=\"text-align: center;\"><strong>\u00a1Esperamos escuchar de ti pronto!<\/strong><\/h2>\n<\/div>\n<\/div>\n<\/div>\n<\/div>\n<\/div>\n<\/div>\n<\/div>\n","protected":false},"excerpt":{"rendered":"<p>\u00a1Gracias por tu inter\u00e9s en PanAmerican Language! Nuestros pr\u00f3ximos cursos grupales para adultos (18+) est\u00e1n pautados para comenzar en\u00a0VERANO 2023.\u00a0Los cursos se ofrecer\u00e1n de manera presencial y\/o mediante el Servicio Live. A continuaci\u00f3n encontrar\u00e1s el detalle de las fechas de comienzo, fechas de terminaci\u00f3n, d\u00edas y horarios. CURSOS INTENSIVOS S\u00e1bado 3 de junio al 5<\/p>\n","protected":false},"author":3,"featured_media":0,"parent":0,"menu_order":0,"comment_status":"open","ping_status":"open","template":"","meta":{"footnotes":""},"class_list":["post-1788","page","type-page","status-publish","hentry"],"aioseo_notices":[],"_links":{"self":[{"href":"https:\/\/panamericanlanguage.com\/es\/wp-json\/wp\/v2\/pages\/1788","targetHints":{"allow":["GET"]}}],"collection":[{"href":"https:\/\/panamericanlanguage.com\/es\/wp-json\/wp\/v2\/pages"}],"about":[{"href":"https:\/\/panamericanlanguage.com\/es\/wp-json\/wp\/v2\/types\/page"}],"author":[{"embeddable":true,"href":"https:\/\/panamericanlanguage.com\/es\/wp-json\/wp\/v2\/users\/3"}],"replies":[{"embeddable":true,"href":"https:\/\/panamericanlanguage.com\/es\/wp-json\/wp\/v2\/comments?post=1788"}],"version-history":[{"count":0,"href":"https:\/\/panamericanlanguage.com\/es\/wp-json\/wp\/v2\/pages\/1788\/revisions"}],"wp:attachment":[{"href":"https:\/\/panamericanlanguage.com\/es\/wp-json\/wp\/v2\/media?parent=1788"}],"curies":[{"name":"wp","href":"https:\/\/api.w.org\/{rel}","templated":true}]}}