{"id":1590,"date":"2018-06-11T16:48:23","date_gmt":"2018-06-11T20:48:23","guid":{"rendered":"http:\/\/panamericanlanguage.com\/es\/?page_id=1590"},"modified":"2024-12-02T15:39:05","modified_gmt":"2024-12-02T19:39:05","slug":"cursoindividual","status":"publish","type":"page","link":"https:\/\/panamericanlanguage.com\/es\/cursoindividual\/","title":{"rendered":"Cursos Individuales (Privado)"},"content":{"rendered":"<div>\n<h3 style=\"text-align: center;\">\u00a1Gracias por tu inter\u00e9s en PanAmerican Language!<\/h3>\n<div>\n<p>Nuestros cursos\u00a0<strong>individuales (privado<\/strong><strong>s)<\/strong>\u00a0tienen una duraci\u00f3n de sesenta (60) lecciones que equivalen\u00a0a\u00a0<strong>45 horas contacto<\/strong>.\u00a0\u00a0El curr\u00edculo se adapta a las necesidades del cliente.\u00a0Para medir su aprovechamiento,\u00a0el estudiante\u00a0recibe una evaluaci\u00f3n de progreso, una evaluaci\u00f3n final y, de cumplir los requisitos m\u00ednimos, el certificado del curso.\u00a0 En PanAmerican Language creemos en que la manera m\u00e1s efectiva de aprender un idioma es mediante la inmersi\u00f3n.\u00a0 Por lo tanto, s\u00f3lo se le habla a los estudiantes en el idioma que est\u00e1n aprendiendo.\u00a0Se ofrecen en nuestras facilidades o mediante el Servicio Live Online (video conferencia).<\/p>\n<p>1. <strong>Para evaluarte y matricularte<\/strong>: Podr\u00e1s hacer el pago de <strong>$2,690 <\/strong>\u00a0en cheque o tarjeta ATH, VISA, MC, AMEX o DISCOVER para recibir la Boleta de Admisi\u00f3n. Tendr\u00e1s una fecha preliminar de comienzo que ser\u00e1 confirmada por el Departamento de Coordinaci\u00f3n. \u00a0Una vez CONFIRMADA la fecha oficial de \u00a0comienzo de su curso, esa fecha podr\u00eda ser de 10 a 15 d\u00edas laborables una vez el estudiante est\u00e9 matriculado. No se coordinan cursos para viernes despu\u00e9s de las 5pm, ni domingos. Por el momento, los s\u00e1bados solo virtualmente despu\u00e9s que se coordinen los cursos grupales.<\/p>\n<p>El pr\u00f3ximo paso es coordinar una cita para la evaluaci\u00f3n de colocaci\u00f3n (de ser necesario- depender\u00e1 del idioma de inter\u00e9s). Si decides no matricularte ese d\u00eda entonces la evaluaci\u00f3n (v\u00e1lida por un a\u00f1o) tendr\u00eda un costo de $35.00.<\/p>\n<\/div>\n<div>\n<p>Si ya has sido estudiante de nosotros, obtienes un descuento adicional de $95 por concepto de registro.<\/p>\n<\/div>\n<\/div>\n<div>\n<p style=\"text-align: justify;\">Estamos localizados en el San Patricio Village en Guaynabo. Adjunto el enlace con el mapa: https:\/\/maps.app.goo.gl\/4ssmF5z67eJWTzow9<\/p>\n<p>Si tiene alguna duda, pregunta o comentario en confianza puede contactarme.<\/p>\n<h3 style=\"text-align: center;\">\u00a1Esperamos escuchar de ti pronto!<\/h3>\n<\/div>\n","protected":false},"excerpt":{"rendered":"<p>\u00a1Gracias por tu inter\u00e9s en PanAmerican Language! Nuestros cursos\u00a0individuales (privados)\u00a0tienen una duraci\u00f3n de sesenta (60) lecciones que equivalen\u00a0a\u00a045 horas contacto.\u00a0\u00a0El curr\u00edculo se adapta a las necesidades del cliente.\u00a0Para medir su aprovechamiento,\u00a0el estudiante\u00a0recibe una evaluaci\u00f3n de progreso, una evaluaci\u00f3n final y, de cumplir los requisitos m\u00ednimos, el certificado del curso.\u00a0 En PanAmerican Language creemos en que<\/p>\n","protected":false},"author":3,"featured_media":0,"parent":0,"menu_order":0,"comment_status":"closed","ping_status":"closed","template":"","meta":{"footnotes":""},"class_list":["post-1590","page","type-page","status-publish","hentry"],"aioseo_notices":[],"_links":{"self":[{"href":"https:\/\/panamericanlanguage.com\/es\/wp-json\/wp\/v2\/pages\/1590","targetHints":{"allow":["GET"]}}],"collection":[{"href":"https:\/\/panamericanlanguage.com\/es\/wp-json\/wp\/v2\/pages"}],"about":[{"href":"https:\/\/panamericanlanguage.com\/es\/wp-json\/wp\/v2\/types\/page"}],"author":[{"embeddable":true,"href":"https:\/\/panamericanlanguage.com\/es\/wp-json\/wp\/v2\/users\/3"}],"replies":[{"embeddable":true,"href":"https:\/\/panamericanlanguage.com\/es\/wp-json\/wp\/v2\/comments?post=1590"}],"version-history":[{"count":3,"href":"https:\/\/panamericanlanguage.com\/es\/wp-json\/wp\/v2\/pages\/1590\/revisions"}],"predecessor-version":[{"id":9126,"href":"https:\/\/panamericanlanguage.com\/es\/wp-json\/wp\/v2\/pages\/1590\/revisions\/9126"}],"wp:attachment":[{"href":"https:\/\/panamericanlanguage.com\/es\/wp-json\/wp\/v2\/media?parent=1590"}],"curies":[{"name":"wp","href":"https:\/\/api.w.org\/{rel}","templated":true}]}}