{"id":1540,"date":"2018-04-02T12:50:05","date_gmt":"2018-04-02T16:50:05","guid":{"rendered":"http:\/\/panamericanlanguage.com\/es\/?page_id=1540"},"modified":"2018-04-02T12:50:05","modified_gmt":"2018-04-02T16:50:05","slug":"palikids-2","status":"publish","type":"page","link":"https:\/\/panamericanlanguage.com\/es\/palikids-2\/","title":{"rendered":"Especial de Abril 2018"},"content":{"rendered":"<h2 style=\"text-align: center;\">\u00a1Gracias por su inter\u00e9s en PALI Kids &amp; Teens!<\/h2>\n<p>Nuestros pr\u00f3ximos cursos grupales para PALI Kids (6-12) y PALI Teens (13-17) est\u00e1n pautados para comenzar en VERANO 2018. Adjunto nuestra hoja informativa con el detalle de las fechas de comienzo, fechas de terminaci\u00f3n, d\u00edas y horarios<\/p>\n<p align=\"center\"><strong>S\u00e1bado<\/strong><\/p>\n<p align=\"center\"><strong><span style=\"text-decoration: underline;\">9\u00a0de junio al\u00a028 de julio<\/span><\/strong><\/p>\n<p align=\"center\"><strong>9:30am 12:30pm<\/strong><\/p>\n<p>El pr\u00f3ximo paso es coordinar una cita para la evaluaci\u00f3n de colocaci\u00f3n. Si decides no matricularlo ese d\u00eda entonces la evaluaci\u00f3n (v\u00e1lida por un a\u00f1o) tendr\u00eda un costo de\u00a0<strong>$25.00<\/strong>\u00a0que se acredita al registro cuando lo matricule.<\/p>\n<p>Para el pago tiene dos opciones:<\/p>\n<ol>\n<li><strong>VERANO 201<\/strong><strong>8\u00a0&#8211; PRECIO REGULAR ($495)<\/strong>:\u00a0Si pagas la totalidad recibes la Boleta de admisi\u00f3n (sin condici\u00f3n alguna), separas su espacio y no tendr\u00edas que regresar hasta el primer d\u00eda de clases. As\u00ed ahorras $50 del plan de pago. Tambi\u00e9n, podr\u00e1s separar el asiento con\u00a0<strong>$255<\/strong>\u00a0y saldar el balance de\u00a0<strong>$240<\/strong>\u00a0ANTES del\u00a0<strong><span style=\"text-decoration: underline;\">2<\/span><\/strong><strong><span style=\"text-decoration: underline;\">5\u00a0de mayo de 2018<\/span><\/strong>. (Despu\u00e9s de esta fecha su asiento estar\u00e1 disponible y podr\u00e1 perderlo). Para levantar la condici\u00f3n tendr\u00e1s que traer la Boleta de Admisi\u00f3n al saldar el curso. No se puede hacer el pago por tel\u00e9fono<\/li>\n<li><strong>VERANO 201<\/strong><strong>8\u00a0&#8211; PLAN DE PAGO ($545)<\/strong>: Puedes separar asiento con\u00a0<strong>$255<\/strong>\u00a0y luego hacer dos (2) pagos bisemanales de\u00a0<strong>$145<\/strong>. Para el Plan de pago se requiere evidencia de\u00a0<strong>DOS cuentas distintas como garant\u00eda<\/strong>.\u00a0Las mismas pueden ser:\u00a0<strong>tarjeta de cr\u00e9dito (Visa, MC, AMEX) y\/o evidencia de cuenta de banco (estado de cuenta o cheque VOID) .\u00a0<\/strong><strong>E<\/strong><strong>s importante que ambas garant\u00edas no sean de la misma cuenta. Por ejemplo, no podr\u00edas traer una ATH con logo VISA + Estado de Cuenta de esa misma ATH<\/strong>. Tendr\u00edan que ser dos garant\u00edas de cuentas independientes y traer todo esto al momento de llenar el contrato de plan de pago. Este servicio del Plan de Pago conlleva un cargo de\u00a0<strong>$50<\/strong>\u00a0y ya est\u00e1 incluido en el desglose de los 3 plazos.<\/li>\n<\/ol>\n<p>Todo estudiante que haya tomado cursos en PALI Kids o PALI Teens recibe un descuento adicional de $60 por concepto de registro. (NO aplica al Campamento de Verano)<\/p>\n<p>Tenemos Centros en San Patricio y en Caguas. Adjunto el enlace con los mapas:\u00a0<a href=\"http:\/\/panamericanlanguage.com\/es\/localidades\" target=\"_blank\" rel=\"noopener\">http:\/\/panamericanlanguage.com\/es\/localidades<\/a><\/p>\n<h3 style=\"text-align: center;\"><strong>\u00a1Esperamos escuchar de ustedes pronto!<\/strong><\/h3>\n","protected":false},"excerpt":{"rendered":"<p>\u00a1Gracias por su inter\u00e9s en PALI Kids &amp; Teens! Nuestros pr\u00f3ximos cursos grupales para PALI Kids (6-12) y PALI Teens (13-17) est\u00e1n pautados para comenzar en VERANO 2018. Adjunto nuestra hoja informativa con el detalle de las fechas de comienzo, fechas de terminaci\u00f3n, d\u00edas y horarios S\u00e1bado 9\u00a0de junio al\u00a028 de julio 9:30am 12:30pm El<\/p>\n","protected":false},"author":3,"featured_media":0,"parent":0,"menu_order":0,"comment_status":"open","ping_status":"open","template":"","meta":{"footnotes":""},"class_list":["post-1540","page","type-page","status-publish","hentry"],"aioseo_notices":[],"_links":{"self":[{"href":"https:\/\/panamericanlanguage.com\/es\/wp-json\/wp\/v2\/pages\/1540","targetHints":{"allow":["GET"]}}],"collection":[{"href":"https:\/\/panamericanlanguage.com\/es\/wp-json\/wp\/v2\/pages"}],"about":[{"href":"https:\/\/panamericanlanguage.com\/es\/wp-json\/wp\/v2\/types\/page"}],"author":[{"embeddable":true,"href":"https:\/\/panamericanlanguage.com\/es\/wp-json\/wp\/v2\/users\/3"}],"replies":[{"embeddable":true,"href":"https:\/\/panamericanlanguage.com\/es\/wp-json\/wp\/v2\/comments?post=1540"}],"version-history":[{"count":0,"href":"https:\/\/panamericanlanguage.com\/es\/wp-json\/wp\/v2\/pages\/1540\/revisions"}],"wp:attachment":[{"href":"https:\/\/panamericanlanguage.com\/es\/wp-json\/wp\/v2\/media?parent=1540"}],"curies":[{"name":"wp","href":"https:\/\/api.w.org\/{rel}","templated":true}]}}