{"id":1501,"date":"2017-02-09T14:23:01","date_gmt":"2017-02-09T14:23:01","guid":{"rendered":"http:\/\/consult.loc\/?page_id=1501"},"modified":"2023-06-29T20:57:50","modified_gmt":"2023-06-29T20:57:50","slug":"nosotros","status":"publish","type":"page","link":"https:\/\/panamericanlanguage.com\/es\/nosotros\/","title":{"rendered":"Nosotros"},"content":{"rendered":"<p>[vc_row css_animation=&#8221;slideInRight&#8221; css=&#8221;.vc_custom_1681758578759{margin-top: 0px !important;}&#8221;][vc_column][vc_custom_heading stripe_pos=&#8221;hide&#8221; stm_title_font_weight=&#8221;300&#8243; text=&#8221;Perfil Corporativo&#8221; font_container=&#8221;tag:h2|font_size:50px|text_align:center&#8221; use_theme_fonts=&#8221;yes&#8221;][\/vc_column][\/vc_row][vc_row full_width=&#8221;stretch_row&#8221; full_height=&#8221;yes&#8221; equal_height=&#8221;yes&#8221; content_placement=&#8221;middle&#8221; css_animation=&#8221;slideInRight&#8221; css=&#8221;.vc_custom_1668089933812{background-image: url(https:\/\/panamericanlanguage.com\/wp-content\/uploads\/2022\/11\/PANAMARILANGLOGOgris.png?id=7165) !important;}&#8221;][vc_column width=&#8221;1\/2&#8243;][vc_column_text]En Pan American Language Institute estamos altamente comprometidos con tu desarrollo profesional. En 1986, Pan American, bas\u00e1ndose en las filosof\u00edas de las diferentes escuelas existentes concluy\u00f3 que:<\/p>\n<ul>\n<li>La calidad de la instrucci\u00f3n es sacrificada para vender el \u201cproducto\u201d de clases de idiomas.<\/li>\n<li>Los cursos gen\u00e9ricos no cumplen con las expectativas ni las necesidades de los estudiantes.<\/li>\n<\/ul>\n<p>Por esto Pan American, desarroll\u00f3 cursos efectivos en la ense\u00f1anza de idiomas para el mundo de los negocios. Somos innovadores, por lo tanto, ajustamos el curr\u00edculo a sus necesidades, pedidos o proyectos especiales.<\/p>\n<p>Adem\u00e1s nuestro compromiso con una evaluaci\u00f3n oral y escrita nos ayuda a desarrollar varios niveles de conocimiento que enfocan las distintas necesidades de nuestros estudiantes. Tenemos varios m\u00e9todos de ense\u00f1anza para ajustarnos a los distintos estilos de aprendizaje.<\/p>\n<p>Te ofrecemos las ventajas de aprender otro idioma: m\u00e1s seguridad, asertividad al hablar y \u00e9xito profesional. Tenemos el mejor costo \u2013 beneficio y estamos confiados que estar\u00e1s satisfecho con los resultados.[\/vc_column_text][\/vc_column][vc_column width=&#8221;1\/2&#8243;][vc_single_image image=&#8221;7167&#8243; img_size=&#8221;full&#8221;][\/vc_column][\/vc_row][vc_section full_width=&#8221;stretch_row&#8221; css_animation=&#8221;slideInLeft&#8221; css=&#8221;.vc_custom_1668089905322{margin-top: 70px !important;margin-bottom: 0px !important;padding-top: 70px !important;padding-bottom: 70px !important;background-color: rgba(0,95,191,0.06) !important;*background-color: rgb(0,95,191) !important;}&#8221;][vc_row css=&#8221;.vc_custom_1668089700386{margin-bottom: 20px !important;}&#8221;][vc_column][vc_custom_heading stripe_pos=&#8221;hide&#8221; stm_title_font_weight=&#8221;300&#8243; text=&#8221;Metodolog\u00eda&#8221; font_container=&#8221;tag:h2|font_size:50px|text_align:center&#8221; use_theme_fonts=&#8221;yes&#8221;][\/vc_column][\/vc_row][vc_row equal_height=&#8221;yes&#8221; content_placement=&#8221;middle&#8221;][vc_column width=&#8221;1\/2&#8243;][vc_single_image image=&#8221;7178&#8243; img_size=&#8221;full&#8221;][\/vc_column][vc_column width=&#8221;1\/2&#8243;][vc_column_text]Nuestros cursos enfatizan el desarrollo de destrezas de comunicaci\u00f3n oral, vocabulario y dominio estructural del idioma. Esto es conocido como el M\u00c9TODO DE ENSE\u00d1ANZA INTEGRAL (Whole Language Approach). En este m\u00e9todo, se le ense\u00f1a al estudiante a integrar el vocabulario y los conocimientos gramaticales a la comunicaci\u00f3n oral. De esta manera, el estudiante aprende a construir sus propias oraciones, en lugar de simplemente repetir lo que ha escuchado. Los recursos audiovisuales (Internet, youtube, Netflix, etc) se utilizan como herramienta en el sal\u00f3n de clases.[\/vc_column_text][\/vc_column][\/vc_row][\/vc_section][vc_section full_width=&#8221;stretch_row&#8221; css_animation=&#8221;slideInRight&#8221; css=&#8221;.vc_custom_1681757351284{margin-top: 0px !important;margin-bottom: 0px !important;padding-top: 70px !important;padding-bottom: 70px !important;background-color: rgba(146,167,219,0.56) !important;*background-color: rgb(146,167,219) !important;}&#8221;][vc_row][vc_column][vc_custom_heading stripe_pos=&#8221;hide&#8221; stm_title_font_weight=&#8221;300&#8243; text=&#8221;Instructores&#8221; font_container=&#8221;tag:h2|font_size:50px|text_align:center|color:%23000000&#8243; use_theme_fonts=&#8221;yes&#8221;][vc_row_inner content_placement=&#8221;bottom&#8221; css=&#8221;.vc_custom_1667586164919{margin-bottom: 0px !important;padding-bottom: 0px !important;}&#8221;][vc_column_inner width=&#8221;1\/2&#8243; css=&#8221;.vc_custom_1667585923579{padding-bottom: 40px !important;}&#8221;][vc_column_text]Nuestros instructores son profesionales con estudios en la ense\u00f1anza de Ingl\u00e9s como Segundo Idioma, Ling\u00fc\u00edstica, Lenguas Modernas, Educaci\u00f3n y\/o Literatura. Los candidatos que deseen ser parte de nuestro equipo pasan por un proceso minucioso de selecci\u00f3n.<\/p>\n<p>Todo candidato debe presentar sus credenciales y pasar por dos (2) entrevistas para determinar su personalidad y habilidad para ense\u00f1ar. Luego, se escogen los mejores candidatos para que formen parte del equipo existente de instructores. Antes de comenzar, reciben un adiestramiento exclusivo de Pan American Language en el cual aprenden sobre la filosof\u00eda de ense\u00f1anza, los curr\u00edculos y los niveles de conocimiento. Luego de completar este adiestramiento y comenzar sus cursos reciben supervisi\u00f3n continua para garantizar su mejor desempe\u00f1o.<\/p>\n<p>Nuestro equipo de instructores tiene vasta experiencia en la ense\u00f1anza de idiomas y proviene de las diferentes \u00e1reas de la educaci\u00f3n: Departamento de Educaci\u00f3n, Colegios Privados, Universidades y\/o Escuelas T\u00e9cnicas. Adem\u00e1s son biling\u00fces, triling\u00fces y hasta pol\u00edglotas. Esto les ayuda a identificar las dificultades de los estudiantes al aprender un segundo idioma. En Pan American Language Institute estamos muy confiados con nuestro equipo de trabajo y nos complace tener algunos instructores laborando con nosotros por m\u00e1s de diecinueve (19) a\u00f1os.[\/vc_column_text][\/vc_column_inner][vc_column_inner width=&#8221;1\/2&#8243;][vc_single_image image=&#8221;7202&#8243; img_size=&#8221;full&#8221;][\/vc_column_inner][\/vc_row_inner][\/vc_column][\/vc_row][\/vc_section]<\/p>\n","protected":false},"excerpt":{"rendered":"<p>[vc_row css_animation=&#8221;slideInRight&#8221; css=&#8221;.vc_custom_1681758578759{margin-top: 0px !important;}&#8221;][vc_column][vc_custom_heading stripe_pos=&#8221;hide&#8221; stm_title_font_weight=&#8221;300&#8243; text=&#8221;Perfil Corporativo&#8221; font_container=&#8221;tag:h2|font_size:50px|text_align:center&#8221; use_theme_fonts=&#8221;yes&#8221;][\/vc_column][\/vc_row][vc_row full_width=&#8221;stretch_row&#8221; full_height=&#8221;yes&#8221; equal_height=&#8221;yes&#8221; content_placement=&#8221;middle&#8221; css_animation=&#8221;slideInRight&#8221; css=&#8221;.vc_custom_1668089933812{background-image: url(https:\/\/panamericanlanguage.com\/wp-content\/uploads\/2022\/11\/PANAMARILANGLOGOgris.png?id=7165) !important;}&#8221;][vc_column width=&#8221;1\/2&#8243;][vc_column_text]En Pan American Language Institute estamos altamente comprometidos con tu desarrollo profesional. En 1986, Pan American, bas\u00e1ndose en las filosof\u00edas de las diferentes escuelas existentes concluy\u00f3 que: La calidad de la instrucci\u00f3n es sacrificada para vender<\/p>\n","protected":false},"author":2,"featured_media":0,"parent":0,"menu_order":0,"comment_status":"closed","ping_status":"closed","template":"","meta":{"footnotes":""},"class_list":["post-1501","page","type-page","status-publish","hentry"],"aioseo_notices":[],"_links":{"self":[{"href":"https:\/\/panamericanlanguage.com\/es\/wp-json\/wp\/v2\/pages\/1501","targetHints":{"allow":["GET"]}}],"collection":[{"href":"https:\/\/panamericanlanguage.com\/es\/wp-json\/wp\/v2\/pages"}],"about":[{"href":"https:\/\/panamericanlanguage.com\/es\/wp-json\/wp\/v2\/types\/page"}],"author":[{"embeddable":true,"href":"https:\/\/panamericanlanguage.com\/es\/wp-json\/wp\/v2\/users\/2"}],"replies":[{"embeddable":true,"href":"https:\/\/panamericanlanguage.com\/es\/wp-json\/wp\/v2\/comments?post=1501"}],"version-history":[{"count":0,"href":"https:\/\/panamericanlanguage.com\/es\/wp-json\/wp\/v2\/pages\/1501\/revisions"}],"wp:attachment":[{"href":"https:\/\/panamericanlanguage.com\/es\/wp-json\/wp\/v2\/media?parent=1501"}],"curies":[{"name":"wp","href":"https:\/\/api.w.org\/{rel}","templated":true}]}}