{"id":14,"date":"2012-10-17T14:17:38","date_gmt":"2012-10-17T14:17:38","guid":{"rendered":"http:\/\/panamericanlanguage.com\/es\/?page_id=14"},"modified":"2012-10-17T14:17:38","modified_gmt":"2012-10-17T14:17:38","slug":"instructores","status":"publish","type":"page","link":"https:\/\/panamericanlanguage.com\/es\/instructores\/","title":{"rendered":"Instructores"},"content":{"rendered":"<p style=\"text-align: justify;\">Nuestros instructores son profesionales con estudios en la ense\u00f1anza de Ingl\u00e9s como Segundo Idioma, Ling\u00fc\u00edstica, Lenguas Modernas, Educaci\u00f3n y\/o Literatura. Los candidatos que deseen ser parte de nuestro equipo pasan por un proceso minucioso de selecci\u00f3n.<\/p>\n<p style=\"text-align: justify;\">Todo candidato debe presentar sus credenciales y pasar por dos (2) entrevistas para determinar su personalidad y habilidad para ense\u00f1ar. Luego, se escogen los mejores candidatos para que formen parte del equipo existente de instructores. Antes de comenzar, reciben un adiestramiento exclusivo de Pan American Language en el cual aprenden sobre la filosof\u00eda de ense\u00f1anza, los curr\u00edculos y los niveles de conocimiento. Luego de completar este adiestramiento y comenzar sus cursos reciben supervisi\u00f3n continua para garantizar su mejor desempe\u00f1o.<\/p>\n<p style=\"text-align: justify;\">Nuestro equipo de instructores tiene vasta experiencia en la ense\u00f1anza de idiomas y proviene de las diferentes \u00e1reas de la educaci\u00f3n: Departamento de Educaci\u00f3n, Colegios Privados, Universidades y\/o Escuelas T\u00e9cnicas. Adem\u00e1s son biling\u00fces, triling\u00fces y hasta pol\u00edglotas. Esto les ayuda a identificar las dificultades de los estudiantes al aprender un segundo idioma. En Pan American Language Institute estamos muy confiados con nuestro equipo de trabajo y nos complace tener instructores laborando con nosotros por m\u00e1s de diecinueve (19) a\u00f1os.<\/p>\n","protected":false},"excerpt":{"rendered":"<p>Nuestros instructores son profesionales con estudios en la ense\u00f1anza de Ingl\u00e9s como Segundo Idioma, Ling\u00fc\u00edstica, Lenguas Modernas, Educaci\u00f3n y\/o Literatura. Los candidatos que deseen ser parte de nuestro equipo pasan por un proceso minucioso de selecci\u00f3n. Todo candidato debe presentar sus credenciales y pasar por dos (2) entrevistas para determinar su personalidad y habilidad para<\/p>\n","protected":false},"author":3,"featured_media":0,"parent":0,"menu_order":0,"comment_status":"open","ping_status":"open","template":"","meta":{"footnotes":""},"class_list":["post-14","page","type-page","status-publish","hentry"],"aioseo_notices":[],"_links":{"self":[{"href":"https:\/\/panamericanlanguage.com\/es\/wp-json\/wp\/v2\/pages\/14","targetHints":{"allow":["GET"]}}],"collection":[{"href":"https:\/\/panamericanlanguage.com\/es\/wp-json\/wp\/v2\/pages"}],"about":[{"href":"https:\/\/panamericanlanguage.com\/es\/wp-json\/wp\/v2\/types\/page"}],"author":[{"embeddable":true,"href":"https:\/\/panamericanlanguage.com\/es\/wp-json\/wp\/v2\/users\/3"}],"replies":[{"embeddable":true,"href":"https:\/\/panamericanlanguage.com\/es\/wp-json\/wp\/v2\/comments?post=14"}],"version-history":[{"count":0,"href":"https:\/\/panamericanlanguage.com\/es\/wp-json\/wp\/v2\/pages\/14\/revisions"}],"wp:attachment":[{"href":"https:\/\/panamericanlanguage.com\/es\/wp-json\/wp\/v2\/media?parent=14"}],"curies":[{"name":"wp","href":"https:\/\/api.w.org\/{rel}","templated":true}]}}