{"id":1377,"date":"2017-05-16T11:36:18","date_gmt":"2017-05-16T11:36:18","guid":{"rendered":"http:\/\/panamericanlanguage.com\/es\/?page_id=1377"},"modified":"2023-06-29T02:45:06","modified_gmt":"2023-06-29T02:45:06","slug":"lenguasforaneas2022","status":"publish","type":"page","link":"https:\/\/panamericanlanguage.com\/es\/lenguasforaneas2022\/","title":{"rendered":"Lenguas For\u00e1neas &#8211; Verano 2022"},"content":{"rendered":"<h2 style=\"text-align: center;\">\u00a1Gracias por tu inter\u00e9s en PanAmerican Language!<\/h2>\n<div data-block=\"true\" data-editor=\"9a857\" data-offset-key=\"ccndm-0-0\">\n<div style=\"text-align: justify;\" data-offset-key=\"ccndm-0-0\">\n<p>Nuestros pr\u00f3ximos cursos grupales para adultos (18+) de lenguas for\u00e1neas <strong>(franc\u00e9s, italiano, portugu\u00e9s, japon\u00e9s, mandar\u00edn)<\/strong> est\u00e1n pautados para comenzar en\u00a0VERANO\u00a02022.\u00a0Por el momento, se ofrecer\u00e1n de manera presencial y\/o mediante el Servicio Live Online sujeto a la Orden Ejecutiva en efecto (para poder participar de los cursos de manera presencial tendr\u00e1 que\u00a0firmar relevo).\u00a0A continuaci\u00f3n encontrar\u00e1s el detalle de las fechas de comienzo, fechas de terminaci\u00f3n, d\u00edas y horarios.<\/p>\n<p align=\"center\"><a href=\"https:\/\/panamericanlanguage.com\/es\/wp-content\/uploads\/\/2017\/05\/LENGUAS-FORANEAS-2022-HD1.jpg\"><img loading=\"lazy\" decoding=\"async\" class=\"aligncenter size-full wp-image-3551\" title=\"LENGUAS FORANEAS 2022 HD\" src=\"https:\/\/panamericanlanguage.com\/es\/wp-content\/uploads\/\/2017\/05\/LENGUAS-FORANEAS-2022-HD1.jpg\" alt=\"\" width=\"3300\" height=\"2550\" \/><\/a><a href=\"https:\/\/panamericanlanguage.com\/es\/wp-content\/uploads\/\/2017\/05\/LENGUAS-FORANEAS-2022-HD1.jpg\"><br \/>\n<\/a><\/p>\n<p>Los cursos tienen una duraci\u00f3n de sesenta (60) lecciones que equivale a\u00a0<strong>45 horas contacto<\/strong>.\u00a0 Para medir su aprovechamiento, los estudiantes reciben una evaluaci\u00f3n de progreso, una evaluaci\u00f3n final y, de cumplir los requisitos m\u00ednimos, el certificado del curso.\u00a0 Cada estudiante tendr\u00e1 la oportunidad de hacer dos presentaciones orales durante el curso, participar de todas las actividades conversacionales y se le asignan tareas para el desarrollo de las estructuras gramaticales.\u00a0 En PanAmerican Language creemos en que la manera m\u00e1s efectiva de aprender un idioma es mediante la inmersi\u00f3n.\u00a0 Por lo tanto, s\u00f3lo se le habla a los estudiantes en el idioma que est\u00e1n aprendiendo.<\/p>\n<p>El pr\u00f3ximo paso es coordinar una cita para la evaluaci\u00f3n de colocaci\u00f3n.\u00a0La\u00a0evaluaci\u00f3n (v\u00e1lida por un a\u00f1o) tendr\u00eda un costo\u00a0de $25.00. Ser\u00e1 gratuita si el estudiante se matricula el mismo d\u00eda que se eval\u00faa.<\/p>\n<p>Para el pago tienes dos opciones:<\/p>\n<p><strong>1.<\/strong><strong>PRECIO VERANO\u00a0<\/strong><strong>($<\/strong><strong>680<\/strong><strong>)<\/strong><strong>:<\/strong>\u00a0\u00a0Si pagas la totalidad recibes la Boleta de admisi\u00f3n (sin condici\u00f3n alguna), separas tu espacio y no tendr\u00edas que regresar hasta el primer d\u00eda de clases. As\u00ed ahorras $75 del plan de pago.<\/p>\n<p><strong>2.<\/strong><strong>PLAN DE PAGO\u00a0<\/strong><strong>($<\/strong><strong>755<\/strong><strong>)<\/strong><strong>:<\/strong>\u00a0\u00a0Puedes separar asiento con $252.50 y luego hacer tres (3) pagos\u00a0<em>bisemanales<\/em>\u00a0de $167.50.\u00a0Para el Plan de pago se requiere evidencia de\u00a0<strong>DOS<\/strong>\u00a0cuentas distintas como garant\u00eda.\u00a0Las mismas pueden ser: tarjeta de cr\u00e9dito (Visa, MC, AMEX) y\/o evidencia de cuenta de banco (estado de cuenta o cheque VOID).\u00a0Es importante que las garant\u00edas no sean de la misma cuenta. Por ejemplo, no podr\u00edas traer una ATH con logo VISA + Estado de Cuenta de esa misma ATH. Tendr\u00edan\u00a0que ser dos garant\u00edas de cuentas independientes y traer todo esto al momento\u00a0de llenar el\u00a0<strong>contrato de plan de pago<\/strong>. Este servicio del\u00a0Plan de Pago conlleva un cargo de $75 y ya est\u00e1 incluido en el desglose de los 4 plazos.<\/p>\n<div>\n<h3>Todo estudiante que haya tomado cursos con PanAmerican Language recibe un descuento adicional de\u00a0$85\u00a0por concepto de Registro.<\/h3>\n<\/div>\n<div>\n<div>\n<p>Tenemos Centros en San Patricio y en Caguas. Adjunto el enlace con los mapas:\u00a0<a href=\"http:\/\/panamericanlanguage.com\/es\/localidades\" target=\"_blank\" rel=\"noopener\">http:\/\/panamericanlanguage.com\/es\/localidades<\/a><\/p>\n<p>Aqu\u00ed un enlace con videos explicativos de como estamos manejando las clases y evaluaciones online:<\/p>\n<ul>\n<li>Evaluaciones y Matr\u00edcula:\u00a0<a href=\"https:\/\/youtu.be\/9oPyd1DH6ik\">https:\/\/youtu.be\/9oPyd1DH6ik<\/a><\/li>\n<\/ul>\n<ul>\n<li>Cursos LiveOnline:\u00a0<a href=\"https:\/\/youtu.be\/3T24KcPc4kg\">https:\/\/youtu.be\/3T24KcPc4kg<\/a><\/li>\n<\/ul>\n<\/div>\n<div>\n<p>Si tiene alguna duda, pregunta o comentario en confianza puede contactarnos.<\/p>\n<\/div>\n<\/div>\n<\/div>\n<\/div>\n<h3 style=\"text-align: center;\">\u00a1Esperamos escuchar de ti pronto!<\/h3>\n","protected":false},"excerpt":{"rendered":"<p>\u00a1Gracias por tu inter\u00e9s en PanAmerican Language! Nuestros pr\u00f3ximos cursos grupales para adultos (18+) de lenguas for\u00e1neas (franc\u00e9s, italiano, portugu\u00e9s, japon\u00e9s, mandar\u00edn) est\u00e1n pautados para comenzar en\u00a0VERANO\u00a02022.\u00a0Por el momento, se ofrecer\u00e1n de manera presencial y\/o mediante el Servicio Live Online sujeto a la Orden Ejecutiva en efecto (para poder participar de los cursos de manera<\/p>\n","protected":false},"author":3,"featured_media":0,"parent":0,"menu_order":0,"comment_status":"closed","ping_status":"closed","template":"","meta":{"footnotes":""},"class_list":["post-1377","page","type-page","status-publish","hentry"],"aioseo_notices":[],"_links":{"self":[{"href":"https:\/\/panamericanlanguage.com\/es\/wp-json\/wp\/v2\/pages\/1377","targetHints":{"allow":["GET"]}}],"collection":[{"href":"https:\/\/panamericanlanguage.com\/es\/wp-json\/wp\/v2\/pages"}],"about":[{"href":"https:\/\/panamericanlanguage.com\/es\/wp-json\/wp\/v2\/types\/page"}],"author":[{"embeddable":true,"href":"https:\/\/panamericanlanguage.com\/es\/wp-json\/wp\/v2\/users\/3"}],"replies":[{"embeddable":true,"href":"https:\/\/panamericanlanguage.com\/es\/wp-json\/wp\/v2\/comments?post=1377"}],"version-history":[{"count":0,"href":"https:\/\/panamericanlanguage.com\/es\/wp-json\/wp\/v2\/pages\/1377\/revisions"}],"wp:attachment":[{"href":"https:\/\/panamericanlanguage.com\/es\/wp-json\/wp\/v2\/media?parent=1377"}],"curies":[{"name":"wp","href":"https:\/\/api.w.org\/{rel}","templated":true}]}}