{"id":1327,"date":"2017-04-03T10:20:00","date_gmt":"2017-04-03T14:20:00","guid":{"rendered":"http:\/\/panamericanlanguage.com\/es\/?page_id=1327"},"modified":"2017-04-03T10:20:00","modified_gmt":"2017-04-03T14:20:00","slug":"agosto2022","status":"publish","type":"page","link":"https:\/\/panamericanlanguage.com\/es\/agosto2022\/","title":{"rendered":"Agosto 2022"},"content":{"rendered":"<h2 style=\"text-align: center;\"><span style=\"color: #000000;\">\u00a1Gracias por tu inter\u00e9s en PanAmerican Language!<\/span><\/h2>\n<div>\n<p>Nuestros pr\u00f3ximos cursos grupales para adultos (18+) est\u00e1n pautados para comenzar en\u00a0<strong>AGOSTO\u00a02022<\/strong><strong>.\u00a0\u00a0<em>Por el momento, se ofrecer\u00e1n de manera presencial y\/o mediante el Servicio Live Online sujeto a la Orden Ejecutiva en efecto (para poder participar de los cursos de manera presencial tendr\u00e1 que\u00a0<\/em><\/strong><strong><em>firmar relevo)<\/em><\/strong><strong><em>.\u00a0\u00a0<\/em><\/strong>A continuaci\u00f3n encontrar\u00e1s el detalle de las fechas de comienzo, fechas de terminaci\u00f3n, d\u00edas y horarios<\/p>\n<p><a href=\"https:\/\/panamericanlanguage.com\/es\/wp-content\/uploads\/\/2017\/04\/Agosto-2022-HD.jpg\"><img loading=\"lazy\" decoding=\"async\" class=\"aligncenter size-full wp-image-3618\" title=\"Agosto 2022 HD\" src=\"https:\/\/panamericanlanguage.com\/es\/wp-content\/uploads\/\/2017\/04\/Agosto-2022-HD.jpg\" alt=\"\" width=\"3300\" height=\"2550\" \/><\/a><a href=\"https:\/\/panamericanlanguage.com\/es\/wp-content\/uploads\/\/2017\/04\/Especial-de-Verano-Agosto-2022-HD.jpg\"><br \/>\n<\/a><\/p>\n<p style=\"text-align: justify;\">Los cursos tienen una duraci\u00f3n de sesenta (60) lecciones que equivale a\u00a0<strong>45 horas contacto<\/strong>.\u00a0 Para medir su aprovechamiento, los estudiantes reciben una evaluaci\u00f3n de progreso, una evaluaci\u00f3n final y, de cumplir los requisitos m\u00ednimos, el certificado del curso.\u00a0 Cada estudiante tendr\u00e1 la oportunidad de hacer dos (2) presentaciones orales durante el curso, participar de todas las actividades conversacionales y se le asignan tareas para el desarrollo de las estructuras gramaticales.\u00a0 En PanAmerican Language creemos en que la manera m\u00e1s efectiva de aprender un idioma es mediante la inmersi\u00f3n.\u00a0 Por lo tanto, s\u00f3lo se le habla a los estudiantes en el idioma que est\u00e1n aprendiendo.<\/p>\n<p style=\"text-align: justify;\">El pr\u00f3ximo paso es coordinar una cita para la evaluaci\u00f3n de colocaci\u00f3n.\u00a0La\u00a0evaluaci\u00f3n (v\u00e1lida por un a\u00f1o) tendr\u00eda un costo\u00a0de $25.00. Ser\u00e1 gratuita si el estudiante se matricula el mismo d\u00eda que se eval\u00faa.<\/p>\n<p style=\"text-align: justify;\">Para el pago tienes dos opciones:<\/p>\n<ol>\n<ol>\n<li><strong style=\"text-align: justify;\">PRECIO REGULAR\u00a0<\/strong><strong style=\"text-align: justify;\">($775)<\/strong><strong style=\"text-align: justify;\">:<\/strong><span style=\"text-align: justify;\">\u00a0\u00a0A partir del 31 de julio,\u00a0si pagas la totalidad del curso recibes la Boleta de admisi\u00f3n (sin condici\u00f3n alguna), aseguras tu asiento y no tendr\u00edas que regresar hasta el primer d\u00eda de clases. As\u00ed ahorras $75 del plan de pago.<\/span><\/li>\n<p><\/br><\/p>\n<li><strong style=\"text-align: justify;\">PLAN DE PAGO\u00a0<\/strong><strong style=\"text-align: justify;\">($850)<\/strong><strong style=\"text-align: justify;\">:<\/strong><span style=\"text-align: justify;\">\u00a0Puedes separar asiento con $276.25 y\u00a0luego hacer tres (3) pagos\u00a0mensuales de $191.25. Para el Plan de pago se requiere evidencia de\u00a0<\/span><strong style=\"text-align: justify;\">DOS<\/strong><span style=\"text-align: justify;\">\u00a0cuentas distintas como garant\u00eda.\u00a0Las mismas pueden ser: tarjeta de cr\u00e9dito (Visa, MC, AMEX) y\/o evidencia de cuenta de banco (estado de cuenta o cheque VOID).\u00a0Es importante que las garant\u00edas no sean de la misma cuenta. \u00a0Por ejemplo, no podr\u00edas traer una ATH con logo VISA + Estado de Cuenta de esa misma ATH. \u00a0Tendr\u00edan\u00a0que ser dos garant\u00edas de cuentas independientes y tener todo disponible al momento\u00a0de la matr\u00edcula para llenar el\u00a0<\/span><strong style=\"text-align: justify;\">contrato de plan de pago<\/strong><span style=\"text-align: justify;\">. Este servicio del\u00a0Plan de Pago conlleva un cargo de $75 y ya est\u00e1 incluido en el desglose de los 4 plazos. ESPECIAL DE VERANO PARA AGOSTO NO ES V\u00c1LIDO CON PLAN DE PAGO.<\/span><\/li>\n<\/ol>\n<\/ol>\n<p style=\"text-align: justify;\">Todo estudiante que haya tomado cursos con PanAmerican Language recibe un descuento adicional de\u00a0$85\u00a0por concepto de Registro.<\/p>\n<p>Tenemos Centros en San Patricio y en Caguas. Adjunto el enlace con los mapas:\u00a0<a href=\"http:\/\/panamericanlanguage.com\/es\/localidades\" target=\"_blank\" rel=\"noopener\">http:\/\/panamericanlanguage.com\/es\/localidades<\/a><\/p>\n<\/div>\n<div>\n<h3 style=\"text-align: justify;\">Todo estudiante que haya tomado cursos con PanAmerican Language recibe un descuento adicional de\u00a0$85\u00a0por concepto de Registro. Para m\u00e1s informaci\u00f3n haz clic aqu\u00ed:<\/h3>\n<h2 style=\"text-align: center;\"><strong><a href=\"http:\/\/panamericanlanguage.com\/es\/rematriculas\">*REMATRICULAS*<\/a><\/strong><\/h2>\n<\/div>\n<div>\n<div>\n<div>\n<p><strong>Si interesas tomar el Curso 100% LiveOnline no hay problema.\u00a0 Aqu\u00ed la informaci\u00f3n:<\/strong><\/p>\n<p><a href=\"https:\/\/panamericanlanguage.com\/es\/wp-content\/uploads\/\/2012\/12\/LIVEONLINE-NEW-HD.jpg\"><img loading=\"lazy\" decoding=\"async\" class=\"aligncenter size-full wp-image-2696\" title=\"LIVEONLINE (NEW) HD\" src=\"https:\/\/panamericanlanguage.com\/es\/wp-content\/uploads\/\/2012\/12\/LIVEONLINE-NEW-HD.jpg\" alt=\"\" width=\"1650\" height=\"1275\" \/><\/a><\/p>\n<p>Tenemos Centros en San Patricio y en Caguas. Adjunto el enlace con los mapas:\u00a0<a href=\"http:\/\/panamericanlanguage.com\/es\/localidades\" target=\"_blank\" rel=\"noopener\">http:\/\/panamericanlanguage.com\/es\/localidades<\/a><\/p>\n<\/div>\n<\/div>\n<h3 style=\"text-align: center;\">Si est\u00e1s listo para emitir el pago y comenzar tu proceso de matricula a continuaci\u00f3n podr\u00e1s hacerlo.<\/h3>\n<h3 style=\"text-align: center;\">\u00a0<span style=\"font-size: 1.5em; text-align: center;\">\u00a1No esperes m\u00e1s!<\/span><\/h3>\n<h1 style=\"text-align: center;\"><a href=\"https:\/\/palishop.com\">www.palishop.com<\/a><\/h1>\n<\/div>\n<p>&nbsp;<\/p>\n<div id=\"product-component-1592321766138\"><\/div>\n<p><script type=\"text\/javascript\">\/\/ <![CDATA[\n(function () {   var scriptURL = 'https:\/\/sdks.shopifycdn.com\/buy-button\/latest\/buy-button-storefront.min.js';   if (window.ShopifyBuy) {     if (window.ShopifyBuy.UI) {       ShopifyBuyInit();     } else {       loadScript();     }   } else {     loadScript();   }   function loadScript() {     var script = document.createElement('script');     script.async = true;     script.src = scriptURL;     (document.getElementsByTagName('head')[0] || document.getElementsByTagName('body')[0]).appendChild(script);     script.onload = ShopifyBuyInit;   }   function ShopifyBuyInit() {     var client = ShopifyBuy.buildClient({       domain: 'panamerican-language.myshopify.com',       storefrontAccessToken: '3c198c99ba626ee7960ac0c356cf7162',     });     ShopifyBuy.UI.onReady(client).then(function (ui) {       ui.createComponent('product', {         id: '4677149392973',         node: document.getElementById('product-component-1592321766138'),         moneyFormat: '%24%7B%7Bamount%7D%7D',         options: {   \"product\": {     \"styles\": {       \"product\": {         \"@media (min-width: 601px)\": {           \"max-width\": \"100%\",           \"margin-left\": \"0\",           \"margin-bottom\": \"50px\"         },         \"text-align\": \"left\"       },       \"title\": {         \"font-size\": \"26px\"       },       \"button\": {         \"font-size\": \"16px\",         \"padding-top\": \"16px\",         \"padding-bottom\": \"16px\",         \":hover\": {           \"background-color\": \"#1e3dc3\"         },         \"background-color\": \"#2144d9\",         \":focus\": {           \"background-color\": \"#1e3dc3\"         },         \"border-radius\": \"37px\"       },       \"quantityInput\": {         \"font-size\": \"16px\",         \"padding-top\": \"16px\",         \"padding-bottom\": \"16px\"       },       \"price\": {         \"font-size\": \"18px\"       },       \"compareAt\": {         \"font-size\": \"15.299999999999999px\"       },       \"unitPrice\": {         \"font-size\": \"15.299999999999999px\"       }     },     \"layout\": \"horizontal\",     \"contents\": {       \"img\": false,       \"imgWithCarousel\": true,       \"description\": true     },     \"width\": \"100%\",     \"text\": {       \"button\": \"Add to cart\"     }   },   \"productSet\": {     \"styles\": {       \"products\": {         \"@media (min-width: 601px)\": {           \"margin-left\": \"-20px\"         }       }     }   },   \"modalProduct\": {     \"contents\": {       \"img\": false,       \"imgWithCarousel\": true,       \"button\": false,       \"buttonWithQuantity\": true     },     \"styles\": {       \"product\": {         \"@media (min-width: 601px)\": {           \"max-width\": \"100%\",           \"margin-left\": \"0px\",           \"margin-bottom\": \"0px\"         }       },       \"button\": {         \"font-size\": \"16px\",         \"padding-top\": \"16px\",         \"padding-bottom\": \"16px\",         \":hover\": {           \"background-color\": \"#1e3dc3\"         },         \"background-color\": \"#2144d9\",         \":focus\": {           \"background-color\": \"#1e3dc3\"         },         \"border-radius\": \"37px\"       },       \"quantityInput\": {         \"font-size\": \"16px\",         \"padding-top\": \"16px\",         \"padding-bottom\": \"16px\"       }     },     \"text\": {       \"button\": \"Add to cart\"     }   },   \"cart\": {     \"styles\": {       \"button\": {         \"font-size\": \"16px\",         \"padding-top\": \"16px\",         \"padding-bottom\": \"16px\",         \":hover\": {           \"background-color\": \"#1e3dc3\"         },         \"background-color\": \"#2144d9\",         \":focus\": {           \"background-color\": \"#1e3dc3\"         },         \"border-radius\": \"37px\"       }     },     \"text\": {       \"total\": \"Subtotal\",       \"button\": \"Checkout\"     },     \"popup\": false   },   \"toggle\": {     \"styles\": {       \"toggle\": {         \"background-color\": \"#2144d9\",         \":hover\": {           \"background-color\": \"#1e3dc3\"         },         \":focus\": {           \"background-color\": \"#1e3dc3\"         }       },       \"count\": {         \"font-size\": \"16px\"       }     }   } },       });     });   } })();\n\/\/ ]]><\/script><\/p>\n","protected":false},"excerpt":{"rendered":"<p>\u00a1Gracias por tu inter\u00e9s en PanAmerican Language! Nuestros pr\u00f3ximos cursos grupales para adultos (18+) est\u00e1n pautados para comenzar en\u00a0AGOSTO\u00a02022.\u00a0\u00a0Por el momento, se ofrecer\u00e1n de manera presencial y\/o mediante el Servicio Live Online sujeto a la Orden Ejecutiva en efecto (para poder participar de los cursos de manera presencial tendr\u00e1 que\u00a0firmar relevo).\u00a0\u00a0A continuaci\u00f3n encontrar\u00e1s el detalle<\/p>\n","protected":false},"author":3,"featured_media":0,"parent":0,"menu_order":0,"comment_status":"open","ping_status":"open","template":"","meta":{"footnotes":""},"class_list":["post-1327","page","type-page","status-publish","hentry"],"aioseo_notices":[],"_links":{"self":[{"href":"https:\/\/panamericanlanguage.com\/es\/wp-json\/wp\/v2\/pages\/1327","targetHints":{"allow":["GET"]}}],"collection":[{"href":"https:\/\/panamericanlanguage.com\/es\/wp-json\/wp\/v2\/pages"}],"about":[{"href":"https:\/\/panamericanlanguage.com\/es\/wp-json\/wp\/v2\/types\/page"}],"author":[{"embeddable":true,"href":"https:\/\/panamericanlanguage.com\/es\/wp-json\/wp\/v2\/users\/3"}],"replies":[{"embeddable":true,"href":"https:\/\/panamericanlanguage.com\/es\/wp-json\/wp\/v2\/comments?post=1327"}],"version-history":[{"count":0,"href":"https:\/\/panamericanlanguage.com\/es\/wp-json\/wp\/v2\/pages\/1327\/revisions"}],"wp:attachment":[{"href":"https:\/\/panamericanlanguage.com\/es\/wp-json\/wp\/v2\/media?parent=1327"}],"curies":[{"name":"wp","href":"https:\/\/api.w.org\/{rel}","templated":true}]}}