{"id":1287,"date":"2017-02-15T07:55:34","date_gmt":"2017-02-15T11:55:34","guid":{"rendered":"http:\/\/panamericanlanguage.com\/es\/?page_id=1287"},"modified":"2017-02-15T07:55:34","modified_gmt":"2017-02-15T11:55:34","slug":"marzo2023","status":"publish","type":"page","link":"https:\/\/panamericanlanguage.com\/es\/marzo2023\/","title":{"rendered":"Marzo 2023 &#8211; Cursos de INGL\u00c9S"},"content":{"rendered":"<h3 style=\"text-align: center;\"><strong>\u00a1Gracias por tu inter\u00e9s en PanAmerican Language!<\/strong><\/h3>\n<div>\n<p style=\"text-align: justify;\">Nuestros pr\u00f3ximos cursos grupales para adultos (18+) est\u00e1n pautados para comenzar en\u00a0<strong>MARZO 2023<\/strong><strong>.\u00a0<\/strong><em>Por el momento, se ofrecer\u00e1n de manera presencial y\/o mediante el Servicio Live Online sujeto a la Orden Ejecutiva en efecto (para poder participar de los cursos de manera presencial tendr\u00e1 que presentar evidencia\u00a0<\/em><em>de\u00a0dosis completa de la vacuna del COVID-19<\/em><em>).\u00a0<\/em>A continuaci\u00f3n encontrar\u00e1s el detalle de las fechas de comienzo, fechas de terminaci\u00f3n, d\u00edas y horarios.<strong><br \/>\n<\/strong><\/p>\n<p style=\"text-align: center;\">*NUEVAS FECHAS DE COMIENZO*<\/p>\n<p style=\"text-align: center;\"><strong><span style=\"text-decoration: underline;\">SABATINOS<\/span><br \/>\n18 de marzo &#8211; 1 de julio<\/strong><\/p>\n<p style=\"text-align: center;\"><strong><span style=\"text-decoration: underline;\">INTENSIVOS (Lunes a Jueves)<\/span><br \/>\n20 marzo &#8211; 16 de mayo<\/strong><\/p>\n<p style=\"font-weight: 400; text-align: center;\"><a href=\"https:\/\/panamericanlanguage.com\/es\/wp-content\/uploads\/\/2017\/02\/MARZO-2023-HD.jpg\"><img loading=\"lazy\" decoding=\"async\" class=\"aligncenter size-full wp-image-3804\" src=\"https:\/\/panamericanlanguage.com\/es\/wp-content\/uploads\/\/2017\/02\/MARZO-2023-HD.jpg\" alt=\"MARZO 2023 HD\" width=\"3300\" height=\"2550\" \/><\/a><\/p>\n<p style=\"text-align: justify;\">Los cursos tienen una duraci\u00f3n de sesenta (60) lecciones que equivale a\u00a0<strong>45 horas contacto<\/strong>.\u00a0 Para medir su aprovechamiento, los estudiantes reciben una evaluaci\u00f3n de progreso, una evaluaci\u00f3n final y, de cumplir los requisitos m\u00ednimos, el certificado del curso.\u00a0 Cada estudiante tendr\u00e1 la oportunidad de hacer dos presentaciones orales durante el curso, participar de todas las actividades conversacionales y se le asignan tareas para el desarrollo de las estructuras gramaticales.\u00a0 En PanAmerican Language creemos en que la manera m\u00e1s efectiva de aprender un idioma es mediante la inmersi\u00f3n.\u00a0 Por lo tanto, s\u00f3lo se le habla a los estudiantes en el idioma que est\u00e1n aprendiendo.<\/p>\n<p style=\"text-align: justify;\">El pr\u00f3ximo paso es coordinar una cita para la evaluaci\u00f3n de colocaci\u00f3n.\u00a0La\u00a0evaluaci\u00f3n (v\u00e1lida por un a\u00f1o) tendr\u00eda un costo\u00a0de $25.00. Ser\u00e1 gratuita si el estudiante se matricula el mismo d\u00eda que se eval\u00faa.<\/p>\n<p style=\"text-align: justify;\">Para el pago tienes dos opciones:<\/p>\n<\/div>\n<div style=\"text-align: justify;\">\n<div><strong>1.\u00a0<\/strong><strong>PRECIO REGULAR\u00a0<\/strong><strong>(<span style=\"color: #ff0000;\">$<\/span><span style=\"color: #ff0000;\">775<\/span>)<\/strong><strong>:<\/strong>\u00a0\u00a0Si pagas la totalidad recibes la Boleta de admisi\u00f3n (sin condici\u00f3n alguna), separas tu espacio y no tendr\u00edas que regresar hasta el primer d\u00eda de clases. As\u00ed ahorras $50 del plan de pago.\u00a0Tambi\u00e9n, podr\u00e1s separar el asiento con $270.00\u00a0y saldar balance de $505.00\u00a0ANTES del\u00a05 de marzo de 2023\u00a0(Despu\u00e9s\u00a0de esta fecha tu asiento estar\u00e1 disponible y podr\u00e1s perderlo).<\/div>\n<div><\/div>\n<p>&nbsp;<\/p>\n<div><strong>2.\u00a0<\/strong><strong>PLAN DE PAGO\u00a0<\/strong><strong>(<span style=\"color: #ff0000;\">$850<\/span>)<\/strong><strong>:<\/strong>\u00a0<strong>\u00a0(A)<\/strong>\u00a0Cursos en semana: Puedes separar asiento con $276.25\u00a0y luego hacer tres (3) pagos\u00a0<em>bisemanales<\/em>\u00a0de $191.25.\u00a0<strong>(B)<\/strong>\u00a0Cursos Sabatinos: Puedes separar asiento con $276.25\u00a0y luego hacer tres (3) pagos\u00a0<em>mensuales<\/em>\u00a0de $191.25. Para el Plan de pago se requiere evidencia de\u00a0<strong>DOS<\/strong>\u00a0cuentas distintas como garant\u00eda.\u00a0Las mismas pueden ser: tarjeta de cr\u00e9dito (Visa, MC, AMEX) y\/o evidencia de cuenta de banco (estado de cuenta o cheque VOID).\u00a0Es importante que las garant\u00edas no sean de la misma cuenta. Por ejemplo, no podr\u00edas traer una ATH con logo VISA + Estado de Cuenta de esa misma ATH. Tendr\u00edan\u00a0que ser dos garant\u00edas de cuentas independientes y traer todo esto al momento\u00a0de llenar el\u00a0<strong>contrato de plan de pago<\/strong>. Este servicio del\u00a0Plan de Pago conlleva un cargo de $75\u00a0y ya est\u00e1 incluido en el desglose de los 4 plazos.<\/div>\n<\/div>\n<div><\/div>\n<div>\n<div dir=\"ltr\">\n<div id=\"divtagdefaultwrapper\">\n<div lang=\"EN-US\">\n<div>\n<div>\n<div>\n<div>\n<div>\n<div>\n<h3 style=\"text-align: center;\"><strong><a title=\"Ofertas\" href=\"https:\/\/panamericanlanguage.com\/es\/ofertas\">Si estas listo para Matricularte puedes entrar a nuestr<\/a>o<\/strong><\/h3>\n<p><a href=\"https:\/\/palishop.com\/collections\/ofertas\"><img loading=\"lazy\" decoding=\"async\" class=\"aligncenter\" title=\"palishop.com\" src=\"https:\/\/panamericanlanguage.com\/es\/wp-content\/uploads\/\/2016\/02\/ICON1_PALISHOP-150x150.jpg\" alt=\"\" width=\"150\" height=\"150\" \/><\/a><\/p>\n<\/div>\n<\/div>\n<\/div>\n<\/div>\n<\/div>\n<div>\n<h3>Todo estudiante que haya tomado cursos con PanAmerican Language recibe un descuento adicional de\u00a0$85\u00a0por concepto de Registro. M\u00e1s info aqu\u00ed: <a href=\"https:\/\/panamericanlanguage.com\/es\/rematriculas\">REMATRICULAS<\/a><\/h3>\n<\/div>\n<div>\n<div>\n<p>Tenemos Centros en San Patricio y en Caguas. Adjunto el enlace con los mapas:\u00a0<a href=\"http:\/\/panamericanlanguage.com\/es\/localidades\" target=\"_blank\" rel=\"noopener\">http:\/\/panamericanlanguage.com\/es\/localidades<\/a><\/p>\n<p>Aqu\u00ed un enlace con videos explicativos de como estamos manejando las clases y evaluaciones online:<\/p>\n<ul>\n<li>Evaluaciones y Matr\u00edcula: <a href=\"https:\/\/youtu.be\/9oPyd1DH6ik\">https:\/\/youtu.be\/9oPyd1DH6ik<\/a><\/li>\n<\/ul>\n<ul>\n<li>Cursos LiveOnline: <a href=\"https:\/\/youtu.be\/3T24KcPc4kg\">https:\/\/youtu.be\/3T24KcPc4kg<\/a><\/li>\n<\/ul>\n<\/div>\n<div>\n<div>\n<p>Si tiene alguna duda, pregunta o comentario en confianza puede contactarnos.<\/p>\n<\/div>\n<\/div>\n<\/div>\n<\/div>\n<div>\n<div>\n<div>\n<div>\n<h2 style=\"text-align: center;\"><strong>\u00a1Esperamos escuchar de ti pronto!<\/strong><\/h2>\n<\/div>\n<\/div>\n<\/div>\n<\/div>\n<\/div>\n<\/div>\n<\/div>\n<\/div>\n","protected":false},"excerpt":{"rendered":"<p>\u00a1Gracias por tu inter\u00e9s en PanAmerican Language! Nuestros pr\u00f3ximos cursos grupales para adultos (18+) est\u00e1n pautados para comenzar en\u00a0MARZO 2023.\u00a0Por el momento, se ofrecer\u00e1n de manera presencial y\/o mediante el Servicio Live Online sujeto a la Orden Ejecutiva en efecto (para poder participar de los cursos de manera presencial tendr\u00e1 que presentar evidencia\u00a0de\u00a0dosis completa de<\/p>\n","protected":false},"author":3,"featured_media":0,"parent":0,"menu_order":0,"comment_status":"open","ping_status":"open","template":"","meta":{"footnotes":""},"class_list":["post-1287","page","type-page","status-publish","hentry"],"aioseo_notices":[],"_links":{"self":[{"href":"https:\/\/panamericanlanguage.com\/es\/wp-json\/wp\/v2\/pages\/1287","targetHints":{"allow":["GET"]}}],"collection":[{"href":"https:\/\/panamericanlanguage.com\/es\/wp-json\/wp\/v2\/pages"}],"about":[{"href":"https:\/\/panamericanlanguage.com\/es\/wp-json\/wp\/v2\/types\/page"}],"author":[{"embeddable":true,"href":"https:\/\/panamericanlanguage.com\/es\/wp-json\/wp\/v2\/users\/3"}],"replies":[{"embeddable":true,"href":"https:\/\/panamericanlanguage.com\/es\/wp-json\/wp\/v2\/comments?post=1287"}],"version-history":[{"count":0,"href":"https:\/\/panamericanlanguage.com\/es\/wp-json\/wp\/v2\/pages\/1287\/revisions"}],"wp:attachment":[{"href":"https:\/\/panamericanlanguage.com\/es\/wp-json\/wp\/v2\/media?parent=1287"}],"curies":[{"name":"wp","href":"https:\/\/api.w.org\/{rel}","templated":true}]}}