{"id":1071,"date":"2015-12-14T07:14:55","date_gmt":"2015-12-14T07:14:55","guid":{"rendered":"http:\/\/consulting.stylemixthemes.com\/?page_id=2"},"modified":"2026-05-04T16:37:50","modified_gmt":"2026-05-04T20:37:50","slug":"sample-page-2","status":"publish","type":"page","link":"https:\/\/panamericanlanguage.com\/es\/","title":{"rendered":"Home"},"content":{"rendered":"<p>[vc_row full_width=&#8221;stretch_row&#8221; css=&#8221;.vc_custom_1703001576557{background: #001382 url(https:\/\/panamericanlanguage.com\/wp-content\/uploads\/2023\/04\/PANAMERILANGLOGOb.png?id=7532) !important;background-position: center !important;background-repeat: no-repeat !important;background-size: contain !important;}&#8221;][vc_column offset=&#8221;vc_hidden-xs&#8221; css=&#8221;.vc_custom_1703001592083{padding-top: 40px !important;padding-bottom: 40px !important;}&#8221;][vc_column_text][rev_slider_vc alias=&#8221;highlight-carousel71-1&#8243;][\/vc_column_text][vc_column_text]\n<div class='wp-block-html5-player-video html5_video_players' class=\"wp-block-html5-player-video\" data-nonce=\"a4381ef548\" data-attributes=\"{&quot;imported&quot;:true,&quot;uniqueId&quot;:&quot;h5vpb692ef99&quot;,&quot;source&quot;:&quot;https:\\\/\\\/panamericanlanguage.com\\\/wp-content\\\/uploads\\\/2023\\\/06\\\/033f17cf-4f84-4538-aee1-4cfc71f1b005.mp4&quot;,&quot;poster&quot;:&quot;https:\\\/\\\/panamericanlanguage.com\\\/wp-content\\\/uploads\\\/2023\\\/12\\\/Katiria-Soto-scaled.jpg&quot;,&quot;options&quot;:{&quot;controls&quot;:[&quot;play-large&quot;,&quot;rewind&quot;,&quot;play&quot;,&quot;fast-forward&quot;,&quot;progress&quot;,&quot;current-time&quot;,&quot;mute&quot;,&quot;volume&quot;,&quot;settings&quot;,&quot;fullscreen&quot;],&quot;settings&quot;:[&quot;captions&quot;,&quot;quality&quot;,&quot;speed&quot;,&quot;loop&quot;],&quot;loadSprite&quot;:true,&quot;autoplay&quot;:false,&quot;seekTime&quot;:10,&quot;volume&quot;:1,&quot;muted&quot;:false,&quot;hideControls&quot;:true,&quot;resetOnEnd&quot;:false,&quot;tooltips&quot;:{&quot;controls&quot;:true,&quot;seek&quot;:true},&quot;captions&quot;:{&quot;active&quot;:false,&quot;language&quot;:&quot;auto&quot;,&quot;update&quot;:true},&quot;ratio&quot;:null,&quot;storage&quot;:{&quot;enabled&quot;:true,&quot;key&quot;:&quot;plyr&quot;},&quot;speed&quot;:{&quot;options&quot;:[&quot;1&quot;,&quot;2&quot;,&quot;3&quot;,&quot;0.5&quot;,&quot;0.75&quot;,&quot;1.25&quot;,&quot;1.5&quot;,&quot;1.75&quot;,&quot;2.5&quot;]},&quot;loop&quot;:{&quot;active&quot;:false},&quot;ads&quot;:{&quot;enabled&quot;:true},&quot;urls&quot;:{&quot;enabled&quot;:false},&quot;markers&quot;:{&quot;enabled&quot;:true,&quot;points&quot;:[]},&quot;preload&quot;:&quot;metadata&quot;,&quot;imported&quot;:true},&quot;features&quot;:{&quot;popup&quot;:{&quot;enabled&quot;:false,&quot;type&quot;:&quot;poster&quot;,&quot;btnText&quot;:&quot;Watch Video&quot;,&quot;align&quot;:&quot;center&quot;,&quot;btnStyle&quot;:{&quot;color&quot;:&quot;#fff&quot;,&quot;backgroundColor&quot;:&quot;#006BA1&quot;,&quot;fontSize&quot;:&quot;16px&quot;,&quot;padding&quot;:{&quot;top&quot;:&quot;10px&quot;,&quot;right&quot;:&quot;20px&quot;,&quot;bottom&quot;:&quot;10px&quot;,&quot;left&quot;:&quot;20px&quot;}}},&quot;overlay&quot;:{&quot;enabled&quot;:false,&quot;items&quot;:[{&quot;color&quot;:&quot;#ffffff&quot;,&quot;backgroundColor&quot;:&quot;#333&quot;,&quot;fontSize&quot;:{&quot;number&quot;:20,&quot;unit&quot;:&quot;px&quot;},&quot;position&quot;:&quot;top_right&quot;,&quot;type&quot;:&quot;logo&quot;,&quot;opacity&quot;:0.8}]},&quot;endScreen&quot;:{&quot;enabled&quot;:false,&quot;text&quot;:&quot;Endscreen text&quot;,&quot;btnText&quot;:&quot;Watch Again&quot;,&quot;btnLink&quot;:&quot;#&quot;,&quot;btnStyle&quot;:[]},&quot;thumbInPause&quot;:{&quot;enabled&quot;:false,&quot;type&quot;:&quot;default&quot;},&quot;watermark&quot;:{&quot;color&quot;:&quot;#f00&quot;},&quot;sticky&quot;:{&quot;enabled&quot;:false,&quot;position&quot;:&quot;top_right&quot;},&quot;playWhenVisible&quot;:false,&quot;disablePause&quot;:false,&quot;hideYoutubeUI&quot;:false,&quot;startTime&quot;:0,&quot;hideLoadingPlaceholder&quot;:false,&quot;passwordProtected&quot;:{&quot;password&quot;:null}},&quot;styles&quot;:{&quot;plyr_wrapper&quot;:{&quot;width&quot;:&quot;100%&quot;},&quot;plyr&quot;:{&quot;borderRadius&quot;:&quot;0px&quot;},&quot;.plyr&quot;:{&quot;--plyr-color-main&quot;:&quot;#00b2ff&quot;}},&quot;width&quot;:{&quot;deprecated&quot;:true,&quot;number&quot;:100,&quot;unit&quot;:&quot;%&quot;,&quot;isDeprecated&quot;:true},&quot;provider&quot;:&quot;self-hosted&quot;,&quot;seo&quot;:{&quot;title&quot;:&quot;&quot;,&quot;description&quot;:&quot;&quot;,&quot;duration&quot;:&quot;&quot;},&quot;quality&quot;:[],&quot;subtitle&quot;:[{&quot;label&quot;:&quot;English\\\/en&quot;,&quot;caption_file&quot;:&quot;&quot;}],&quot;thumbInPause&quot;:false,&quot;hideYoutubeUI&quot;:false,&quot;autoplayWhenVisible&quot;:false,&quot;CSS&quot;:&quot;&quot;,&quot;isCDURL&quot;:false,&quot;posterTime&quot;:20,&quot;chapters&quot;:[],&quot;controls&quot;:{&quot;play-large&quot;:true,&quot;restart&quot;:false,&quot;rewind&quot;:false,&quot;play&quot;:true,&quot;fast-forward&quot;:false,&quot;progress&quot;:true,&quot;current-time&quot;:true,&quot;duration&quot;:false,&quot;mute&quot;:true,&quot;volume&quot;:true,&quot;pip&quot;:false,&quot;airplay&quot;:false,&quot;settings&quot;:true,&quot;downlaod&quot;:false,&quot;fullscreen&quot;:true},&quot;brandColor&quot;:&quot;#00B3FF&quot;,&quot;radius&quot;:{&quot;number&quot;:0,&quot;unit&quot;:&quot;px&quot;},&quot;repeat&quot;:false,&quot;autoplay&quot;:false,&quot;muted&quot;:false,&quot;sticky&quot;:false,&quot;stickyPosition&quot;:&quot;top-right&quot;,&quot;popup&quot;:false,&quot;popupType&quot;:&quot;poster&quot;,&quot;playsinline&quot;:false,&quot;popupBtnStyle&quot;:{&quot;color&quot;:&quot;#fff&quot;,&quot;backgroundColor&quot;:&quot;#006BA1&quot;,&quot;fontSize&quot;:&quot;16px&quot;,&quot;padding&quot;:{&quot;top&quot;:&quot;10px&quot;,&quot;right&quot;:&quot;20px&quot;,&quot;bottom&quot;:&quot;10px&quot;,&quot;left&quot;:&quot;20px&quot;},&quot;align&quot;:&quot;center&quot;},&quot;popupBtnText&quot;:&quot;Watch Video&quot;,&quot;disablePause&quot;:false,&quot;thumbStyle&quot;:&quot;default&quot;,&quot;resetOnEnd&quot;:false,&quot;autoHideControl&quot;:true,&quot;protected&quot;:false,&quot;protectedText&quot;:&quot;Please enter password to wath the video&quot;,&quot;seekTime&quot;:10,&quot;startTime&quot;:0,&quot;preload&quot;:&quot;metadata&quot;,&quot;overlay&quot;:false,&quot;overlayPosition&quot;:&quot;top_right&quot;,&quot;overlayBackground&quot;:&quot;#333&quot;,&quot;overlayOpacity&quot;:0.8,&quot;overlayTextColor&quot;:&quot;#ffffff&quot;,&quot;overlayFontSize&quot;:{&quot;number&quot;:20,&quot;unit&quot;:&quot;px&quot;},&quot;overlayTextHoverColor&quot;:&quot;#ffffff&quot;,&quot;endScreen&quot;:{&quot;enabled&quot;:false,&quot;text&quot;:&quot;Simple Text&quot;,&quot;btnText&quot;:&quot;Watch Again&quot;,&quot;btnLink&quot;:&quot;&quot;,&quot;btnStyle&quot;:[]},&quot;endscreen&quot;:false,&quot;endscreenText&quot;:&quot;Endscreen text&quot;,&quot;endscreenTextLink&quot;:&quot;#&quot;,&quot;streaming&quot;:false,&quot;streamingType&quot;:&quot;hls&quot;,&quot;speed&quot;:{&quot;1&quot;:true,&quot;2&quot;:true,&quot;3&quot;:true,&quot;0.5&quot;:true,&quot;0.75&quot;:true,&quot;1.25&quot;:true,&quot;1.5&quot;:true,&quot;1.75&quot;:true,&quot;2.5&quot;:true},&quot;captionEnabled&quot;:false,&quot;saveState&quot;:false,&quot;openPopupId&quot;:&quot;&quot;}\">\n    <div class=\"preload_poster\" style=\"overflow:hidden;aspect-ratio:;\">\n        <svg width=\"36px\" height=\"36px\" viewBox=\"0 0 15 15\" fill=\"none\" xmlns=\"http:\/\/www.w3.org\/2000\/svg\">\n            <path d=\"M4.79062 2.09314C4.63821 1.98427 4.43774 1.96972 4.27121 2.05542C4.10467 2.14112 4 2.31271 4 2.5V12.5C4 12.6873 4.10467 12.8589 4.27121 12.9446C4.43774 13.0303 4.63821 13.0157 4.79062 12.9069L11.7906 7.90687C11.922 7.81301 12 7.66148 12 7.5C12 7.33853 11.922 7.18699 11.7906 7.09314L4.79062 2.09314Z\" fill=\"#fff\" \/>\n        <\/svg>\n    <\/div>\n<\/div>\n\n[\/vc_column_text][\/vc_column][\/vc_row][vc_row full_width=&#8221;stretch_row&#8221; css=&#8221;.vc_custom_1703001499087{margin-top: 0px !important;padding-top: 0px !important;background: #001382 url(https:\/\/panamericanlanguage.com\/wp-content\/uploads\/2023\/04\/PANAMERILANGLOGOb.png?id=7532) !important;background-position: center !important;background-repeat: no-repeat !important;background-size: contain !important;}&#8221;][vc_column css=&#8221;.vc_custom_1703001680491{margin-top: 0px !important;margin-right: 0px !important;margin-left: 0px !important;padding-top: 40px !important;padding-right: 0px !important;padding-bottom: 20px !important;padding-left: 0px !important;}&#8221; offset=&#8221;vc_hidden-lg vc_hidden-md vc_hidden-sm&#8221;][vc_single_image image=&#8221;9688&#8243; img_size=&#8221;FULL&#8221; add_caption=&#8221;yes&#8221; onclick=&#8221;custom_link&#8221; link=&#8221;https:\/\/panamericanlanguage.com\/es\/verano2026\/&#8221;][vc_single_image image=&#8221;9693&#8243; img_size=&#8221;full&#8221; add_caption=&#8221;yes&#8221; onclick=&#8221;custom_link&#8221; img_link_target=&#8221;_blank&#8221; link=&#8221;https:\/\/panamericanlanguage.com\/es\/palikids\/&#8221;][vc_single_image image=&#8221;9724&#8243; img_size=&#8221;Full&#8221; add_caption=&#8221;yes&#8221; onclick=&#8221;custom_link&#8221; link=&#8221;https:\/\/panamericanlanguage.com\/es\/spanish2026\/&#8221;][vc_single_image image=&#8221;9722&#8243; img_size=&#8221;FULL&#8221; add_caption=&#8221;yes&#8221; onclick=&#8221;custom_link&#8221; link=&#8221;https:\/\/panamericanlanguage.com\/es\/lenguasforaneas\/&#8221;][vc_single_image image=&#8221;9712&#8243; img_size=&#8221;full&#8221; add_caption=&#8221;yes&#8221; onclick=&#8221;custom_link&#8221; link=&#8221;https:\/\/panamericanlanguage.com\/es\/palisummercamp\/&#8221;][vc_single_image image=&#8221;9574&#8243; img_size=&#8221;full&#8221; onclick=&#8221;custom_link&#8221; link=&#8221;https:\/\/maps.app.goo.gl\/kRUJi3pKjMH8yVWz8&#8243;][\/vc_column][\/vc_row][vc_row full_width=&#8221;stretch_row&#8221; css_animation=&#8221;none&#8221; css=&#8221;.vc_custom_1681393838120{margin-top: 0px !important;margin-bottom: 0px !important;padding-top: 10px !important;padding-bottom: 10px !important;background-color: #ebedf3 !important;}&#8221;][vc_column css=&#8221;.vc_custom_1681393291858{margin-top: 0px !important;margin-right: 0px !important;margin-bottom: 0px !important;margin-left: 0px !important;padding-top: 00px !important;padding-right: 0px !important;padding-bottom: 0px !important;padding-left: 0px !important;}&#8221;][stm_services posts_per_page=&#8221;3&#8243; posts_per_row=&#8221;3&#8243; category=&#8221;advisory&#8221; img_size=&#8221;740&#215;440&#8243; service_excerpt=&#8221;yes&#8221; service_more=&#8221;yes&#8221; css=&#8221;.vc_custom_1681393265782{margin-top: 0px !important;margin-right: 0px !important;margin-bottom: 0px !important;margin-left: 0px !important;padding-top: 0px !important;padding-right: 0px !important;padding-bottom: 0px !important;padding-left: 0px !important;}&#8221;][\/vc_column][\/vc_row][vc_row full_width=&#8221;stretch_row&#8221; css=&#8221;.vc_custom_1666646385257{padding-top: 80px !important;background-color: #ffffff !important;}&#8221;][vc_column width=&#8221;1\/2&#8243;][vc_custom_heading stripe_pos=&#8221;hide&#8221; text=&#8221;Sobre Nosotros&#8221; font_container=&#8221;tag:h1|text_align:left&#8221; use_theme_fonts=&#8221;yes&#8221;][vc_column_text]Desde 1986 nos hemos dedicado al crecimiento y desarrollo de miles de profesionales mediante la ense\u00f1anza de idiomas. Hemos adiestrado el personal de cientos de corporaciones multinacionales, profesionales, celebridades, atletas y reinas de belleza pero tambi\u00e9n ayudamos a cualquier adulto, joven o ni\u00f1o que esta buscando desarrollar sus destrezas de comunicaci\u00f3n.<\/p>\n<p>Estamos comprometidos con su mejoramiento profesional y nuestro servicio personalizado ser\u00e1 clave para ayudarle a alcanzar sus objetivos en el idioma. Adem\u00e1s, mantenemos un riguroso proceso de reclutamiento, adiestramiento y supervisi\u00f3n para garantizar el mejor aprovechamiento posible. Por eso orgullosamente decimos:&#8230;.[\/vc_column_text][vc_single_image image=&#8221;7085&#8243; img_size=&#8221;full&#8221; alignment=&#8221;center&#8221;][stm_spacing lg_spacing=&#8221;80&#8243; md_spacing=&#8221;70&#8243; sm_spacing=&#8221;40&#8243; xs_spacing=&#8221;40&#8243;][\/vc_column][vc_column width=&#8221;1\/2&#8243;][vc_custom_heading stripe_pos=&#8221;hide&#8221; text=&#8221;Preguntas Frecuentes sobre Ense\u00f1anza de Idiomas&#8221; use_theme_fonts=&#8221;yes&#8221;][vc_tta_accordion style=&#8221;modern&#8221; active_section=&#8221;1&#8243;][vc_tta_section title=&#8221;\u00bfQu\u00e9 Ofrecemos?&#8221; tab_id=&#8221;1583987527590-88e2e1d5-e8fb&#8221;][vc_column_text]Adiestramiento en los siguientes idiomas: ingl\u00e9s, espa\u00f1ol, franc\u00e9s, portugu\u00e9s, alem\u00e1n, italiano, japon\u00e9s, chino mandar\u00edn y otros. Clases individuales, en pareja, y en grupos, diurnas, nocturnas y\/o sabatinas. Los grupos son peque\u00f1os (3 -10 estudiantes) para que todos tengan la oportunidad de participar y obtener un mejor aprovechamiento. Podemos enviar al instructor a su compa\u00f1\u00eda o el estudiante puede tomar los cursos en nuestras localidades.[\/vc_column_text][\/vc_tta_section][vc_tta_section title=&#8221;\u00bfC\u00f3mo lo Hacemos?&#8221; tab_id=&#8221;1583987572506-1d2b5463-158e&#8221;][vc_column_text]Nuestros cursos enfatizan el desarrollo de destrezas de comunicaci\u00f3n oral, vocabulario y dominio estructural del idioma. Esto es conocido como el M\u00c9TODO DE ENSE\u00d1ANZA INTEGRAL (Whole Language Approach). En este m\u00e9todo se le ense\u00f1a al estudiante a integrar el vocabulario y los conocimientos gramaticales a la comunicaci\u00f3n oral. De esta manera, el estudiante aprende a construir sus propias oraciones, en lugar de simplemente repetir lo que ha escuchado. Los recursos audiovisuales (Internet, youtube, Netflix, etc) se utilizan como herramienta en el sal\u00f3n de clases.[\/vc_column_text][\/vc_tta_section][vc_tta_section title=&#8221;\u00bfPor Qu\u00e9 Escogernos?&#8221; tab_id=&#8221;1583987571368-85271e81-34f9&#8243;][vc_column_text]Integridad Acad\u00e9mica, Flexibilidad, Costo-Beneficio y Experiencia[\/vc_column_text][\/vc_tta_section][\/vc_tta_accordion][stm_spacing lg_spacing=&#8221;80&#8243; md_spacing=&#8221;70&#8243; sm_spacing=&#8221;60&#8243; xs_spacing=&#8221;50&#8243;][\/vc_column][\/vc_row][vc_row][vc_column][stm_spacing lg_spacing=&#8221;95&#8243; md_spacing=&#8221;80&#8243; sm_spacing=&#8221;70&#8243; xs_spacing=&#8221;60&#8243;][vc_custom_heading text=&#8221;Testimonios&#8221; font_container=&#8221;tag:h2|text_align:center&#8221; google_fonts=&#8221;font_family:Roboto%3A100%2C100italic%2C300%2C300italic%2Cregular%2Citalic%2C500%2C500italic%2C700%2C700italic%2C900%2C900italic|font_style:400%20regular%3A400%3Anormal&#8221;][stm_testimonials_carousel style=&#8221;style_2&#8243; count=&#8221;120&#8243; per_row=&#8221;3&#8243; autoplay_carousel=&#8221;yes&#8221;][stm_spacing lg_spacing=&#8221;95&#8243; md_spacing=&#8221;80&#8243; sm_spacing=&#8221;70&#8243; xs_spacing=&#8221;60&#8243;][\/vc_column][\/vc_row][vc_row full_width=&#8221;stretch_row&#8221; css=&#8221;.vc_custom_1751552015399{background-image: url(https:\/\/panamericanlanguage.com\/wp-content\/uploads\/2022\/10\/Depositphotos_126505eee880_XL-33331.jpg?id=7110) !important;background-position: center !important;background-repeat: no-repeat !important;background-size: cover !important;}&#8221;][vc_column][stm_spacing lg_spacing=&#8221;95&#8243; md_spacing=&#8221;80&#8243; sm_spacing=&#8221;70&#8243; xs_spacing=&#8221;60&#8243;][vc_custom_heading stripe_pos=&#8221;hide&#8221; text=&#8221;\u00bfPor Qu\u00e9 Elegirnos?&#8221; font_container=&#8221;tag:h2|text_align:center|color:%23ffffff&#8221; use_theme_fonts=&#8221;yes&#8221;][stm_spacing lg_spacing=&#8221;25&#8243; md_spacing=&#8221;20&#8243; sm_spacing=&#8221;15&#8243; xs_spacing=&#8221;15&#8243;][vc_row_inner][vc_column_inner width=&#8221;1\/3&#8243;][stm_info_box style=&#8221;style_9&#8243; title=&#8221;Cursos Efectivos&#8221; infobox_label=&#8221;01&#8243;]Pan American, desarroll\u00f3 cursos efectivos en la ense\u00f1anza de idiomas para el mundo de los negocios. Somos innovadores, por lo tanto, ajustamos el curr\u00edculo a sus necesidades, pedidos o proyectos especiales.[\/stm_info_box][stm_spacing lg_spacing=&#8221;0&#8243; md_spacing=&#8221;0&#8243; sm_spacing=&#8221;0&#8243; xs_spacing=&#8221;30&#8243;][\/vc_column_inner][vc_column_inner width=&#8221;1\/3&#8243;][stm_info_box style=&#8221;style_9&#8243; title=&#8221;M\u00e9todos de Ense\u00f1ana&#8221; infobox_label=&#8221;02&#8243;]Nuestro compromiso con una evaluaci\u00f3n oral y escrita nos ayuda a desarrollar varios niveles de conocimiento que enfocan las distintas necesidades de nuestros estudiantes. Tenemos varios m\u00e9todos de ense\u00f1anza para ajustarnos a los distintos estilos de aprendizaje.[\/stm_info_box][stm_spacing lg_spacing=&#8221;0&#8243; md_spacing=&#8221;0&#8243; sm_spacing=&#8221;0&#8243; xs_spacing=&#8221;30&#8243;][\/vc_column_inner][vc_column_inner width=&#8221;1\/3&#8243;][stm_info_box style=&#8221;style_9&#8243; title=&#8221;Seguridad&#8221; infobox_label=&#8221;03&#8243;]Te ofrecemos las ventajas de aprender otro idioma: m\u00e1s seguridad, asertividad al hablar y \u00e9xito profesional. Tenemos el mejor costo \u2013 beneficio y estamos confiados que estar\u00e1s satisfecho con los resultados.[\/stm_info_box][\/vc_column_inner][\/vc_row_inner][stm_spacing lg_spacing=&#8221;110&#8243; md_spacing=&#8221;80&#8243; sm_spacing=&#8221;70&#8243; xs_spacing=&#8221;60&#8243;][\/vc_column][\/vc_row][vc_row full_width=&#8221;stretch_row&#8221; css=&#8221;.vc_custom_1666633296521{background-color: #e20613 !important;background-position: center !important;background-repeat: no-repeat !important;background-size: cover !important;}&#8221;][vc_column offset=&#8221;vc_col-lg-5 vc_col-md-5&#8243;][stm_spacing lg_spacing=&#8221;95&#8243; md_spacing=&#8221;80&#8243; sm_spacing=&#8221;70&#8243; xs_spacing=&#8221;60&#8243;][vc_custom_heading text=&#8221;M\u00e1s de 35 A\u00f1os<br \/>\nde Experiencia&#8221; font_container=&#8221;tag:h2|text_align:left|color:%23ffffff&#8221; use_theme_fonts=&#8221;yes&#8221;][vc_column_text]<span style=\"color: #ffffff;\">Integridad Acad\u00e9mica, Flexibilidad, Costo-Beneficio y Experiencia.<\/span>[\/vc_column_text][stm_spacing lg_spacing=&#8221;65&#8243; md_spacing=&#8221;50&#8243; sm_spacing=&#8221;0&#8243; xs_spacing=&#8221;0&#8243;][\/vc_column][vc_column width=&#8221;1\/12&#8243;][\/vc_column][vc_column offset=&#8221;vc_col-lg-6 vc_col-md-6&#8243;][stm_spacing lg_spacing=&#8221;95&#8243; md_spacing=&#8221;80&#8243; sm_spacing=&#8221;0&#8243; xs_spacing=&#8221;0&#8243;][vc_row_inner][vc_column_inner width=&#8221;1\/2&#8243;][stm_stats_counter stat_counter_style=&#8221;style_5&#8243; icon=&#8221;stm-ankara-case&#8221; counter_value_pre=&#8221;+&#8221; title_color=&#8221;#ffffff&#8221; icon_color=&#8221;#ffffff&#8221; title=&#8221;Clientes Corporativos&#8221;][stm_spacing lg_spacing=&#8221;30&#8243; md_spacing=&#8221;30&#8243; sm_spacing=&#8221;20&#8243; xs_spacing=&#8221;20&#8243;][\/vc_column_inner][vc_column_inner width=&#8221;1\/2&#8243;][stm_stats_counter stat_counter_style=&#8221;style_5&#8243; icon=&#8221;stm-ankara-user&#8221; counter_value=&#8221;35&#8243; counter_value_pre=&#8221;+&#8221; title_color=&#8221;#ffffff&#8221; icon_color=&#8221;#ffffff&#8221; title=&#8221;Instructores&#8221;][stm_spacing lg_spacing=&#8221;30&#8243; md_spacing=&#8221;30&#8243; sm_spacing=&#8221;20&#8243; xs_spacing=&#8221;20&#8243;][\/vc_column_inner][\/vc_row_inner][vc_row_inner][vc_column_inner width=&#8221;1\/2&#8243;][stm_stats_counter stat_counter_style=&#8221;style_5&#8243; icon=&#8221;stm-ankara-trophy&#8221; counter_value=&#8221;19&#8243; title_color=&#8221;#ffffff&#8221; icon_color=&#8221;#ffffff&#8221; title=&#8221;L\u00edderes #1 en Puerto Rico&#8221;][stm_spacing xs_spacing=&#8221;20&#8243;][\/vc_column_inner][vc_column_inner width=&#8221;1\/2&#8243;][stm_stats_counter stat_counter_style=&#8221;style_5&#8243; icon=&#8221;stm-ankara-like&#8221; counter_value=&#8221;10000&#8243; counter_value_pre=&#8221;+&#8221; title_color=&#8221;#ffffff&#8221; icon_color=&#8221;#ffffff&#8221; title=&#8221;Estudiantes Sastisfechos&#8221;][\/vc_column_inner][\/vc_row_inner][stm_spacing lg_spacing=&#8221;65&#8243; md_spacing=&#8221;50&#8243; sm_spacing=&#8221;70&#8243; xs_spacing=&#8221;60&#8243;][\/vc_column][\/vc_row][vc_row][vc_column][vc_video][\/vc_column][\/vc_row]<\/p>\n","protected":false},"excerpt":{"rendered":"<p>[vc_row full_width=&#8221;stretch_row&#8221; css=&#8221;.vc_custom_1703001576557{background: #001382 url(https:\/\/panamericanlanguage.com\/wp-content\/uploads\/2023\/04\/PANAMERILANGLOGOb.png?id=7532) !important;background-position: center !important;background-repeat: no-repeat !important;background-size: contain !important;}&#8221;][vc_column offset=&#8221;vc_hidden-xs&#8221; css=&#8221;.vc_custom_1703001592083{padding-top: 40px !important;padding-bottom: 40px !important;}&#8221;][vc_column_text][rev_slider_vc alias=&#8221;highlight-carousel71-1&#8243;][\/vc_column_text][vc_column_text][\/vc_column_text][\/vc_column][\/vc_row][vc_row full_width=&#8221;stretch_row&#8221; css=&#8221;.vc_custom_1703001499087{margin-top: 0px !important;padding-top: 0px !important;background: #001382 url(https:\/\/panamericanlanguage.com\/wp-content\/uploads\/2023\/04\/PANAMERILANGLOGOb.png?id=7532) !important;background-position: center !important;background-repeat: no-repeat !important;background-size: contain !important;}&#8221;][vc_column css=&#8221;.vc_custom_1703001680491{margin-top: 0px !important;margin-right: 0px !important;margin-left: 0px !important;padding-top: 40px !important;padding-right: 0px !important;padding-bottom: 20px !important;padding-left: 0px !important;}&#8221; offset=&#8221;vc_hidden-lg vc_hidden-md vc_hidden-sm&#8221;][vc_single_image image=&#8221;9688&#8243; img_size=&#8221;FULL&#8221; add_caption=&#8221;yes&#8221;<\/p>\n","protected":false},"author":2,"featured_media":0,"parent":0,"menu_order":0,"comment_status":"closed","ping_status":"closed","template":"","meta":{"footnotes":""},"class_list":["post-1071","page","type-page","status-publish","hentry"],"aioseo_notices":[],"_links":{"self":[{"href":"https:\/\/panamericanlanguage.com\/es\/wp-json\/wp\/v2\/pages\/1071","targetHints":{"allow":["GET"]}}],"collection":[{"href":"https:\/\/panamericanlanguage.com\/es\/wp-json\/wp\/v2\/pages"}],"about":[{"href":"https:\/\/panamericanlanguage.com\/es\/wp-json\/wp\/v2\/types\/page"}],"author":[{"embeddable":true,"href":"https:\/\/panamericanlanguage.com\/es\/wp-json\/wp\/v2\/users\/2"}],"replies":[{"embeddable":true,"href":"https:\/\/panamericanlanguage.com\/es\/wp-json\/wp\/v2\/comments?post=1071"}],"version-history":[{"count":193,"href":"https:\/\/panamericanlanguage.com\/es\/wp-json\/wp\/v2\/pages\/1071\/revisions"}],"predecessor-version":[{"id":9728,"href":"https:\/\/panamericanlanguage.com\/es\/wp-json\/wp\/v2\/pages\/1071\/revisions\/9728"}],"wp:attachment":[{"href":"https:\/\/panamericanlanguage.com\/es\/wp-json\/wp\/v2\/media?parent=1071"}],"curies":[{"name":"wp","href":"https:\/\/api.w.org\/{rel}","templated":true}]}}