{"id":10,"date":"2012-10-17T14:16:26","date_gmt":"2012-10-17T14:16:26","guid":{"rendered":"http:\/\/panamericanlanguage.com\/es\/?page_id=10"},"modified":"2012-10-17T14:16:26","modified_gmt":"2012-10-17T14:16:26","slug":"metodologia","status":"publish","type":"page","link":"https:\/\/panamericanlanguage.com\/es\/metodologia\/","title":{"rendered":"Metodolog\u00eda"},"content":{"rendered":"<p style=\"text-align: justify;\">Nuestros cursos enfatizan el desarrollo de destrezas de comunicaci\u00f3n oral, vocabulario y dominio estructural del idioma. Esto es conocido como el M\u00c9TODO DE ENSE\u00d1ANZA INTEGRAL (Whole Language Approach). En este m\u00e9todo se le ense\u00f1a al estudiante a integrar el vocabulario y los conocimientos gramaticales a la comunicaci\u00f3n oral. De esta manera, el estudiante aprende a construir sus propias oraciones, en lugar de simplemente repetir lo que ha escuchado. Los recursos audiovisuales (Internet, youtube, Netflix, etc) se utilizan como herramienta en el sal\u00f3n de clases.<\/p>\n","protected":false},"excerpt":{"rendered":"<p>Nuestros cursos enfatizan el desarrollo de destrezas de comunicaci\u00f3n oral, vocabulario y dominio estructural del idioma. Esto es conocido como el M\u00c9TODO DE ENSE\u00d1ANZA INTEGRAL (Whole Language Approach). En este m\u00e9todo se le ense\u00f1a al estudiante a integrar el vocabulario y los conocimientos gramaticales a la comunicaci\u00f3n oral. De esta manera, el estudiante aprende a<\/p>\n","protected":false},"author":3,"featured_media":0,"parent":0,"menu_order":0,"comment_status":"open","ping_status":"open","template":"","meta":{"footnotes":""},"class_list":["post-10","page","type-page","status-publish","hentry"],"aioseo_notices":[],"_links":{"self":[{"href":"https:\/\/panamericanlanguage.com\/es\/wp-json\/wp\/v2\/pages\/10","targetHints":{"allow":["GET"]}}],"collection":[{"href":"https:\/\/panamericanlanguage.com\/es\/wp-json\/wp\/v2\/pages"}],"about":[{"href":"https:\/\/panamericanlanguage.com\/es\/wp-json\/wp\/v2\/types\/page"}],"author":[{"embeddable":true,"href":"https:\/\/panamericanlanguage.com\/es\/wp-json\/wp\/v2\/users\/3"}],"replies":[{"embeddable":true,"href":"https:\/\/panamericanlanguage.com\/es\/wp-json\/wp\/v2\/comments?post=10"}],"version-history":[{"count":0,"href":"https:\/\/panamericanlanguage.com\/es\/wp-json\/wp\/v2\/pages\/10\/revisions"}],"wp:attachment":[{"href":"https:\/\/panamericanlanguage.com\/es\/wp-json\/wp\/v2\/media?parent=10"}],"curies":[{"name":"wp","href":"https:\/\/api.w.org\/{rel}","templated":true}]}}